{"id":74147,"date":"2024-10-18T19:52:52","date_gmt":"2024-10-30T08:31:08","guid":{"rendered":"https:\/\/staging.nbg.eu\/product\/mag-release-button-kmr-black\/"},"modified":"2024-10-30T08:32:55","modified_gmt":"2024-10-30T08:32:55","slug":"mag-atbrivosanas-poga-kmr-melna","status":"publish","type":"product","link":"https:\/\/staging.nbg.eu\/lv\/product\/mag-atbrivosanas-poga-kmr-melna\/","title":{"rendered":"Mag atbrivosanas poga KMR, Melna"},"content":{"rendered":"<dl class=\"data-sheet\">\n<dt class=\"name\">Iero\u010diem KMR<\/dt>\n<dd class=\"value\">KMR L-02 EMIQ<br \/>\nKMR L-02 EMIQ (OR)<br \/>\nKMR L-02 ORCA L\u012aDZ 2023<br \/>\nKMR L-02 SPECTRA NO 2024<br \/>\nKMR L-02 SPECTRA L\u012aDZ 2023<br \/>\nKMR L-02 UMBRA NO 2024<br \/>\nKMR L-02 UMBRA L\u012aDZ 2023<br \/>\nKMR S-01 LANCE (OR)<br \/>\nKMR S-02 L\u012aDZ 2023<br \/>\nKMR W-02 CUDA NO 2024<br \/>\nKMR W-02 CUDA L\u012aDZ 2023<br \/>\nKMR W-02 UMBRA<br \/>\nKMR W-02 UMBRA (OR)<\/dd>\n<dt class=\"name\">Izv\u0113le p\u0113c iero\u010diem CZ<\/dt>\n<dd class=\"value\">CZ SHADOW 2<br \/>\nCZ SHADOW 2 (OR)<\/dd>\n<\/dl>\n","protected":false},"excerpt":{"rendered":"<p>0180-00801-0101<\/p>\n","protected":false},"featured_media":72243,"template":"","meta":{"_acf_changed":false},"product_brand":[],"product_cat":[13779],"product_tag":[],"class_list":{"0":"post-74147","1":"product","2":"type-product","3":"status-publish","4":"has-post-thumbnail","6":"product_cat-kmr-detalas","8":"first","9":"instock","10":"taxable","11":"shipping-taxable","12":"purchasable","13":"product-type-simple"},"acf":[],"_links":{"self":[{"href":"https:\/\/staging.nbg.eu\/lv\/wp-json\/wp\/v2\/product\/74147","targetHints":{"allow":["GET"]}}],"collection":[{"href":"https:\/\/staging.nbg.eu\/lv\/wp-json\/wp\/v2\/product"}],"about":[{"href":"https:\/\/staging.nbg.eu\/lv\/wp-json\/wp\/v2\/types\/product"}],"wp:featuredmedia":[{"embeddable":true,"href":"https:\/\/staging.nbg.eu\/lv\/wp-json\/wp\/v2\/media\/72243"}],"wp:attachment":[{"href":"https:\/\/staging.nbg.eu\/lv\/wp-json\/wp\/v2\/media?parent=74147"}],"wp:term":[{"taxonomy":"product_brand","embeddable":true,"href":"https:\/\/staging.nbg.eu\/lv\/wp-json\/wp\/v2\/product_brand?post=74147"},{"taxonomy":"product_cat","embeddable":true,"href":"https:\/\/staging.nbg.eu\/lv\/wp-json\/wp\/v2\/product_cat?post=74147"},{"taxonomy":"product_tag","embeddable":true,"href":"https:\/\/staging.nbg.eu\/lv\/wp-json\/wp\/v2\/product_tag?post=74147"}],"curies":[{"name":"wp","href":"https:\/\/api.w.org\/{rel}","templated":true}]}}