{"id":74101,"date":"2024-10-18T19:05:21","date_gmt":"2024-10-29T10:03:44","guid":{"rendered":"https:\/\/staging.nbg.eu\/product\/casio-prg-340t-7er\/"},"modified":"2024-10-29T10:05:25","modified_gmt":"2024-10-29T10:05:25","slug":"casio-prg-340t-7er","status":"publish","type":"product","link":"https:\/\/staging.nbg.eu\/lv\/product\/casio-prg-340t-7er\/","title":{"rendered":"Casio PRG-340T-7ER"},"content":{"rendered":"<h2>Casio PRG-340T-7ER<\/h2>\n<p>Casio PRG-340T-7ER pulkstenis ietver \u0161\u0101das funkcijas:<\/p>\n<ul>\n<li>Digit\u0101lais kompass virziena noteik\u0161anai<\/li>\n<li>Altimetrs un barometrs augstuma un spiediena m\u0113r\u012bjumiem<\/li>\n<li>Termometrs temperat\u016bras m\u0113r\u012b\u0161anai<\/li>\n<li>Divk\u0101r\u0161s LCD ekr\u0101ns<\/li>\n<li>Izgatavots no biomasas plastmasas<\/li>\n<li>Tie\u0161\u0101s funkciju pogas<\/li>\n<li>Saules ener\u0123ijas uzl\u0101de<\/li>\n<li>Apgaismojums zem\u0101 apgaismojum\u0101<\/li>\n<\/ul>\n<p>PRG-340T-7ER ir 10 b\u0101ru \u016bdens iztur\u012bba, zemas temperat\u016bras iztur\u012bba un papildu funkcijas, piem\u0113ram, pasaules laiks un saull\u0113kta\/saulrieta r\u0101d\u012bjums.<\/p>\n","protected":false},"excerpt":{"rendered":"<p>Iztur\u012bgs \u0101ra pulkstenis ar kompasu, altimetru un videi draudz\u012bgu dizainu.<\/p>\n","protected":false},"featured_media":71756,"template":"","meta":{"_acf_changed":false},"product_brand":[11203],"product_cat":[13817,13793],"product_tag":[],"class_list":{"0":"post-74101","1":"product","2":"type-product","3":"status-publish","4":"has-post-thumbnail","6":"product_brand-casio","7":"product_cat-edc","8":"product_cat-pulksteni","10":"first","11":"instock","12":"taxable","13":"shipping-taxable","14":"purchasable","15":"product-type-simple"},"acf":[],"_links":{"self":[{"href":"https:\/\/staging.nbg.eu\/lv\/wp-json\/wp\/v2\/product\/74101","targetHints":{"allow":["GET"]}}],"collection":[{"href":"https:\/\/staging.nbg.eu\/lv\/wp-json\/wp\/v2\/product"}],"about":[{"href":"https:\/\/staging.nbg.eu\/lv\/wp-json\/wp\/v2\/types\/product"}],"wp:featuredmedia":[{"embeddable":true,"href":"https:\/\/staging.nbg.eu\/lv\/wp-json\/wp\/v2\/media\/71756"}],"wp:attachment":[{"href":"https:\/\/staging.nbg.eu\/lv\/wp-json\/wp\/v2\/media?parent=74101"}],"wp:term":[{"taxonomy":"product_brand","embeddable":true,"href":"https:\/\/staging.nbg.eu\/lv\/wp-json\/wp\/v2\/product_brand?post=74101"},{"taxonomy":"product_cat","embeddable":true,"href":"https:\/\/staging.nbg.eu\/lv\/wp-json\/wp\/v2\/product_cat?post=74101"},{"taxonomy":"product_tag","embeddable":true,"href":"https:\/\/staging.nbg.eu\/lv\/wp-json\/wp\/v2\/product_tag?post=74101"}],"curies":[{"name":"wp","href":"https:\/\/api.w.org\/{rel}","templated":true}]}}