{"id":74031,"date":"2024-10-16T20:26:30","date_gmt":"2024-10-25T14:29:36","guid":{"rendered":"https:\/\/staging.nbg.eu\/product\/casio-gbdh2000-1aer\/"},"modified":"2024-10-25T14:31:09","modified_gmt":"2024-10-25T14:31:09","slug":"casio-gbdh2000-1aer","status":"publish","type":"product","link":"https:\/\/staging.nbg.eu\/lv\/product\/casio-gbdh2000-1aer\/","title":{"rendered":"Casio GBDH2000-1AER"},"content":{"rendered":"<h2>Casio GBDH2000-1AER: Fitnesa pulkstenis<\/h2>\n<p>Casio GBDH2000-1AER ir apr\u012bkots ar 6 sensoriem un GPS funkciju. \u0160is pulkstenis uzrauga j\u016bsu fizisko aktivit\u0101ti re\u0101llaik\u0101 8 da\u017e\u0101dos sporta veidos, ieskaitot skrie\u0161anu, rite\u0146brauk\u0161anu un peld\u0113\u0161anu.<\/p>\n<ul>\n<li>M\u0113ra att\u0101lumu, \u0101trumu, laiku, tempu, sirdsdarb\u012bbas \u0101trumu un sadedzin\u0101t\u0101s kalorijas<\/li>\n<li>M\u0113ra sk\u0101bek\u013ca l\u012bmeni asin\u012bs<\/li>\n<li>Divsl\u0101\u0146u korpusa dizains nodro\u0161ina \u0113rtu lieto\u0161anu<\/li>\n<li>Saules ener\u0123ijas uzl\u0101de akumulatora darb\u012bbas laika pagarin\u0101\u0161anai<\/li>\n<li>Vied\u0101s funkcijas ietver pazi\u0146ojumus un pasaules laiku 300 pils\u0113t\u0101m<\/li>\n<\/ul>\n<p>GBDH2000-1AER ir izgatavots no videi draudz\u012bgas biomasas plastmasas. \u0160is pulkstenis ir piem\u0113rots gan pieredz\u0113ju\u0161iem sportistiem, gan fitnesa entuziastiem.<\/p>\n","protected":false},"excerpt":{"rendered":"<p>GPS iesp\u0113jota sporta pulkstenis ar 6 sensoriem, kas seko l\u012bdzi 8 aktivit\u0101t\u0113m.<\/p>\n","protected":false},"featured_media":71409,"template":"","meta":{"_acf_changed":false},"product_brand":[11203],"product_cat":[13817,13793],"product_tag":[],"class_list":{"0":"post-74031","1":"product","2":"type-product","3":"status-publish","4":"has-post-thumbnail","6":"product_brand-casio","7":"product_cat-edc","8":"product_cat-pulksteni","10":"first","11":"instock","12":"taxable","13":"shipping-taxable","14":"purchasable","15":"product-type-simple"},"acf":[],"_links":{"self":[{"href":"https:\/\/staging.nbg.eu\/lv\/wp-json\/wp\/v2\/product\/74031","targetHints":{"allow":["GET"]}}],"collection":[{"href":"https:\/\/staging.nbg.eu\/lv\/wp-json\/wp\/v2\/product"}],"about":[{"href":"https:\/\/staging.nbg.eu\/lv\/wp-json\/wp\/v2\/types\/product"}],"wp:featuredmedia":[{"embeddable":true,"href":"https:\/\/staging.nbg.eu\/lv\/wp-json\/wp\/v2\/media\/71409"}],"wp:attachment":[{"href":"https:\/\/staging.nbg.eu\/lv\/wp-json\/wp\/v2\/media?parent=74031"}],"wp:term":[{"taxonomy":"product_brand","embeddable":true,"href":"https:\/\/staging.nbg.eu\/lv\/wp-json\/wp\/v2\/product_brand?post=74031"},{"taxonomy":"product_cat","embeddable":true,"href":"https:\/\/staging.nbg.eu\/lv\/wp-json\/wp\/v2\/product_cat?post=74031"},{"taxonomy":"product_tag","embeddable":true,"href":"https:\/\/staging.nbg.eu\/lv\/wp-json\/wp\/v2\/product_tag?post=74031"}],"curies":[{"name":"wp","href":"https:\/\/api.w.org\/{rel}","templated":true}]}}