{"id":74009,"date":"2024-01-30T18:02:27","date_gmt":"2024-01-30T18:02:27","guid":{"rendered":"https:\/\/staging.nbg.eu\/product\/holosun-hs403b\/"},"modified":"2024-10-25T14:26:09","modified_gmt":"2024-10-25T14:26:09","slug":"holosun-hs403b","status":"publish","type":"product","link":"https:\/\/staging.nbg.eu\/lv\/product\/holosun-hs403b\/","title":{"rendered":"Holosun HS403B"},"content":{"rendered":"<div class=\"product-description\">\n<h2>Holosun HS403B mikro sarkano punktu t\u0113meklis<\/h2>\n<p>Holosun HS403B ir kompakts 20mm mikro t\u0113meklis, kas piem\u0113rots \u0161autenes un karab\u012bnes pielietojumiem. Tam ir \u0161\u0101das \u012bpa\u0161\u012bbas:<\/p>\n<ul>\n<li>Sarkana Super LED ar 50 000 stundu baterijas darb\u012bbas laiku<\/li>\n<li>10 dienas gaismas un 2 nakts redzam\u012bbas sader\u012bgi t\u012bklojuma iestat\u012bjumi<\/li>\n<li>6061 alum\u012bnija korpuss<\/li>\n<li>Iek\u013cauts apak\u0161\u0113jais 1\/3 ko-liec\u012bbas stiprin\u0101jums (1,63&#8243;) un zems stiprin\u0101jums (0,75&#8243;)<\/li>\n<li>Shake Awake tehnolo\u0123ija baterijas darb\u012bbas laika pagarin\u0101\u0161anai<\/li>\n<li>Digit\u0101l\u0101s pogas vieglai regul\u0113\u0161anai<\/li>\n<li>Gumijas objekt\u012bva v\u0101ci\u0146i aizsardz\u012bbai<\/li>\n<li>S\u0101nos uzst\u0101d\u012bts 2032 baterijas nodal\u012bjums \u0113rtai nomai\u0146ai<\/li>\n<\/ul>\n<p>HS403B ir piem\u0113rots da\u017e\u0101da l\u012bme\u0146a \u0161\u0101v\u0113jiem. Tas ir \u016bdensiztur\u012bgs atbilsto\u0161i IP67 standartam un sp\u0113j iztur\u0113t 1000G vibr\u0101ciju.<\/p>\n<\/div>\n","protected":false},"excerpt":{"rendered":"<p>Kompakts 20mm sarkan\u0101 punkta t\u0113meklis ar 50 000 stundu baterijas darb\u012bbas laiku un daudzpus\u012bgu mont\u0101\u017eas iesp\u0113ju.<\/p>\n","protected":false},"featured_media":72267,"template":"","meta":{"_acf_changed":false},"product_brand":[11436],"product_cat":[13803,13804,13837],"product_tag":[],"class_list":{"0":"post-74009","1":"product","2":"type-product","3":"status-publish","4":"has-post-thumbnail","6":"product_brand-holosun","7":"product_cat-merkesana","8":"product_cat-sarkanpunkta-temekli","9":"product_cat-sautenes-kolimatori","11":"first","12":"instock","13":"taxable","14":"shipping-taxable","15":"purchasable","16":"product-type-simple"},"acf":[],"_links":{"self":[{"href":"https:\/\/staging.nbg.eu\/lv\/wp-json\/wp\/v2\/product\/74009","targetHints":{"allow":["GET"]}}],"collection":[{"href":"https:\/\/staging.nbg.eu\/lv\/wp-json\/wp\/v2\/product"}],"about":[{"href":"https:\/\/staging.nbg.eu\/lv\/wp-json\/wp\/v2\/types\/product"}],"wp:featuredmedia":[{"embeddable":true,"href":"https:\/\/staging.nbg.eu\/lv\/wp-json\/wp\/v2\/media\/72267"}],"wp:attachment":[{"href":"https:\/\/staging.nbg.eu\/lv\/wp-json\/wp\/v2\/media?parent=74009"}],"wp:term":[{"taxonomy":"product_brand","embeddable":true,"href":"https:\/\/staging.nbg.eu\/lv\/wp-json\/wp\/v2\/product_brand?post=74009"},{"taxonomy":"product_cat","embeddable":true,"href":"https:\/\/staging.nbg.eu\/lv\/wp-json\/wp\/v2\/product_cat?post=74009"},{"taxonomy":"product_tag","embeddable":true,"href":"https:\/\/staging.nbg.eu\/lv\/wp-json\/wp\/v2\/product_tag?post=74009"}],"curies":[{"name":"wp","href":"https:\/\/api.w.org\/{rel}","templated":true}]}}