{"id":73965,"date":"2024-10-16T20:13:36","date_gmt":"2024-10-25T10:17:21","guid":{"rendered":"https:\/\/staging.nbg.eu\/product\/casio-gbd-800uc-5er\/"},"modified":"2024-10-25T10:18:54","modified_gmt":"2024-10-25T10:18:54","slug":"casio-gbd-800uc-5er","status":"publish","type":"product","link":"https:\/\/staging.nbg.eu\/lv\/product\/casio-gbd-800uc-5er\/","title":{"rendered":"Casio GBD-800UC-5ER"},"content":{"rendered":"<div class=\"product-description\">\n<h2>Casio GBD-800UC-5ER: Fitnesa pulkstenis<\/h2>\n<p>Casio GBD-800UC-5ER apvieno stilu un funkcionalit\u0101ti. \u0160im pulkstenim ir iztur\u012bgs sve\u0137u korpuss un siksni\u0146a, kas piem\u0113rots akt\u012bvam dz\u012bvesveidam.<\/p>\n<ul>\n<li>Izm\u0113ri: 54,1 \u00d7 48,6 \u00d7 15,5 mm, svars: 59g<\/li>\n<li>Triecieniztur\u012bga konstrukcija<\/li>\n<li>\u016adensiztur\u012bba l\u012bdz 200 metriem<\/li>\n<li>3 gadu baterijas darb\u012bbas laiks ar CR2025<\/li>\n<li>So\u013cu skait\u012bt\u0101js ar 3 asu pa\u0101trin\u0101juma sensoru<\/li>\n<li>So\u013cu m\u0113r\u0137a progresa att\u0113lojums un 7 stundu so\u013cu skaita grafiks<\/li>\n<li>Ener\u0123ijas taup\u012b\u0161anas funkcija<\/li>\n<\/ul>\n<p>Sekojiet l\u012bdzi savam fitnesa progresam. GBD-800UC-5ER ir piem\u0113rots ikdienas lieto\u0161anai.<\/p>\n<\/div>\n","protected":false},"excerpt":{"rendered":"<p>Iztur\u012bgs G-Shock pulkstenis ar so\u013cu skait\u012bt\u0101ju, \u016bdensiztur\u012bgs l\u012bdz 200 m, 3 gadu baterijas darb\u012bbas laiks.<\/p>\n","protected":false},"featured_media":71245,"template":"","meta":{"_acf_changed":false},"product_brand":[11203],"product_cat":[13817,13793],"product_tag":[],"class_list":{"0":"post-73965","1":"product","2":"type-product","3":"status-publish","4":"has-post-thumbnail","6":"product_brand-casio","7":"product_cat-edc","8":"product_cat-pulksteni","10":"first","11":"instock","12":"taxable","13":"shipping-taxable","14":"purchasable","15":"product-type-simple"},"acf":[],"_links":{"self":[{"href":"https:\/\/staging.nbg.eu\/lv\/wp-json\/wp\/v2\/product\/73965","targetHints":{"allow":["GET"]}}],"collection":[{"href":"https:\/\/staging.nbg.eu\/lv\/wp-json\/wp\/v2\/product"}],"about":[{"href":"https:\/\/staging.nbg.eu\/lv\/wp-json\/wp\/v2\/types\/product"}],"wp:featuredmedia":[{"embeddable":true,"href":"https:\/\/staging.nbg.eu\/lv\/wp-json\/wp\/v2\/media\/71245"}],"wp:attachment":[{"href":"https:\/\/staging.nbg.eu\/lv\/wp-json\/wp\/v2\/media?parent=73965"}],"wp:term":[{"taxonomy":"product_brand","embeddable":true,"href":"https:\/\/staging.nbg.eu\/lv\/wp-json\/wp\/v2\/product_brand?post=73965"},{"taxonomy":"product_cat","embeddable":true,"href":"https:\/\/staging.nbg.eu\/lv\/wp-json\/wp\/v2\/product_cat?post=73965"},{"taxonomy":"product_tag","embeddable":true,"href":"https:\/\/staging.nbg.eu\/lv\/wp-json\/wp\/v2\/product_tag?post=73965"}],"curies":[{"name":"wp","href":"https:\/\/api.w.org\/{rel}","templated":true}]}}