{"id":73943,"date":"2024-08-16T18:08:29","date_gmt":"2024-08-16T18:08:29","guid":{"rendered":"https:\/\/staging.nbg.eu\/product\/calypso-mini-mini-applied-ballistics-compatible\/"},"modified":"2024-10-25T07:34:53","modified_gmt":"2024-10-25T07:34:53","slug":"calypso-mini-mini-saderigs-ar-applied-ballistics","status":"publish","type":"product","link":"https:\/\/staging.nbg.eu\/lv\/product\/calypso-mini-mini-saderigs-ar-applied-ballistics\/","title":{"rendered":"Calypso Mini &#8211; Mini Saderigs ar Applied Ballistics"},"content":{"rendered":"<h2>Calypso Mini &#8211; Mini Applied Ballistics sader\u012bgs<\/h2>\n<p>Calypso Mini ir kompakts ultraska\u0146as anemometrs un v\u0113ja r\u0101d\u012bt\u0101js. \u0160\u012b ier\u012bce, kuras diametrs ir tikai 43mm, pied\u0101v\u0101 uzlabotas funkcijas un iztur\u012bgu dizainu.<\/p>\n<h3>Galven\u0101s iez\u012bmes:<\/h3>\n<ul>\n<li>Ultraska\u0146as sensori v\u0113ja \u0101truma un virziena m\u0113r\u012bjumiem<\/li>\n<li>Bluetooth 5.1 savienojam\u012bba ar l\u012bdz 30m diapazonu<\/li>\n<li>Bezvadu QI uzl\u0101de ar 150 stundu akumulatora darb\u012bbas laiku<\/li>\n<li>IPX8 \u016bdens iztur\u012bbas nov\u0113rt\u0113jums<\/li>\n<li>Sader\u012bgs ar Android, iOS un Garmin ier\u012bc\u0113m<\/li>\n<li>1\/4&#8243; sievie\u0161u v\u012btne vieglai stiprin\u0101\u0161anai uz stat\u012bva<\/li>\n<li>Viegls, tikai 78 grami<\/li>\n<\/ul>\n<p>Calypso Mini nodro\u0161ina v\u0113ja m\u0113r\u012bjumus ar \u0101truma diapazonu no 0,5 l\u012bdz 25 m\/s un virziena precizit\u0101ti \u00b11\u00b0. T\u0101 iztur\u012bgais dizains bez kust\u012bg\u0101m da\u013c\u0101m nodro\u0161ina uzticam\u012bbu da\u017e\u0101dos apst\u0101k\u013cos. Savienojiet to ar bezmaksas Anemotracker lietotni datu re\u0123istr\u0113\u0161anai un re\u0101llaika v\u0113ja inform\u0101cijai.<\/p>\n<p>Calypso Mini ir kompakts v\u0113ja m\u0113r\u012b\u0161anas risin\u0101jums j\u016brniec\u012bbas entuziastiem, \u0101ra piedz\u012bvojumu cien\u012bt\u0101jiem vai profesion\u0101liem meteorologiem.<\/p>\n","protected":false},"excerpt":{"rendered":"<p>Kompakts ultraska\u0146as anemometrs ar Bluetooth prec\u012bzu v\u0113ja datu ieg\u016b\u0161anai.<\/p>\n","protected":false},"featured_media":23274,"template":"","meta":{"_acf_changed":false},"product_brand":[11179],"product_cat":[13830,13769,13843],"product_tag":[],"class_list":{"0":"post-73943","1":"product","2":"type-product","3":"status-publish","4":"has-post-thumbnail","6":"product_brand-calypso","7":"product_cat-instrumenti","8":"product_cat-laikapstaklu-meritaji","9":"product_cat-nekategorizets","11":"first","12":"instock","13":"taxable","14":"shipping-taxable","15":"purchasable","16":"product-type-simple"},"acf":[],"_links":{"self":[{"href":"https:\/\/staging.nbg.eu\/lv\/wp-json\/wp\/v2\/product\/73943","targetHints":{"allow":["GET"]}}],"collection":[{"href":"https:\/\/staging.nbg.eu\/lv\/wp-json\/wp\/v2\/product"}],"about":[{"href":"https:\/\/staging.nbg.eu\/lv\/wp-json\/wp\/v2\/types\/product"}],"wp:featuredmedia":[{"embeddable":true,"href":"https:\/\/staging.nbg.eu\/lv\/wp-json\/wp\/v2\/media\/23274"}],"wp:attachment":[{"href":"https:\/\/staging.nbg.eu\/lv\/wp-json\/wp\/v2\/media?parent=73943"}],"wp:term":[{"taxonomy":"product_brand","embeddable":true,"href":"https:\/\/staging.nbg.eu\/lv\/wp-json\/wp\/v2\/product_brand?post=73943"},{"taxonomy":"product_cat","embeddable":true,"href":"https:\/\/staging.nbg.eu\/lv\/wp-json\/wp\/v2\/product_cat?post=73943"},{"taxonomy":"product_tag","embeddable":true,"href":"https:\/\/staging.nbg.eu\/lv\/wp-json\/wp\/v2\/product_tag?post=73943"}],"curies":[{"name":"wp","href":"https:\/\/api.w.org\/{rel}","templated":true}]}}