{"id":73712,"date":"2024-10-16T19:57:17","date_gmt":"2024-10-21T08:17:38","guid":{"rendered":"https:\/\/staging.nbg.eu\/product\/casio-gbd-800-1ber\/"},"modified":"2024-10-21T08:19:33","modified_gmt":"2024-10-21T08:19:33","slug":"casio-gbd-800-1ber","status":"publish","type":"product","link":"https:\/\/staging.nbg.eu\/lv\/product\/casio-gbd-800-1ber\/","title":{"rendered":"Casio GBD-800-1BER"},"content":{"rendered":"<h2>Casio GBD-800-1BER G-SQUAD sporta pulkstenis<\/h2>\n<p>Casio GBD-800-1BER ir G-SQUAD sporta pulkstenis, kas paredz\u0113ts gan sportistiem, gan ikdienas lieto\u0161anai. \u0160im melnam pulkstenim ir \u0161\u0101das funkcijas:<\/p>\n<ul>\n<li>Vair\u0101ksegmentu digit\u0101lais displejs lab\u0101kai nolas\u0101m\u012bbai<\/li>\n<li>Bluetooth savienojam\u012bba ar CASIO WATCHES lietotni<\/li>\n<li>3-asu akselerometrs so\u013cu skait\u012b\u0161anai<\/li>\n<li>Multi-taimeris ar l\u012bdz 20 taimeru kombin\u0101cij\u0101m<\/li>\n<li>200 ap\u013cu atmi\u0146a treni\u0146u izseko\u0161anai<\/li>\n<li>Autom\u0101tiskais LED apgaismojums slikt\u0101 apgaismojum\u0101<\/li>\n<li>\u0112rta valk\u0101\u0161ana ar regul\u0113jamu siksni\u0146u un aizmugures sp\u0101rniem<\/li>\n<\/ul>\n<p>GBD-800-1BER ir piem\u0113rots akt\u012bvam dz\u012bvesveidam. \u0160is G-SHOCK pulkstenis pal\u012bdz sekot l\u012bdzi fitnesa m\u0113r\u0137iem gan sporta z\u0101l\u0113, gan \u0101rpus t\u0101s.<\/p>\n","protected":false},"excerpt":{"rendered":"<p>Elegants G-SHOCK sporta pulkstenis ar so\u013cu skait\u012bt\u0101ju un savienojam\u012bbu ar viedt\u0101lru\u0146a lietotni.<\/p>\n","protected":false},"featured_media":100955,"template":"","meta":{"_acf_changed":false},"product_brand":[11203],"product_cat":[13817,13793],"product_tag":[],"class_list":{"0":"post-73712","1":"product","2":"type-product","3":"status-publish","4":"has-post-thumbnail","6":"product_brand-casio","7":"product_cat-edc","8":"product_cat-pulksteni","10":"first","11":"instock","12":"taxable","13":"shipping-taxable","14":"purchasable","15":"product-type-simple"},"acf":[],"_links":{"self":[{"href":"https:\/\/staging.nbg.eu\/lv\/wp-json\/wp\/v2\/product\/73712","targetHints":{"allow":["GET"]}}],"collection":[{"href":"https:\/\/staging.nbg.eu\/lv\/wp-json\/wp\/v2\/product"}],"about":[{"href":"https:\/\/staging.nbg.eu\/lv\/wp-json\/wp\/v2\/types\/product"}],"wp:featuredmedia":[{"embeddable":true,"href":"https:\/\/staging.nbg.eu\/lv\/wp-json\/wp\/v2\/media\/100955"}],"wp:attachment":[{"href":"https:\/\/staging.nbg.eu\/lv\/wp-json\/wp\/v2\/media?parent=73712"}],"wp:term":[{"taxonomy":"product_brand","embeddable":true,"href":"https:\/\/staging.nbg.eu\/lv\/wp-json\/wp\/v2\/product_brand?post=73712"},{"taxonomy":"product_cat","embeddable":true,"href":"https:\/\/staging.nbg.eu\/lv\/wp-json\/wp\/v2\/product_cat?post=73712"},{"taxonomy":"product_tag","embeddable":true,"href":"https:\/\/staging.nbg.eu\/lv\/wp-json\/wp\/v2\/product_tag?post=73712"}],"curies":[{"name":"wp","href":"https:\/\/api.w.org\/{rel}","templated":true}]}}