{"id":71026,"date":"2024-01-21T15:18:33","date_gmt":"2024-01-21T15:18:33","guid":{"rendered":"https:\/\/staging.nbg.eu\/product\/surefire-123a-batteries\/"},"modified":"2025-02-04T10:27:36","modified_gmt":"2025-02-04T10:27:36","slug":"surefire-123a-baterijas","status":"publish","type":"product","link":"https:\/\/staging.nbg.eu\/lv\/product\/surefire-123a-baterijas\/","title":{"rendered":"SureFire 123A BATERIJAS"},"content":{"rendered":"<div class=\"product-description\">\n<h2>SureFire SF72-BB (123A baterijas)<\/h2>\n<p>SureFire 123A litija baterijas. Sal\u012bdzin\u0101jum\u0101 ar s\u0101rma baterij\u0101m, \u0161\u012bm kompaktaj\u0101m baterij\u0101m ir:<\/p>\n<ul>\n<li>10 gadu uzglab\u0101\u0161anas laiks<\/li>\n<li>3V spriegums un 1,550 mAh ietilp\u012bba<\/li>\n<li>Vieglas, tikai 17 grami<\/li>\n<li>Optimiz\u0113tas SureFire luktur\u012b\u0161iem<\/li>\n<\/ul>\n<p>SureFire baterijas ir gatavas lieto\u0161anai, kad t\u0101s nepiecie\u0161amas. T\u0101s ir piem\u0113rotas da\u017e\u0101diem pielietojumiem.<\/p>\n<\/div>\n","protected":false},"excerpt":{"rendered":"<p>Augstas veiktsp\u0113jas 123A litija baterija. 10 gadu uzglab\u0101\u0161anas laiks, 3V, 1550mAh.<\/p>\n","protected":false},"featured_media":71027,"template":"","meta":{"_acf_changed":false},"product_brand":[11865],"product_cat":[13766,13817,13786,13818],"product_tag":[],"class_list":{"0":"post-71026","1":"product","2":"type-product","3":"status-publish","4":"has-post-thumbnail","6":"product_brand-surefire","7":"product_cat-baterijas","8":"product_cat-edc","9":"product_cat-edc-lukturi","10":"product_cat-lukturi","12":"first","13":"instock","14":"taxable","15":"shipping-taxable","16":"purchasable","17":"product-type-simple"},"acf":[],"_links":{"self":[{"href":"https:\/\/staging.nbg.eu\/lv\/wp-json\/wp\/v2\/product\/71026","targetHints":{"allow":["GET"]}}],"collection":[{"href":"https:\/\/staging.nbg.eu\/lv\/wp-json\/wp\/v2\/product"}],"about":[{"href":"https:\/\/staging.nbg.eu\/lv\/wp-json\/wp\/v2\/types\/product"}],"wp:featuredmedia":[{"embeddable":true,"href":"https:\/\/staging.nbg.eu\/lv\/wp-json\/wp\/v2\/media\/71027"}],"wp:attachment":[{"href":"https:\/\/staging.nbg.eu\/lv\/wp-json\/wp\/v2\/media?parent=71026"}],"wp:term":[{"taxonomy":"product_brand","embeddable":true,"href":"https:\/\/staging.nbg.eu\/lv\/wp-json\/wp\/v2\/product_brand?post=71026"},{"taxonomy":"product_cat","embeddable":true,"href":"https:\/\/staging.nbg.eu\/lv\/wp-json\/wp\/v2\/product_cat?post=71026"},{"taxonomy":"product_tag","embeddable":true,"href":"https:\/\/staging.nbg.eu\/lv\/wp-json\/wp\/v2\/product_tag?post=71026"}],"curies":[{"name":"wp","href":"https:\/\/api.w.org\/{rel}","templated":true}]}}