{"id":68597,"date":"2023-11-29T09:17:17","date_gmt":"2024-09-20T12:32:40","guid":{"rendered":"https:\/\/staging.nbg.eu\/product\/geissele-super-duty-mod1-11-5-5-56mm-black\/"},"modified":"2024-09-27T10:10:39","modified_gmt":"2024-09-27T10:10:39","slug":"geissele-super-duty-115-collas-556mm-melns","status":"publish","type":"product","link":"https:\/\/staging.nbg.eu\/lv\/product\/geissele-super-duty-115-collas-556mm-melns\/","title":{"rendered":"Geissele Super Duty 11.5 collas 5.56MM melns"},"content":{"rendered":"<h2>Geissele Super Duty &#8211; 11.5&#8243; 5.56MM<\/h2>\n<p>Geissele Super Duty 11.5&#8243; \u0161autene 5.56 NATO kalibr\u0101.<\/p>\n<h2>Galven\u0101s iez\u012bmes:<\/h2>\n<ul>\n<li>11.5&#8243; auksti kalts, ar hromu p\u0101rkl\u0101ts stobrs (1:7&#8243; v\u012btne)<\/li>\n<li>Izgatavots Geissele r\u016bpn\u012bc\u0101 Zieme\u013cvels\u0101, Pensilv\u0101nij\u0101<\/li>\n<li>Karb\u012bna garuma g\u0101zes sist\u0113ma ar kompaktu g\u0101zes bloku<\/li>\n<li>10.5&#8243; SMR MK11.5 modul\u0101r\u0101 sliede ar M-LOK sader\u012bbu<\/li>\n<li>7075-T6 alum\u012bnija apak\u0161\u0113jais uztv\u0113r\u0113js ar Ultra Duty deta\u013cu komplektu<\/li>\n<li>Abpus\u0113js konfigur\u0113jams dro\u0161in\u0101t\u0101js<\/li>\n<li>Super-42 atsitiena atspere un H3 buferis<\/li>\n<\/ul>\n<h2>Specifik\u0101cijas:<\/h2>\n<ul>\n<li>Kalibrs: 5.56 NATO<\/li>\n<li>Stobrs: Geissele auksti kalts, ar hromu p\u0101rkl\u0101ts, 1\/7 v\u012btne<\/li>\n<li>Uztv\u0113r\u0113ji: Kalts 7075-T6, cietais anod\u0113ts III tips<\/li>\n<li>Aizsl\u0113ga nes\u0113js: REBCG (uzlabots aizsl\u0113ga nes\u0113js)<\/li>\n<li>Spr\u016bds: SSA-X ar Lightning Bow<\/li>\n<li>Stobra uzgalis: Geissele Sparkout liesmas sl\u0101p\u0113t\u0101js<\/li>\n<li>Uzvilc\u0113jrokturis: Airborne<\/li>\n<li>Kr\u0101sa: DDC (Tuksne\u0161a putek\u013cu kr\u0101sa)*<\/li>\n<\/ul>\n<p><em>*Piez\u012bme: DDC anod\u0113\u0161anas tonis var at\u0161\u0137irties<\/em><\/p>\n<p>Geissele Super Duty \u0161autene ir kompakta un augstas veiktsp\u0113jas ierocis.<\/p>\n","protected":false},"excerpt":{"rendered":"<p>Geissele Super Duty: 11,5 collu 5,56 mm, uzlabota tehnolo\u0123ija, prec\u012bzi izgatavots.<\/p>\n","protected":false},"featured_media":191169,"template":"","meta":{"_acf_changed":false},"product_brand":[11383],"product_cat":[13827],"product_tag":[],"class_list":{"0":"post-68597","1":"product","2":"type-product","3":"status-publish","4":"has-post-thumbnail","6":"product_brand-geissele","7":"product_cat-sautene","9":"first","10":"instock","11":"taxable","12":"shipping-taxable","13":"product-type-simple"},"acf":[],"_links":{"self":[{"href":"https:\/\/staging.nbg.eu\/lv\/wp-json\/wp\/v2\/product\/68597","targetHints":{"allow":["GET"]}}],"collection":[{"href":"https:\/\/staging.nbg.eu\/lv\/wp-json\/wp\/v2\/product"}],"about":[{"href":"https:\/\/staging.nbg.eu\/lv\/wp-json\/wp\/v2\/types\/product"}],"wp:featuredmedia":[{"embeddable":true,"href":"https:\/\/staging.nbg.eu\/lv\/wp-json\/wp\/v2\/media\/191169"}],"wp:attachment":[{"href":"https:\/\/staging.nbg.eu\/lv\/wp-json\/wp\/v2\/media?parent=68597"}],"wp:term":[{"taxonomy":"product_brand","embeddable":true,"href":"https:\/\/staging.nbg.eu\/lv\/wp-json\/wp\/v2\/product_brand?post=68597"},{"taxonomy":"product_cat","embeddable":true,"href":"https:\/\/staging.nbg.eu\/lv\/wp-json\/wp\/v2\/product_cat?post=68597"},{"taxonomy":"product_tag","embeddable":true,"href":"https:\/\/staging.nbg.eu\/lv\/wp-json\/wp\/v2\/product_tag?post=68597"}],"curies":[{"name":"wp","href":"https:\/\/api.w.org\/{rel}","templated":true}]}}