{"id":68351,"date":"2023-12-10T10:23:45","date_gmt":"2023-12-10T10:23:45","guid":{"rendered":"https:\/\/staging.nbg.eu\/product\/alg-defense-el-jefe-16-5-56mm-black\/"},"modified":"2025-02-07T08:22:56","modified_gmt":"2025-02-07T08:22:56","slug":"alg-defense-el-jefe-16-collas-556mm-melns","status":"publish","type":"product","link":"https:\/\/staging.nbg.eu\/lv\/product\/alg-defense-el-jefe-16-collas-556mm-melns\/","title":{"rendered":"ALG Defense El Jefe 16 collas 5.56MM melns"},"content":{"rendered":"<h2>ALG Defense El Jefe, 16&#8243;, 5,56MM &#8211; Melns<\/h2>\n<p>ALG Defense El Jefe \u0161autene ir Mil-Spec klases \u0161autene par pieejamu cenu. \u0160\u012b piln\u0101 \u0161aute\u0146u sist\u0113ma n\u0101k ar siksnu un Warner &amp; Swasey sarkano punkta t\u0113mekli.<\/p>\n<h2>Galven\u0101s iez\u012bmes:<\/h2>\n<ul>\n<li>7075 alum\u012bnija stie\u0146u uztv\u0113r\u0113ji, kalti un CNC apstr\u0101d\u0101ti<\/li>\n<li>Mil-Spec Type 3 anod\u0113ts p\u0101rkl\u0101jums meln\u0101 mat\u0113t\u0101 kr\u0101s\u0101<\/li>\n<li>ALG V3X rokturis ar M-LOK slotiem<\/li>\n<li>B5 Systems SOPMOD laide<\/li>\n<li>Geissele Super 42 p\u012bta stieples bufera atspere un H1 buferis<\/li>\n<li>Mil-Spec bultskr\u016bves nes\u0113js ar cietu hroma p\u0101rkl\u0101jumu<\/li>\n<li>ALG Defense Advanced Combat Trigger (ACT)<\/li>\n<li>Pogveida rievota, ar hromu p\u0101rkl\u0101ta stobra ar 5,56 NATO kameru<\/li>\n<li>Geissele g\u0101zes bloks un pagarin\u0101ta vid\u0113ja garuma g\u0101zes caurule<\/li>\n<li>Iek\u013cauta M4 karb\u012bna Mil-Spec t\u012bkla siksna un QD \u0161arn\u012bri<\/li>\n<li>Warner and Swasey 3 MOA sarkan\u0101 punkta t\u0113meklis ar ieb\u016bv\u0113tiem rezerves dzelzs t\u0113mek\u013ciem<\/li>\n<\/ul>\n<p>El Jefe apvieno augstas kvalit\u0101tes komponentus un izgatavo\u0161anu, lai nodro\u0161in\u0101tu uzticamu, prec\u012bzu un iztur\u012bgu \u0161auteni, kas piem\u0113rota sporta \u0161au\u0161anai, ties\u012bbsarg\u0101jo\u0161\u0101m iest\u0101d\u0113m un m\u0101jas aizsardz\u012bbai.<\/p>\n","protected":false},"excerpt":{"rendered":"<p>ALG Defense El Jefe: Augstas kvalit\u0101tes 5,56 mm AR-15 ar izcil\u0101m funkcij\u0101m.<\/p>\n","protected":false},"featured_media":68352,"template":"","meta":{"_acf_changed":false},"product_brand":[11383],"product_cat":[13827],"product_tag":[],"class_list":{"0":"post-68351","1":"product","2":"type-product","3":"status-publish","4":"has-post-thumbnail","6":"product_brand-geissele","7":"product_cat-sautene","9":"first","10":"instock","11":"taxable","12":"shipping-taxable","13":"product-type-simple"},"acf":[],"_links":{"self":[{"href":"https:\/\/staging.nbg.eu\/lv\/wp-json\/wp\/v2\/product\/68351","targetHints":{"allow":["GET"]}}],"collection":[{"href":"https:\/\/staging.nbg.eu\/lv\/wp-json\/wp\/v2\/product"}],"about":[{"href":"https:\/\/staging.nbg.eu\/lv\/wp-json\/wp\/v2\/types\/product"}],"wp:featuredmedia":[{"embeddable":true,"href":"https:\/\/staging.nbg.eu\/lv\/wp-json\/wp\/v2\/media\/68352"}],"wp:attachment":[{"href":"https:\/\/staging.nbg.eu\/lv\/wp-json\/wp\/v2\/media?parent=68351"}],"wp:term":[{"taxonomy":"product_brand","embeddable":true,"href":"https:\/\/staging.nbg.eu\/lv\/wp-json\/wp\/v2\/product_brand?post=68351"},{"taxonomy":"product_cat","embeddable":true,"href":"https:\/\/staging.nbg.eu\/lv\/wp-json\/wp\/v2\/product_cat?post=68351"},{"taxonomy":"product_tag","embeddable":true,"href":"https:\/\/staging.nbg.eu\/lv\/wp-json\/wp\/v2\/product_tag?post=68351"}],"curies":[{"name":"wp","href":"https:\/\/api.w.org\/{rel}","templated":true}]}}