{"id":67867,"date":"2024-01-13T10:41:33","date_gmt":"2024-09-20T12:17:44","guid":{"rendered":"https:\/\/staging.nbg.eu\/product\/surefire-m340dft-pro\/"},"modified":"2024-09-20T12:18:40","modified_gmt":"2024-09-20T12:18:40","slug":"surefire-m340dft-pro","status":"publish","type":"product","link":"https:\/\/staging.nbg.eu\/lv\/product\/surefire-m340dft-pro\/","title":{"rendered":"SureFire M340DFT-PRO"},"content":{"rendered":"<div class=\"product-description\">\n<h2>SureFire M340DFT-PRO Turbo Mini Scout Light Pro<\/h2>\n<p>M340DFT-PRO iek\u013cauj:<\/p>\n<ul>\n<li>95 000 kandelu maksim\u0101l\u0101 stara intensit\u0101te ar iek\u013cauto SF18350 akumulatoru<\/li>\n<li>Turbo stara veids t\u0101lu m\u0113r\u0137u identific\u0113\u0161anai<\/li>\n<li>Zema profila stiprin\u0101jums pozicion\u0113\u0161anai<\/li>\n<li>Du\u0101l\u0101 baro\u0161ana: SF18350 uzl\u0101d\u0113jamais vai 123A litija prim\u0101rais akumulators<\/li>\n<li>Iztur\u012bba un t\u0101lvad\u012bbas sl\u0113d\u017eu opcijas<\/li>\n<\/ul>\n<p>M340DFT-PRO reflektors nodro\u0161ina koncentr\u0113tu staru, piem\u0113rotu lieto\u0161anai liel\u0101 att\u0101lum\u0101. Izgatavots no avi\u0101cijas alum\u012bnija ar cietu anod\u0113tu p\u0101rkl\u0101jumu atbilsto\u0161i milit\u0101rajiem standartiem, \u0161is ierocim paredz\u0113tais lukturis ir iztur\u012bgs pret sare\u017e\u0123\u012btiem apst\u0101k\u013ciem.<\/p>\n<\/div>\n","protected":false},"excerpt":{"rendered":"<p>Kompakts, jaud\u012bgs iero\u010du lukturis ar 95 000 kandelu maksim\u0101lo stara intensit\u0101ti.<\/p>\n","protected":false},"featured_media":67868,"template":"","meta":{"_acf_changed":false},"product_brand":[11865],"product_cat":[13818,13827,13778],"product_tag":[],"class_list":{"0":"post-67867","1":"product","2":"type-product","3":"status-publish","4":"has-post-thumbnail","6":"product_brand-surefire","7":"product_cat-lukturi","8":"product_cat-sautene","9":"product_cat-sautenes-lukturi","11":"first","12":"instock","13":"taxable","14":"shipping-taxable","15":"purchasable","16":"product-type-variable","17":"wvs-archive-product-wrapper"},"acf":[],"_links":{"self":[{"href":"https:\/\/staging.nbg.eu\/lv\/wp-json\/wp\/v2\/product\/67867","targetHints":{"allow":["GET"]}}],"collection":[{"href":"https:\/\/staging.nbg.eu\/lv\/wp-json\/wp\/v2\/product"}],"about":[{"href":"https:\/\/staging.nbg.eu\/lv\/wp-json\/wp\/v2\/types\/product"}],"wp:featuredmedia":[{"embeddable":true,"href":"https:\/\/staging.nbg.eu\/lv\/wp-json\/wp\/v2\/media\/67868"}],"wp:attachment":[{"href":"https:\/\/staging.nbg.eu\/lv\/wp-json\/wp\/v2\/media?parent=67867"}],"wp:term":[{"taxonomy":"product_brand","embeddable":true,"href":"https:\/\/staging.nbg.eu\/lv\/wp-json\/wp\/v2\/product_brand?post=67867"},{"taxonomy":"product_cat","embeddable":true,"href":"https:\/\/staging.nbg.eu\/lv\/wp-json\/wp\/v2\/product_cat?post=67867"},{"taxonomy":"product_tag","embeddable":true,"href":"https:\/\/staging.nbg.eu\/lv\/wp-json\/wp\/v2\/product_tag?post=67867"}],"curies":[{"name":"wp","href":"https:\/\/api.w.org\/{rel}","templated":true}]}}