{"id":67614,"date":"2024-01-13T11:48:33","date_gmt":"2024-01-13T11:48:33","guid":{"rendered":"https:\/\/staging.nbg.eu\/product\/surefire-m340v-pro\/"},"modified":"2024-09-20T12:16:11","modified_gmt":"2024-09-20T12:16:11","slug":"surefire-m340v-pro","status":"publish","type":"product","link":"https:\/\/staging.nbg.eu\/lv\/product\/surefire-m340v-pro\/","title":{"rendered":"SureFire M340V-PRO"},"content":{"rendered":"<div class=\"product-description\">\n<h2>Mini Scout Light Pro infrasarkanais<\/h2>\n<p>Vienas \u0161\u016bnas Scout Light Pro. \u0160is apgaismojuma r\u012bks pied\u0101v\u0101:<\/p>\n<ul>\n<li>250 l\u016bmenu baltas gaismas un 100 mW infrasarkan\u0101s gaismas izvade<\/li>\n<li>Hibr\u012bda stara modelis vid\u0113ja l\u012bdz t\u0101la diapazona identifik\u0101cijai un situ\u0101cijas apzin\u0101\u0161anai<\/li>\n<li>Jauns zema profila stiprin\u0101jums optim\u0101lai pozicion\u0113\u0161anai un piederumu sader\u012bbai<\/li>\n<li>Viegla re\u017e\u012bmu p\u0101rsl\u0113g\u0161ana starp balto gaismu, atsp\u0113jo\u0161anu un infrasarkano<\/li>\n<li>Izgatavots no avi\u0101cijas alum\u012bnija ar milit\u0101ro specifik\u0101ciju cieto anod\u0113\u0161anu<\/li>\n<li>Darbojas ar vienu 123A litija bateriju<\/li>\n<li>Sader\u012bgs ar MIL-STD-1913 un M-LOK slied\u0113m<\/li>\n<\/ul>\n<p>Iztur\u012bgs pret kaujas apst\u0101k\u013ciem, \u0161is kompaktais r\u012bks ir piem\u0113rots lieto\u0161anai v\u0101ja apgaismojuma apst\u0101k\u013cos.<\/p>\n<\/div>\n","protected":false},"excerpt":{"rendered":"<p>Kompakts taktiskais lukturis ar 250 l\u016bmenu balto un 100 mW infrasarkano gaismas izstaro\u0161anu.<\/p>\n","protected":false},"featured_media":67615,"template":"","meta":{"_acf_changed":false},"product_brand":[11865],"product_cat":[13818,13827,13778],"product_tag":[],"class_list":{"0":"post-67614","1":"product","2":"type-product","3":"status-publish","4":"has-post-thumbnail","6":"product_brand-surefire","7":"product_cat-lukturi","8":"product_cat-sautene","9":"product_cat-sautenes-lukturi","11":"first","12":"instock","13":"taxable","14":"shipping-taxable","15":"purchasable","16":"product-type-simple"},"acf":[],"_links":{"self":[{"href":"https:\/\/staging.nbg.eu\/lv\/wp-json\/wp\/v2\/product\/67614","targetHints":{"allow":["GET"]}}],"collection":[{"href":"https:\/\/staging.nbg.eu\/lv\/wp-json\/wp\/v2\/product"}],"about":[{"href":"https:\/\/staging.nbg.eu\/lv\/wp-json\/wp\/v2\/types\/product"}],"wp:featuredmedia":[{"embeddable":true,"href":"https:\/\/staging.nbg.eu\/lv\/wp-json\/wp\/v2\/media\/67615"}],"wp:attachment":[{"href":"https:\/\/staging.nbg.eu\/lv\/wp-json\/wp\/v2\/media?parent=67614"}],"wp:term":[{"taxonomy":"product_brand","embeddable":true,"href":"https:\/\/staging.nbg.eu\/lv\/wp-json\/wp\/v2\/product_brand?post=67614"},{"taxonomy":"product_cat","embeddable":true,"href":"https:\/\/staging.nbg.eu\/lv\/wp-json\/wp\/v2\/product_cat?post=67614"},{"taxonomy":"product_tag","embeddable":true,"href":"https:\/\/staging.nbg.eu\/lv\/wp-json\/wp\/v2\/product_tag?post=67614"}],"curies":[{"name":"wp","href":"https:\/\/api.w.org\/{rel}","templated":true}]}}