{"id":67469,"date":"2024-01-13T12:03:58","date_gmt":"2024-09-20T12:07:54","guid":{"rendered":"https:\/\/staging.nbg.eu\/product\/surefire-ds00\/"},"modified":"2024-09-20T12:08:48","modified_gmt":"2024-09-20T12:08:48","slug":"surefire-ds00","status":"publish","type":"product","link":"https:\/\/staging.nbg.eu\/lv\/product\/surefire-ds00\/","title":{"rendered":"SureFire DS00"},"content":{"rendered":"<p>\nSureFire DS00 ir \u016bdensiztur\u012bgs sl\u0113d\u017ea mezgls, kas paredz\u0113ts vairumam Scout Light\u00ae iero\u010du luktur\u012b\u0161u. Funkcijas:<\/p>\n<ul>\n<li>Neatkar\u012bga integr\u0113t\u0101 un att\u0101lin\u0101t\u0101 sl\u0113d\u017ea darb\u012bba<\/li>\n<li>Sader\u012bba ar da\u017e\u0101diem SureFire att\u0101lin\u0101tajiem lentes sl\u0113d\u017eiem<\/li>\n<li>Iesl\u0113g\u0161anas\/izsl\u0113g\u0161anas spiedpoga<\/li>\n<li>Sist\u0113mas atsp\u0113jo\u0161anas funkcija<\/li>\n<li>Sl\u0113d\u017eu dubl\u0113\u0161ana uzticam\u012bbai<\/li>\n<\/ul>\n<p>Uzlabojiet sava iero\u010da luktur\u012b\u0161a funkcionalit\u0101ti ar DS00 (Nav sader\u012bgs ar Micro Scout Light Pro).<\/p>\n","protected":false},"excerpt":{"rendered":"<p>Daudzpus\u012bgs sl\u0113dzis SureFire WeaponLights ar diviem darb\u012bbas re\u017e\u012bmiem.<\/p>\n","protected":false},"featured_media":67470,"template":"","meta":{"_acf_changed":false},"product_brand":[11865],"product_cat":[13842,13818,13827],"product_tag":[],"class_list":{"0":"post-67469","1":"product","2":"type-product","3":"status-publish","4":"has-post-thumbnail","6":"product_brand-surefire","7":"product_cat-luktura-aksesuari","8":"product_cat-lukturi","9":"product_cat-sautene","11":"first","12":"instock","13":"taxable","14":"shipping-taxable","15":"purchasable","16":"product-type-variable","17":"wvs-archive-product-wrapper"},"acf":[],"_links":{"self":[{"href":"https:\/\/staging.nbg.eu\/lv\/wp-json\/wp\/v2\/product\/67469","targetHints":{"allow":["GET"]}}],"collection":[{"href":"https:\/\/staging.nbg.eu\/lv\/wp-json\/wp\/v2\/product"}],"about":[{"href":"https:\/\/staging.nbg.eu\/lv\/wp-json\/wp\/v2\/types\/product"}],"wp:featuredmedia":[{"embeddable":true,"href":"https:\/\/staging.nbg.eu\/lv\/wp-json\/wp\/v2\/media\/67470"}],"wp:attachment":[{"href":"https:\/\/staging.nbg.eu\/lv\/wp-json\/wp\/v2\/media?parent=67469"}],"wp:term":[{"taxonomy":"product_brand","embeddable":true,"href":"https:\/\/staging.nbg.eu\/lv\/wp-json\/wp\/v2\/product_brand?post=67469"},{"taxonomy":"product_cat","embeddable":true,"href":"https:\/\/staging.nbg.eu\/lv\/wp-json\/wp\/v2\/product_cat?post=67469"},{"taxonomy":"product_tag","embeddable":true,"href":"https:\/\/staging.nbg.eu\/lv\/wp-json\/wp\/v2\/product_tag?post=67469"}],"curies":[{"name":"wp","href":"https:\/\/api.w.org\/{rel}","templated":true}]}}