{"id":67383,"date":"2024-01-13T12:20:15","date_gmt":"2024-09-20T12:06:34","guid":{"rendered":"https:\/\/staging.nbg.eu\/product\/surefire-ue-sr07-scout-light-remote-switch\/"},"modified":"2024-09-20T12:07:28","modified_gmt":"2024-09-20T12:07:28","slug":"surefire-ue-sr07-scout-light-talvadibas-sledzis","status":"publish","type":"product","link":"https:\/\/staging.nbg.eu\/lv\/product\/surefire-ue-sr07-scout-light-talvadibas-sledzis\/","title":{"rendered":"SureFire UE-SR07 Scout Light talvadibas sledzis"},"content":{"rendered":"<p>\nSureFire UE-SR07 SCOUT LIGHT t\u0101lvad\u012bbas sl\u0113dzis pied\u0101v\u0101:<\/p>\n<ul>\n<li>Piesprau\u017eams SR07 t\u0101lvad\u012bbas sl\u0113dzis ar \u012bslaic\u012bgas iesl\u0113g\u0161anas pogu un iesl\u0113g\u0161anas\/izsl\u0113g\u0161anas sl\u0113dzi<\/li>\n<li>MIL-STD-1913 sader\u012bgs korpuss<\/li>\n<li>Spiediena poga pievienojama Picatinny slied\u0113m<\/li>\n<li>Sist\u0113mas deaktiviz\u0101cijas funkcija<\/li>\n<li>Piln\u012bga sl\u0113d\u017ea kontrole ar UE aizmugur\u0113jo v\u0101ci\u0146u<\/li>\n<\/ul>\n","protected":false},"excerpt":{"rendered":"<p>T\u0101lvad\u012bbas sl\u0113dzis SureFire Scout gaismai: \u012aslaic\u012bgas un past\u0101v\u012bgas iesl\u0113g\u0161anas kontrole.<\/p>\n","protected":false},"featured_media":67384,"template":"","meta":{"_acf_changed":false},"product_brand":[11865],"product_cat":[],"product_tag":[],"class_list":{"0":"post-67383","1":"product","2":"type-product","3":"status-publish","4":"has-post-thumbnail","6":"product_brand-surefire","8":"first","9":"outofstock","10":"taxable","11":"shipping-taxable","12":"product-type-variable","13":"wvs-archive-product-wrapper"},"acf":[],"_links":{"self":[{"href":"https:\/\/staging.nbg.eu\/lv\/wp-json\/wp\/v2\/product\/67383","targetHints":{"allow":["GET"]}}],"collection":[{"href":"https:\/\/staging.nbg.eu\/lv\/wp-json\/wp\/v2\/product"}],"about":[{"href":"https:\/\/staging.nbg.eu\/lv\/wp-json\/wp\/v2\/types\/product"}],"wp:featuredmedia":[{"embeddable":true,"href":"https:\/\/staging.nbg.eu\/lv\/wp-json\/wp\/v2\/media\/67384"}],"wp:attachment":[{"href":"https:\/\/staging.nbg.eu\/lv\/wp-json\/wp\/v2\/media?parent=67383"}],"wp:term":[{"taxonomy":"product_brand","embeddable":true,"href":"https:\/\/staging.nbg.eu\/lv\/wp-json\/wp\/v2\/product_brand?post=67383"},{"taxonomy":"product_cat","embeddable":true,"href":"https:\/\/staging.nbg.eu\/lv\/wp-json\/wp\/v2\/product_cat?post=67383"},{"taxonomy":"product_tag","embeddable":true,"href":"https:\/\/staging.nbg.eu\/lv\/wp-json\/wp\/v2\/product_tag?post=67383"}],"curies":[{"name":"wp","href":"https:\/\/api.w.org\/{rel}","templated":true}]}}