{"id":67319,"date":"2024-01-13T12:52:23","date_gmt":"2024-09-20T12:05:15","guid":{"rendered":"https:\/\/staging.nbg.eu\/product\/surefire-sr07-weaponlight-switch\/"},"modified":"2024-09-20T12:06:07","modified_gmt":"2024-09-20T12:06:07","slug":"surefire-sr07-ieroca-luktura-sledzis","status":"publish","type":"product","link":"https:\/\/staging.nbg.eu\/lv\/product\/surefire-sr07-ieroca-luktura-sledzis\/","title":{"rendered":"SureFire SR07 ieroca luktura sledzis"},"content":{"rendered":"<p>\nSureFire SR07 nodro\u0161ina t\u0101lvad\u012bbas aktiviz\u0113\u0161anu SureFire iero\u010dulukturu gaism\u0101m. \u012apa\u0161\u012bbas:<\/p>\n<ul>\n<li>\u012aslaic\u012bgas iesl\u0113g\u0161anas spiediena poga<\/li>\n<li>Past\u0101v\u012bgas iesl\u0113g\u0161anas poga<\/li>\n<li>18 cm gar\u0161 kabelis<\/li>\n<li>Uzsprau\u017eama Picatinny sliedes skava<\/li>\n<\/ul>\n<p>Dubult\u0101 sl\u0113d\u017ea vad\u012bba palielina iero\u010da funkcionalit\u0101ti.<\/p>\n","protected":false},"excerpt":{"rendered":"<p>T\u0101lvad\u012bbas dubultsl\u0113dzis SureFire iero\u010dgaism\u0101m. Uzst\u0101d\u0101ms uz sliedes.<\/p>\n","protected":false},"featured_media":67320,"template":"","meta":{"_acf_changed":false},"product_brand":[11865],"product_cat":[13842,13818,13827],"product_tag":[],"class_list":{"0":"post-67319","1":"product","2":"type-product","3":"status-publish","4":"has-post-thumbnail","6":"product_brand-surefire","7":"product_cat-luktura-aksesuari","8":"product_cat-lukturi","9":"product_cat-sautene","11":"first","12":"instock","13":"taxable","14":"shipping-taxable","15":"purchasable","16":"product-type-simple"},"acf":[],"_links":{"self":[{"href":"https:\/\/staging.nbg.eu\/lv\/wp-json\/wp\/v2\/product\/67319","targetHints":{"allow":["GET"]}}],"collection":[{"href":"https:\/\/staging.nbg.eu\/lv\/wp-json\/wp\/v2\/product"}],"about":[{"href":"https:\/\/staging.nbg.eu\/lv\/wp-json\/wp\/v2\/types\/product"}],"wp:featuredmedia":[{"embeddable":true,"href":"https:\/\/staging.nbg.eu\/lv\/wp-json\/wp\/v2\/media\/67320"}],"wp:attachment":[{"href":"https:\/\/staging.nbg.eu\/lv\/wp-json\/wp\/v2\/media?parent=67319"}],"wp:term":[{"taxonomy":"product_brand","embeddable":true,"href":"https:\/\/staging.nbg.eu\/lv\/wp-json\/wp\/v2\/product_brand?post=67319"},{"taxonomy":"product_cat","embeddable":true,"href":"https:\/\/staging.nbg.eu\/lv\/wp-json\/wp\/v2\/product_cat?post=67319"},{"taxonomy":"product_tag","embeddable":true,"href":"https:\/\/staging.nbg.eu\/lv\/wp-json\/wp\/v2\/product_tag?post=67319"}],"curies":[{"name":"wp","href":"https:\/\/api.w.org\/{rel}","templated":true}]}}