{"id":67103,"date":"2024-01-13T13:29:38","date_gmt":"2024-09-20T11:59:52","guid":{"rendered":"https:\/\/staging.nbg.eu\/product\/surefire-x300u-a\/"},"modified":"2025-02-19T14:50:52","modified_gmt":"2025-02-19T14:50:52","slug":"surefire-x300u-a","status":"publish","type":"product","link":"https:\/\/staging.nbg.eu\/lv\/product\/surefire-x300u-a\/","title":{"rendered":"SureFire X300U-A"},"content":{"rendered":"<div class=\"product-description\">\n<h2>SureFire X300U-A taktiskais ierocis gaismeklis<\/h2>\n<p>SureFire X300U-A ir taktiskais gaismeklis profesion\u0101\u013ciem. Tas nodro\u0161ina 1000 l\u016bmenu LED gaismas jaudu, ko fokus\u0113 prec\u012bza TIR l\u0113ca.<\/p>\n<ul>\n<li>\u0100tr\u0101s no\u0146em\u0161anas sviras sist\u0113ma \u0101trai piestiprin\u0101\u0161anai\/no\u0146em\u0161anai<\/li>\n<li>Intuit\u012bva abpus\u0113ja sl\u0113d\u017eu sist\u0113ma \u0101trai aktiviz\u0113\u0161anai<\/li>\n<li>Iztur\u012bgs avi\u0101cijas alum\u012bnija korpuss ar milit\u0101ro specifik\u0101ciju cieto anod\u0113to apdari<\/li>\n<li>IPX7 \u016bdensiztur\u012bbas klase (1 metrs 30 min\u016btes)<\/li>\n<li>1,25 stundu darb\u012bbas laiks ar div\u0101m iek\u013cautaj\u0101m 123A litija baterij\u0101m<\/li>\n<li>Kompakts dizains: 3,76 collas gar\u0161, svars tikai 4,0 unces<\/li>\n<\/ul>\n<p>SureFire X300U-A apgaismo m\u0113r\u0137us iev\u0113rojam\u0101 att\u0101lum\u0101, vienlaikus saglab\u0101jot situ\u0101cijas apzin\u0101\u0161anos.<\/p>\n<\/div>\n","protected":false},"excerpt":{"rendered":"<p>SureFire X300U-A: 1000 l\u016bmenu taktiskais lukturis \u0161aujamiero\u010diem un \u0161auten\u0113m.<\/p>\n","protected":false},"featured_media":67104,"template":"","meta":{"_acf_changed":false},"product_brand":[11865],"product_cat":[13818,13784,13811],"product_tag":[],"class_list":{"0":"post-67103","1":"product","2":"type-product","3":"status-publish","4":"has-post-thumbnail","6":"product_brand-surefire","7":"product_cat-lukturi","8":"product_cat-pistole","9":"product_cat-pistoles-lukturi","11":"first","12":"instock","13":"taxable","14":"shipping-taxable","15":"purchasable","16":"product-type-variable","17":"wvs-archive-product-wrapper"},"acf":[],"_links":{"self":[{"href":"https:\/\/staging.nbg.eu\/lv\/wp-json\/wp\/v2\/product\/67103","targetHints":{"allow":["GET"]}}],"collection":[{"href":"https:\/\/staging.nbg.eu\/lv\/wp-json\/wp\/v2\/product"}],"about":[{"href":"https:\/\/staging.nbg.eu\/lv\/wp-json\/wp\/v2\/types\/product"}],"wp:featuredmedia":[{"embeddable":true,"href":"https:\/\/staging.nbg.eu\/lv\/wp-json\/wp\/v2\/media\/67104"}],"wp:attachment":[{"href":"https:\/\/staging.nbg.eu\/lv\/wp-json\/wp\/v2\/media?parent=67103"}],"wp:term":[{"taxonomy":"product_brand","embeddable":true,"href":"https:\/\/staging.nbg.eu\/lv\/wp-json\/wp\/v2\/product_brand?post=67103"},{"taxonomy":"product_cat","embeddable":true,"href":"https:\/\/staging.nbg.eu\/lv\/wp-json\/wp\/v2\/product_cat?post=67103"},{"taxonomy":"product_tag","embeddable":true,"href":"https:\/\/staging.nbg.eu\/lv\/wp-json\/wp\/v2\/product_tag?post=67103"}],"curies":[{"name":"wp","href":"https:\/\/api.w.org\/{rel}","templated":true}]}}