{"id":66593,"date":"2024-01-30T18:10:41","date_gmt":"2024-09-20T11:53:44","guid":{"rendered":"https:\/\/staging.nbg.eu\/product\/surefire-x300t-a\/"},"modified":"2024-09-20T11:54:38","modified_gmt":"2024-09-20T11:54:38","slug":"surefire-x300t-a","status":"publish","type":"product","link":"https:\/\/staging.nbg.eu\/lv\/product\/surefire-x300t-a\/","title":{"rendered":"# SureFire X300T-A"},"content":{"rendered":"<div class=\"product-description\">\n<h2>SureFire X300T-A taktiskais ierocis lukturis<\/h2>\n<p>SureFire X300T-A ir taktiskais lukturis ar 66 000 kandelu maksim\u0101lo staru intensit\u0101ti un 650 l\u016bmenu jaudu. \u0160is lukturis nodro\u0161ina:<\/p>\n<ul>\n<li>Turbo staru veidu m\u0113r\u0137a identific\u0113\u0161anai liel\u0101 att\u0101lum\u0101<\/li>\n<li>Sviras fiks\u0101cijas sist\u0113mu \u0101trai piestiprin\u0101\u0161anai pie univers\u0101laj\u0101m un Picatinny slied\u0113m<\/li>\n<li>Abpus\u0113ju sl\u0113dzi \u0101trai iesl\u0113g\u0161anai<\/li>\n<li>Sader\u012bbu ar eso\u0161aj\u0101m X300U-A makst\u012bm<\/li>\n<li>Korpusu no avi\u0101cijas alum\u012bnija ar anod\u0113tu apdari<\/li>\n<li>IPX7 \u016bdensiztur\u012bbas klasi (1 metrs 30 min\u016btes)<\/li>\n<li>1,5 stundu darb\u012bbas laiku ar div\u0101m iek\u013cautaj\u0101m 123A litija baterij\u0101m<\/li>\n<\/ul>\n<p>X300T-A var apgaismot objektus l\u012bdz 514 metru att\u0101lum\u0101.<\/p>\n<\/div>\n","protected":false},"excerpt":{"rendered":"<p>SureFire X300T-A: 66 000 kandelu taktiskais lukturis t\u0101la diapazona m\u0113r\u0137a identifik\u0101cijai.<\/p>\n","protected":false},"featured_media":66594,"template":"","meta":{"_acf_changed":false},"product_brand":[11865],"product_cat":[13818,13784,13811],"product_tag":[],"class_list":{"0":"post-66593","1":"product","2":"type-product","3":"status-publish","4":"has-post-thumbnail","6":"product_brand-surefire","7":"product_cat-lukturi","8":"product_cat-pistole","9":"product_cat-pistoles-lukturi","11":"first","12":"instock","13":"taxable","14":"shipping-taxable","15":"purchasable","16":"product-type-variable","17":"wvs-archive-product-wrapper"},"acf":[],"_links":{"self":[{"href":"https:\/\/staging.nbg.eu\/lv\/wp-json\/wp\/v2\/product\/66593","targetHints":{"allow":["GET"]}}],"collection":[{"href":"https:\/\/staging.nbg.eu\/lv\/wp-json\/wp\/v2\/product"}],"about":[{"href":"https:\/\/staging.nbg.eu\/lv\/wp-json\/wp\/v2\/types\/product"}],"wp:featuredmedia":[{"embeddable":true,"href":"https:\/\/staging.nbg.eu\/lv\/wp-json\/wp\/v2\/media\/66594"}],"wp:attachment":[{"href":"https:\/\/staging.nbg.eu\/lv\/wp-json\/wp\/v2\/media?parent=66593"}],"wp:term":[{"taxonomy":"product_brand","embeddable":true,"href":"https:\/\/staging.nbg.eu\/lv\/wp-json\/wp\/v2\/product_brand?post=66593"},{"taxonomy":"product_cat","embeddable":true,"href":"https:\/\/staging.nbg.eu\/lv\/wp-json\/wp\/v2\/product_cat?post=66593"},{"taxonomy":"product_tag","embeddable":true,"href":"https:\/\/staging.nbg.eu\/lv\/wp-json\/wp\/v2\/product_tag?post=66593"}],"curies":[{"name":"wp","href":"https:\/\/api.w.org\/{rel}","templated":true}]}}