{"id":66380,"date":"2024-01-16T19:29:25","date_gmt":"2024-09-20T11:51:04","guid":{"rendered":"https:\/\/staging.nbg.eu\/product\/surefire-x300t-b-weaponlight\/"},"modified":"2024-09-20T11:51:59","modified_gmt":"2024-09-20T11:51:59","slug":"surefire-x300t-b-ierocgaisma","status":"publish","type":"product","link":"https:\/\/staging.nbg.eu\/lv\/product\/surefire-x300t-b-ierocgaisma\/","title":{"rendered":"SureFire X300T-B ierocgaisma"},"content":{"rendered":"<div class=\"product-description\">\n<h2>SureFire X300T-B IERO\u010cGAISMA<\/h2>\n<p>SureFire X300T-B IERO\u010cGAISMA ir Turbo s\u0113rijas versija no X300 pistoles iero\u010dgaismas. T\u0101 nodro\u0161ina:<\/p>\n<ul>\n<li>66 000 kandelu maksim\u0101lo stara intensit\u0101ti<\/li>\n<li>650 l\u016bmenu baltu gaismu<\/li>\n<li>Turbo stara raksts m\u0113r\u0137u identific\u0113\u0161anai liel\u0101 att\u0101lum\u0101<\/li>\n<li>1,5 stundu darb\u012bbas laiks ar div\u0101m iek\u013cautaj\u0101m 123A litija baterij\u0101m<\/li>\n<\/ul>\n<p>X300T-B ietver:<\/p>\n<ul>\n<li>T-veida skr\u016bves skavu piestiprin\u0101\u0161anai pie Univers\u0101laj\u0101m un Picatinny slied\u0113m<\/li>\n<li>Abpus\u0113ju sl\u0113dzi \u0101trai aktiviz\u0113\u0161anai<\/li>\n<li>Sader\u012bba ar eso\u0161aj\u0101m X300U-B makst\u012bm<\/li>\n<li>Korpuss no avi\u0101cijas alum\u012bnija ar cietu anod\u0113tu p\u0101rkl\u0101jumu<\/li>\n<li>IPX7 \u016bdensiztur\u012bbas klase (iegremd\u0113jams 1 metra dzi\u013cum\u0101 30 min\u016btes)<\/li>\n<\/ul>\n<p>Galvenie parametri:<\/p>\n<ul>\n<li>Garums: 9,55 cm<\/li>\n<li>Svars ar baterij\u0101m: 124,7 g<\/li>\n<li>Gala diametrs: 2,9 cm<\/li>\n<li>Efekt\u012bvais diapazons: 514 metri<\/li>\n<\/ul>\n<p>SureFire X300T-B IERO\u010cGAISMA nodro\u0161ina veiktsp\u0113ju un uzticam\u012bbu kritisk\u0101s situ\u0101cij\u0101s.<\/p>\n<\/div>\n","protected":false},"excerpt":{"rendered":"<p>Jaud\u012bgs 650 l\u016bmenu ierocis ar 66 000 kandelu staru t\u0101lai identifik\u0101cijai.<\/p>\n","protected":false},"featured_media":83172,"template":"","meta":{"_acf_changed":false},"product_brand":[11865],"product_cat":[13818,13784,13811],"product_tag":[],"class_list":{"0":"post-66380","1":"product","2":"type-product","3":"status-publish","4":"has-post-thumbnail","6":"product_brand-surefire","7":"product_cat-lukturi","8":"product_cat-pistole","9":"product_cat-pistoles-lukturi","11":"first","12":"instock","13":"taxable","14":"shipping-taxable","15":"purchasable","16":"product-type-variable","17":"wvs-archive-product-wrapper"},"acf":[],"_links":{"self":[{"href":"https:\/\/staging.nbg.eu\/lv\/wp-json\/wp\/v2\/product\/66380","targetHints":{"allow":["GET"]}}],"collection":[{"href":"https:\/\/staging.nbg.eu\/lv\/wp-json\/wp\/v2\/product"}],"about":[{"href":"https:\/\/staging.nbg.eu\/lv\/wp-json\/wp\/v2\/types\/product"}],"wp:featuredmedia":[{"embeddable":true,"href":"https:\/\/staging.nbg.eu\/lv\/wp-json\/wp\/v2\/media\/83172"}],"wp:attachment":[{"href":"https:\/\/staging.nbg.eu\/lv\/wp-json\/wp\/v2\/media?parent=66380"}],"wp:term":[{"taxonomy":"product_brand","embeddable":true,"href":"https:\/\/staging.nbg.eu\/lv\/wp-json\/wp\/v2\/product_brand?post=66380"},{"taxonomy":"product_cat","embeddable":true,"href":"https:\/\/staging.nbg.eu\/lv\/wp-json\/wp\/v2\/product_cat?post=66380"},{"taxonomy":"product_tag","embeddable":true,"href":"https:\/\/staging.nbg.eu\/lv\/wp-json\/wp\/v2\/product_tag?post=66380"}],"curies":[{"name":"wp","href":"https:\/\/api.w.org\/{rel}","templated":true}]}}