{"id":66249,"date":"2024-01-18T13:56:08","date_gmt":"2024-09-20T11:48:30","guid":{"rendered":"https:\/\/staging.nbg.eu\/product\/surefire-switch-assembly-z-xbc\/"},"modified":"2024-09-20T11:49:27","modified_gmt":"2024-09-20T11:49:27","slug":"surefire-sledza-mezgls-z-xbc","status":"publish","type":"product","link":"https:\/\/staging.nbg.eu\/lv\/product\/surefire-sledza-mezgls-z-xbc\/","title":{"rendered":"SureFire sledza mezgls Z-XBC"},"content":{"rendered":"<p>\nSureFire sl\u0113d\u017ea mont\u0101\u017ea Z-XBC ir r\u016bpn\u012bcas rezerves sl\u0113dzis X300, X400 un XH30 iero\u010du lukturiem. T\u0101 iez\u012bmes ietver:<\/p>\n<ul>\n<li>Abpus\u0113js \u012bslaic\u012bgas un past\u0101v\u012bgas iesl\u0113g\u0161anas poga\/p\u0101rsl\u0113dz\u0113js<\/li>\n<li>Iztur\u012bga polim\u0113ra konstrukcija<\/li>\n<li>Pieejams meln\u0101 vai smil\u0161kr\u0101s\u0101<\/li>\n<\/ul>\n<p>Nav sader\u012bgs ar XH50G iero\u010du lukturi. P\u0101rliecinieties, ka izmantojat pareizo sl\u0113dzi savam SureFire iero\u010du lukturim.<\/p>\n","protected":false},"excerpt":{"rendered":"<p>Rezerves sl\u0113dzis SureFire X300\/X400\/XH30 iero\u010du lukturiem. Divvirzienu re\u017e\u012bms.<\/p>\n","protected":false},"featured_media":66250,"template":"","meta":{"_acf_changed":false},"product_brand":[11865],"product_cat":[13842,13818,13784,13811],"product_tag":[],"class_list":{"0":"post-66249","1":"product","2":"type-product","3":"status-publish","4":"has-post-thumbnail","6":"product_brand-surefire","7":"product_cat-luktura-aksesuari","8":"product_cat-lukturi","9":"product_cat-pistole","10":"product_cat-pistoles-lukturi","12":"first","13":"instock","14":"taxable","15":"shipping-taxable","16":"purchasable","17":"product-type-variable","18":"wvs-archive-product-wrapper"},"acf":[],"_links":{"self":[{"href":"https:\/\/staging.nbg.eu\/lv\/wp-json\/wp\/v2\/product\/66249","targetHints":{"allow":["GET"]}}],"collection":[{"href":"https:\/\/staging.nbg.eu\/lv\/wp-json\/wp\/v2\/product"}],"about":[{"href":"https:\/\/staging.nbg.eu\/lv\/wp-json\/wp\/v2\/types\/product"}],"wp:featuredmedia":[{"embeddable":true,"href":"https:\/\/staging.nbg.eu\/lv\/wp-json\/wp\/v2\/media\/66250"}],"wp:attachment":[{"href":"https:\/\/staging.nbg.eu\/lv\/wp-json\/wp\/v2\/media?parent=66249"}],"wp:term":[{"taxonomy":"product_brand","embeddable":true,"href":"https:\/\/staging.nbg.eu\/lv\/wp-json\/wp\/v2\/product_brand?post=66249"},{"taxonomy":"product_cat","embeddable":true,"href":"https:\/\/staging.nbg.eu\/lv\/wp-json\/wp\/v2\/product_cat?post=66249"},{"taxonomy":"product_tag","embeddable":true,"href":"https:\/\/staging.nbg.eu\/lv\/wp-json\/wp\/v2\/product_tag?post=66249"}],"curies":[{"name":"wp","href":"https:\/\/api.w.org\/{rel}","templated":true}]}}