{"id":66185,"date":"2024-01-19T18:03:48","date_gmt":"2024-01-19T18:03:48","guid":{"rendered":"https:\/\/staging.nbg.eu\/product\/surefire-sf18350\/"},"modified":"2024-09-20T11:47:36","modified_gmt":"2024-09-20T11:47:36","slug":"surefire-sf18350","status":"publish","type":"product","link":"https:\/\/staging.nbg.eu\/lv\/product\/surefire-sf18350\/","title":{"rendered":"SureFire SF18350"},"content":{"rendered":"<div class=\"product-description\">\n<h2>SureFire SF18350 uzl\u0101d\u0113jam\u0101 baterija<\/h2>\n<p>Paredz\u0113ta SureFire 3 voltu Dual Fuel apgaismojuma ier\u012bc\u0113m. Iez\u012bmes:<\/p>\n<ul>\n<li>3.7 volti \/ 1100 mAh ietilp\u012bba<\/li>\n<li>MICRO-USB uzl\u0101de<\/li>\n<li>Litija jonu aizsarg\u0101ts 18350 dizains<\/li>\n<li>Sader\u012bga ar SureFire Dual Fuel, vienas 123A baro\u0161anas produktiem<\/li>\n<\/ul>\n<p>Komplekt\u0101 iek\u013cauts MICRO-USB uz USB kabelis uzl\u0101dei. Nav sader\u012bga ar produktiem, kas nav Dual Fuel.<\/p>\n<\/div>\n","protected":false},"excerpt":{"rendered":"<p>Uzl\u0101d\u0113jams 18350 akumulators: 3.7V, 1100mAh, MICRO-USB uzl\u0101de.<\/p>\n","protected":false},"featured_media":66186,"template":"","meta":{"_acf_changed":false},"product_brand":[11865],"product_cat":[13766,13818],"product_tag":[],"class_list":{"0":"post-66185","1":"product","2":"type-product","3":"status-publish","4":"has-post-thumbnail","6":"product_brand-surefire","7":"product_cat-baterijas","8":"product_cat-lukturi","10":"first","11":"instock","12":"taxable","13":"shipping-taxable","14":"purchasable","15":"product-type-simple"},"acf":[],"_links":{"self":[{"href":"https:\/\/staging.nbg.eu\/lv\/wp-json\/wp\/v2\/product\/66185","targetHints":{"allow":["GET"]}}],"collection":[{"href":"https:\/\/staging.nbg.eu\/lv\/wp-json\/wp\/v2\/product"}],"about":[{"href":"https:\/\/staging.nbg.eu\/lv\/wp-json\/wp\/v2\/types\/product"}],"wp:featuredmedia":[{"embeddable":true,"href":"https:\/\/staging.nbg.eu\/lv\/wp-json\/wp\/v2\/media\/66186"}],"wp:attachment":[{"href":"https:\/\/staging.nbg.eu\/lv\/wp-json\/wp\/v2\/media?parent=66185"}],"wp:term":[{"taxonomy":"product_brand","embeddable":true,"href":"https:\/\/staging.nbg.eu\/lv\/wp-json\/wp\/v2\/product_brand?post=66185"},{"taxonomy":"product_cat","embeddable":true,"href":"https:\/\/staging.nbg.eu\/lv\/wp-json\/wp\/v2\/product_cat?post=66185"},{"taxonomy":"product_tag","embeddable":true,"href":"https:\/\/staging.nbg.eu\/lv\/wp-json\/wp\/v2\/product_tag?post=66185"}],"curies":[{"name":"wp","href":"https:\/\/api.w.org\/{rel}","templated":true}]}}