{"id":66143,"date":"2024-01-19T18:29:10","date_gmt":"2024-09-20T11:44:56","guid":{"rendered":"https:\/\/staging.nbg.eu\/product\/surefire-sf18650-b\/"},"modified":"2024-09-20T11:45:46","modified_gmt":"2024-09-20T11:45:46","slug":"surefire-sf18650-b","status":"publish","type":"product","link":"https:\/\/staging.nbg.eu\/lv\/product\/surefire-sf18650-b\/","title":{"rendered":"SureFire SF18650-B"},"content":{"rendered":"<div class=\"product-description\">\n<h2>SureFire SF18650-B Uzl\u0101d\u0113jam\u0101 Baterija<\/h2>\n<p>SF18650 uzl\u0101d\u0113jam\u0101 baterija, kas nodro\u0161ina 3,6 voltus un 3500 mAh ilgsto\u0161ai darb\u012bbai. Apr\u012bkota ar MICRO-USB uzl\u0101di \u0113rtai uzl\u0101d\u0113\u0161anai no da\u017e\u0101diem avotiem. Sader\u012bga ar atsevi\u0161\u0137iem SureFire produktiem, ieskaitot FURY-DFT, EDC2-DFT un M600DF s\u0113riju. Uzl\u0101d\u0113jama, izmantojot USB vai \u0101r\u0113jo 18650 uzl\u0101des stat\u012bvu (nav iek\u013cauts komplekt\u0101). SF18650-B ir izmantojama ar konkr\u0113t\u0101m SureFire ier\u012bc\u0113m.<\/p>\n<\/div>\n","protected":false},"excerpt":{"rendered":"<p>Augstas ietilp\u012bbas 3500mAh atk\u0101rtoti uzl\u0101d\u0113jams akumulators ar MICRO-USB uzl\u0101des iesp\u0113ju.<\/p>\n","protected":false},"featured_media":66144,"template":"","meta":{"_acf_changed":false},"product_brand":[11865],"product_cat":[13766,13817,13786,13818],"product_tag":[],"class_list":{"0":"post-66143","1":"product","2":"type-product","3":"status-publish","4":"has-post-thumbnail","6":"product_brand-surefire","7":"product_cat-baterijas","8":"product_cat-edc","9":"product_cat-edc-lukturi","10":"product_cat-lukturi","12":"first","13":"instock","14":"taxable","15":"shipping-taxable","16":"purchasable","17":"product-type-simple"},"acf":[],"_links":{"self":[{"href":"https:\/\/staging.nbg.eu\/lv\/wp-json\/wp\/v2\/product\/66143","targetHints":{"allow":["GET"]}}],"collection":[{"href":"https:\/\/staging.nbg.eu\/lv\/wp-json\/wp\/v2\/product"}],"about":[{"href":"https:\/\/staging.nbg.eu\/lv\/wp-json\/wp\/v2\/types\/product"}],"wp:featuredmedia":[{"embeddable":true,"href":"https:\/\/staging.nbg.eu\/lv\/wp-json\/wp\/v2\/media\/66144"}],"wp:attachment":[{"href":"https:\/\/staging.nbg.eu\/lv\/wp-json\/wp\/v2\/media?parent=66143"}],"wp:term":[{"taxonomy":"product_brand","embeddable":true,"href":"https:\/\/staging.nbg.eu\/lv\/wp-json\/wp\/v2\/product_brand?post=66143"},{"taxonomy":"product_cat","embeddable":true,"href":"https:\/\/staging.nbg.eu\/lv\/wp-json\/wp\/v2\/product_cat?post=66143"},{"taxonomy":"product_tag","embeddable":true,"href":"https:\/\/staging.nbg.eu\/lv\/wp-json\/wp\/v2\/product_tag?post=66143"}],"curies":[{"name":"wp","href":"https:\/\/api.w.org\/{rel}","templated":true}]}}