{"id":66068,"date":"2024-01-21T16:19:01","date_gmt":"2024-09-20T11:39:33","guid":{"rendered":"https:\/\/staging.nbg.eu\/product\/surefire-edc1-dft\/"},"modified":"2024-09-20T11:40:30","modified_gmt":"2024-09-20T11:40:30","slug":"surefire-edc1-dft","status":"publish","type":"product","link":"https:\/\/staging.nbg.eu\/lv\/product\/surefire-edc1-dft\/","title":{"rendered":"SureFire EDC1-DFT"},"content":{"rendered":"<div class=\"product-description\">\n<h2>SureFire EDC1-DFT Turbo lukturis<\/h2>\n<p>SureFire EDC1-DFT Turbo ir kompakts lukturis ikdienas n\u0113s\u0101\u0161anai. \u0160is divu veidu baro\u0161anas lukturis nodro\u0161ina:<\/p>\n<ul>\n<li>95 000 kandelu maksim\u0101lo stara intensit\u0101ti (ar iek\u013cauto SF18350 bateriju)<\/li>\n<li>Turbo stara veidu koncentr\u0113tai, t\u0101lai apgaismo\u0161anai<\/li>\n<li>Divu veidu baro\u0161anas tehnolo\u0123ija: izmanto uzl\u0101d\u0113jamo SF18350 vai vienu 123A litija bateriju<\/li>\n<li>Milit\u0101r\u0101s specifik\u0101cijas ciet\u0101 anod\u0113t\u0101 alum\u012bnija korpuss<\/li>\n<li>IPX7 \u016bdensiztur\u012bbas klase<\/li>\n<\/ul>\n<p>Galven\u0101s \u012bpa\u0161\u012bbas:<\/p>\n<ul>\n<li>Augsta jauda: 650 l\u016bmeni (ar 18350 bateriju)<\/li>\n<li>Darb\u012bbas laiks: 45 min\u016btes augst\u0101 re\u017e\u012bm\u0101 (ar 18350 bateriju)<\/li>\n<li>Garums: 4,76 collas (12,1 cm)<\/li>\n<li>Svars: 4,56 unces (128,3 g) ar 18350 bateriju<\/li>\n<li>Divvirzienu klipsis da\u017e\u0101d\u0101m n\u0113s\u0101\u0161anas iesp\u0113j\u0101m<\/li>\n<\/ul>\n<p>SureFire kvalit\u0101te un veiktsp\u0113ja kompakt\u0101 iepakojum\u0101, kas nodro\u0161ina labu redzam\u012bbu da\u017e\u0101d\u0101s situ\u0101cij\u0101s.<\/p>\n<\/div>\n","protected":false},"excerpt":{"rendered":"<p>Kompakts EDC lukturis ar 95 000 kandelu staru un div\u0101m baro\u0161anas iesp\u0113j\u0101m.<\/p>\n","protected":false},"featured_media":66069,"template":"","meta":{"_acf_changed":false},"product_brand":[11865],"product_cat":[13817,13786,13818],"product_tag":[],"class_list":{"0":"post-66068","1":"product","2":"type-product","3":"status-publish","4":"has-post-thumbnail","6":"product_brand-surefire","7":"product_cat-edc","8":"product_cat-edc-lukturi","9":"product_cat-lukturi","11":"first","12":"instock","13":"taxable","14":"shipping-taxable","15":"purchasable","16":"product-type-variable","17":"wvs-archive-product-wrapper"},"acf":[],"_links":{"self":[{"href":"https:\/\/staging.nbg.eu\/lv\/wp-json\/wp\/v2\/product\/66068","targetHints":{"allow":["GET"]}}],"collection":[{"href":"https:\/\/staging.nbg.eu\/lv\/wp-json\/wp\/v2\/product"}],"about":[{"href":"https:\/\/staging.nbg.eu\/lv\/wp-json\/wp\/v2\/types\/product"}],"wp:featuredmedia":[{"embeddable":true,"href":"https:\/\/staging.nbg.eu\/lv\/wp-json\/wp\/v2\/media\/66069"}],"wp:attachment":[{"href":"https:\/\/staging.nbg.eu\/lv\/wp-json\/wp\/v2\/media?parent=66068"}],"wp:term":[{"taxonomy":"product_brand","embeddable":true,"href":"https:\/\/staging.nbg.eu\/lv\/wp-json\/wp\/v2\/product_brand?post=66068"},{"taxonomy":"product_cat","embeddable":true,"href":"https:\/\/staging.nbg.eu\/lv\/wp-json\/wp\/v2\/product_cat?post=66068"},{"taxonomy":"product_tag","embeddable":true,"href":"https:\/\/staging.nbg.eu\/lv\/wp-json\/wp\/v2\/product_tag?post=66068"}],"curies":[{"name":"wp","href":"https:\/\/api.w.org\/{rel}","templated":true}]}}