{"id":65785,"date":"2024-01-21T17:29:54","date_gmt":"2024-09-20T11:36:00","guid":{"rendered":"https:\/\/staging.nbg.eu\/product\/surefire-edc2-dft\/"},"modified":"2024-09-20T11:36:55","modified_gmt":"2024-09-20T11:36:55","slug":"surefire-edc2-dft","status":"publish","type":"product","link":"https:\/\/staging.nbg.eu\/lv\/product\/surefire-edc2-dft\/","title":{"rendered":"SureFire EDC2-DFT"},"content":{"rendered":"<h2>SureFire EDC2-DFT: Lukturis<\/h2>\n<p>SureFire EDC2-DFT ir kompakts lukturis ikdienas n\u0113s\u0101\u0161anai. Tam ir \u0161\u0101das \u012bpa\u0161\u012bbas:<\/p>\n<ul>\n<li>100 000 kandelu maksim\u0101l\u0101 stara intensit\u0101te (ar komplekt\u0101 iek\u013cauto SF18650B akumulatoru)<\/li>\n<li>Turbo stara veids koncentr\u0113tai apgaismo\u0161anai<\/li>\n<li>Du\u0101l\u0101 baro\u0161anas tehnolo\u0123ija: izmantojams ar uzl\u0101d\u0113jamu SF18650 vai div\u0101m 123A litija baterij\u0101m<\/li>\n<li>Milit\u0101raj\u0101m specifik\u0101cij\u0101m atbilsto\u0161s anod\u0113ts alum\u012bnija korpuss, IPX7 \u016bdensiztur\u012bbas standarts<\/li>\n<li>700 l\u016bmenu jauda ar 2,75 stundu darb\u012bbas laiku (18650 akumulators)<\/li>\n<li>632 metru stara att\u0101lums<\/li>\n<li>5,91 collu garums, svars 5,6 unces<\/li>\n<\/ul>\n<p>EDC2-DFT Turbo s\u0113rijas reflektors nodro\u0161ina t\u0101l\u0101ko staru SureFire kompakto luktur\u012b\u0161u kl\u0101st\u0101. Tam ir iztur\u012bga konstrukcija un daudzpus\u012bgs divvirzienu klipsis. EDC2-DFT ir piem\u0113rots gan personiskai dro\u0161\u012bbai, gan profesion\u0101lai lieto\u0161anai.<\/p>\n<p>SureFire kvalit\u0101te, veiktsp\u0113ja un uzticam\u012bba.<\/p>\n","protected":false},"excerpt":{"rendered":"<p>Kompakts, jaud\u012bgs lukturis ar 100 000 kandelu staru un div\u0113j\u0101du baro\u0161anas avotu.<\/p>\n","protected":false},"featured_media":65786,"template":"","meta":{"_acf_changed":false},"product_brand":[11865],"product_cat":[13817,13786,13818],"product_tag":[],"class_list":{"0":"post-65785","1":"product","2":"type-product","3":"status-publish","4":"has-post-thumbnail","6":"product_brand-surefire","7":"product_cat-edc","8":"product_cat-edc-lukturi","9":"product_cat-lukturi","11":"first","12":"instock","13":"taxable","14":"shipping-taxable","15":"purchasable","16":"product-type-variable","17":"wvs-archive-product-wrapper"},"acf":[],"_links":{"self":[{"href":"https:\/\/staging.nbg.eu\/lv\/wp-json\/wp\/v2\/product\/65785","targetHints":{"allow":["GET"]}}],"collection":[{"href":"https:\/\/staging.nbg.eu\/lv\/wp-json\/wp\/v2\/product"}],"about":[{"href":"https:\/\/staging.nbg.eu\/lv\/wp-json\/wp\/v2\/types\/product"}],"wp:featuredmedia":[{"embeddable":true,"href":"https:\/\/staging.nbg.eu\/lv\/wp-json\/wp\/v2\/media\/65786"}],"wp:attachment":[{"href":"https:\/\/staging.nbg.eu\/lv\/wp-json\/wp\/v2\/media?parent=65785"}],"wp:term":[{"taxonomy":"product_brand","embeddable":true,"href":"https:\/\/staging.nbg.eu\/lv\/wp-json\/wp\/v2\/product_brand?post=65785"},{"taxonomy":"product_cat","embeddable":true,"href":"https:\/\/staging.nbg.eu\/lv\/wp-json\/wp\/v2\/product_cat?post=65785"},{"taxonomy":"product_tag","embeddable":true,"href":"https:\/\/staging.nbg.eu\/lv\/wp-json\/wp\/v2\/product_tag?post=65785"}],"curies":[{"name":"wp","href":"https:\/\/api.w.org\/{rel}","templated":true}]}}