{"id":65643,"date":"2024-01-21T17:47:21","date_gmt":"2024-09-20T11:32:01","guid":{"rendered":"https:\/\/staging.nbg.eu\/product\/surefire-sflfp123-batteries\/"},"modified":"2024-09-20T11:32:52","modified_gmt":"2024-09-20T11:32:52","slug":"surefire-sflfp123-baterijas","status":"publish","type":"product","link":"https:\/\/staging.nbg.eu\/lv\/product\/surefire-sflfp123-baterijas\/","title":{"rendered":"SureFire SFLFP123 BATERIJAS"},"content":{"rendered":"<div class=\"product-description\">\n<h2>SureFire SFLFP123 uzl\u0101d\u0113jam\u0101s baterijas<\/h2>\n<p>Nodro\u0161iniet LED apgaismojuma ier\u012bces ar SureFire SFLFP123 litija dzelzs fosf\u0101ta (LiFePO4) uzl\u0101d\u0113jam\u0101m baterij\u0101m. \u0160\u012bm 3.2V \u0161\u016bn\u0101m ir 450mAh kapacit\u0101te un 1.44Wh ener\u0123ijas, nodro\u0161inot ilgsto\u0161u darb\u012bbu.<\/p>\n<ul>\n<li>Iek\u0161\u0113j\u0101 elektronika dro\u0161ai uzl\u0101dei<\/li>\n<li>Aizsardz\u012bba pret p\u0101rl\u0101d\u0113\u0161anu, \u012bssavienojumu un polarit\u0101tes mai\u0146u<\/li>\n<li>\u0100tra uzl\u0101de: 1.5 l\u012bdz 3 stundas<\/li>\n<li>Vieglas: tikai 17 grami katrai baterijai<\/li>\n<li>Pieejamas k\u0101 tikai bateriju komplekts vai pilns komplekts ar l\u0101d\u0113t\u0101ju<\/li>\n<\/ul>\n<p>Piez\u012bme: \u0160\u012bs baterijas ir paredz\u0113tas tikai LED apgaismojuma produktiem un t\u0101s nedr\u012bkst izmantot ar kv\u0113lspuldz\u0113m. Izmantojiet SureFire SFLFP123 baterijas.<\/p>\n<\/div>\n","protected":false},"excerpt":{"rendered":"<p>SureFire SFLFP123: Uzl\u0101d\u0113jamas 3,2V LiFePO4 baterijas LED gaismek\u013ciem.<\/p>\n","protected":false},"featured_media":65644,"template":"","meta":{"_acf_changed":false},"product_brand":[11865],"product_cat":[],"product_tag":[],"class_list":{"0":"post-65643","1":"product","2":"type-product","3":"status-publish","4":"has-post-thumbnail","6":"product_brand-surefire","8":"first","9":"instock","10":"taxable","11":"shipping-taxable","12":"product-type-simple"},"acf":[],"_links":{"self":[{"href":"https:\/\/staging.nbg.eu\/lv\/wp-json\/wp\/v2\/product\/65643","targetHints":{"allow":["GET"]}}],"collection":[{"href":"https:\/\/staging.nbg.eu\/lv\/wp-json\/wp\/v2\/product"}],"about":[{"href":"https:\/\/staging.nbg.eu\/lv\/wp-json\/wp\/v2\/types\/product"}],"wp:featuredmedia":[{"embeddable":true,"href":"https:\/\/staging.nbg.eu\/lv\/wp-json\/wp\/v2\/media\/65644"}],"wp:attachment":[{"href":"https:\/\/staging.nbg.eu\/lv\/wp-json\/wp\/v2\/media?parent=65643"}],"wp:term":[{"taxonomy":"product_brand","embeddable":true,"href":"https:\/\/staging.nbg.eu\/lv\/wp-json\/wp\/v2\/product_brand?post=65643"},{"taxonomy":"product_cat","embeddable":true,"href":"https:\/\/staging.nbg.eu\/lv\/wp-json\/wp\/v2\/product_cat?post=65643"},{"taxonomy":"product_tag","embeddable":true,"href":"https:\/\/staging.nbg.eu\/lv\/wp-json\/wp\/v2\/product_tag?post=65643"}],"curies":[{"name":"wp","href":"https:\/\/api.w.org\/{rel}","templated":true}]}}