{"id":65583,"date":"2024-01-23T18:42:27","date_gmt":"2024-01-23T18:42:27","guid":{"rendered":"https:\/\/staging.nbg.eu\/product\/bore-cleaner-1-5-oz\/"},"modified":"2024-09-20T11:30:15","modified_gmt":"2024-09-20T11:30:15","slug":"stobra-tiritajs-15-oz","status":"publish","type":"product","link":"https:\/\/staging.nbg.eu\/lv\/product\/stobra-tiritajs-15-oz\/","title":{"rendered":"Stobra tiritajs 1.5 oz"},"content":{"rendered":"<p>\nIosso stobra t\u012br\u012bt\u0101js: Uz biolo\u0123iskas b\u0101zes veidota pasta iero\u010du t\u012br\u012b\u0161anai. Not\u012bra varu, svinu, oglekli, net\u012brumus un r\u016bsu. Neizraisa koroziju, bez smar\u017eas un videi draudz\u012bgs. Izmantojams kop\u0101 ar Eliminator birst\u0113m un e\u013c\u013cas \u0161\u0137\u012bdumu piln\u012bgai t\u012br\u012b\u0161anai. Izgatavots, izmantojot augu izcelsmes tehnolo\u0123iju \u0161aujamiero\u010diem.<\/p>\n","protected":false},"excerpt":{"rendered":"<p>Ekolo\u0123iski draudz\u012bgs t\u012br\u012b\u0161anas pasta iero\u010diem. \u0100tri no\u0146em nogulsnes un net\u012brumus.<\/p>\n","protected":false},"featured_media":101683,"template":"","meta":{"_acf_changed":false},"product_brand":[11480],"product_cat":[13808,13822],"product_tag":[],"class_list":{"0":"post-65583","1":"product","2":"type-product","3":"status-publish","4":"has-post-thumbnail","6":"product_brand-iosso","7":"product_cat-ierocu-tirisana","8":"product_cat-tirisanas-lidzekli","10":"first","11":"instock","12":"taxable","13":"shipping-taxable","14":"purchasable","15":"product-type-simple"},"acf":[],"_links":{"self":[{"href":"https:\/\/staging.nbg.eu\/lv\/wp-json\/wp\/v2\/product\/65583","targetHints":{"allow":["GET"]}}],"collection":[{"href":"https:\/\/staging.nbg.eu\/lv\/wp-json\/wp\/v2\/product"}],"about":[{"href":"https:\/\/staging.nbg.eu\/lv\/wp-json\/wp\/v2\/types\/product"}],"wp:featuredmedia":[{"embeddable":true,"href":"https:\/\/staging.nbg.eu\/lv\/wp-json\/wp\/v2\/media\/101683"}],"wp:attachment":[{"href":"https:\/\/staging.nbg.eu\/lv\/wp-json\/wp\/v2\/media?parent=65583"}],"wp:term":[{"taxonomy":"product_brand","embeddable":true,"href":"https:\/\/staging.nbg.eu\/lv\/wp-json\/wp\/v2\/product_brand?post=65583"},{"taxonomy":"product_cat","embeddable":true,"href":"https:\/\/staging.nbg.eu\/lv\/wp-json\/wp\/v2\/product_cat?post=65583"},{"taxonomy":"product_tag","embeddable":true,"href":"https:\/\/staging.nbg.eu\/lv\/wp-json\/wp\/v2\/product_tag?post=65583"}],"curies":[{"name":"wp","href":"https:\/\/api.w.org\/{rel}","templated":true}]}}