{"id":65339,"date":"2024-09-19T17:15:31","date_gmt":"2024-09-19T14:15:31","guid":{"rendered":"https:\/\/staging.nbg.eu\/?post_type=product&#038;p=65339"},"modified":"2025-10-20T12:25:38","modified_gmt":"2025-10-20T09:25:38","slug":"rh-owb-classics-maks","status":"publish","type":"product","link":"https:\/\/staging.nbg.eu\/lv\/product\/rh-owb-classics-maks\/","title":{"rendered":"RH OWB Classics maks"},"content":{"rendered":"<div class=\"product-description\">\n<h2>RH OWB klasiskais maksts<\/h2>\n<p>RH OWB klasiskais maksts ir \u0101rpus jostas vietas maksts, kas izgatavots no \u0101das ar \u0161uv\u0113m. Tas pied\u0101v\u0101:<\/p>\n<ul>\n<li>Iztur\u012bgu konstrukciju ilgsto\u0161ai lieto\u0161anai<\/li>\n<li>\u0112rtu piegulumu valk\u0101\u0161anai visu dienu<\/li>\n<li>Dro\u0161u notur\u0113\u0161anu iero\u010da viet\u0101<\/li>\n<li>\u0100tru un vieglu izvilk\u0161anu<\/li>\n<li>Klasisko dizainu<\/li>\n<\/ul>\n<p>Pieejams da\u017e\u0101diem popul\u0101riem \u0161aujamiero\u010du mode\u013ciem, RH OWB klasiskais maksts ir piem\u0113rots sl\u0113ptai n\u0113s\u0101\u0161anai, \u0161au\u0161anas treni\u0146iem vai atkl\u0101tai n\u0113s\u0101\u0161anai. \u0160is maksts ir popul\u0101rs starp iero\u010du entuziastiem.<\/p>\n<\/div>\n","protected":false},"excerpt":{"rendered":"<p>Dro\u0161s, \u0113rts \u0101r\u0113jais jostas maksts klasiskajiem \u0161aujamiero\u010diem. Iztur\u012bga konstrukcija.<\/p>\n","protected":false},"featured_media":65453,"template":"","meta":{"_acf_changed":false},"product_brand":[11644],"product_cat":[13781,13819,13768],"product_tag":[],"class_list":{"0":"post-65339","1":"product","2":"type-product","3":"status-publish","4":"has-post-thumbnail","6":"product_brand-rh-holsters","7":"product_cat-maksts","8":"product_cat-sporta-kobura","9":"product_cat-taktiskais-maksts","10":"pa_belt-size-40mm-lv","11":"pa_light-streamlight-tlr-1","12":"pa_light-surefire-x300-ultra-a-lv","13":"pa_light-surefire-x300u","14":"pa_light-without-light-lv","15":"pa_model-1911-lv","16":"pa_model-beretta-92fs-lv","17":"pa_model-beretta-92x-lv","18":"pa_model-cz-75-b-lv","19":"pa_model-glock-17-lv","20":"pa_model-glock-19-17","21":"pa_model-glock-19-23-32-lv","22":"pa_model-glock-43x-lv","23":"pa_model-hk45-lv","24":"pa_model-sig-sauer-p226-bez-railu-lv","25":"pa_strong-hand-right-lv","27":"first","28":"instock","29":"taxable","30":"shipping-taxable","31":"purchasable","32":"product-type-variable","33":"wvs-archive-product-wrapper"},"acf":[],"_links":{"self":[{"href":"https:\/\/staging.nbg.eu\/lv\/wp-json\/wp\/v2\/product\/65339","targetHints":{"allow":["GET"]}}],"collection":[{"href":"https:\/\/staging.nbg.eu\/lv\/wp-json\/wp\/v2\/product"}],"about":[{"href":"https:\/\/staging.nbg.eu\/lv\/wp-json\/wp\/v2\/types\/product"}],"wp:featuredmedia":[{"embeddable":true,"href":"https:\/\/staging.nbg.eu\/lv\/wp-json\/wp\/v2\/media\/65453"}],"wp:attachment":[{"href":"https:\/\/staging.nbg.eu\/lv\/wp-json\/wp\/v2\/media?parent=65339"}],"wp:term":[{"taxonomy":"product_brand","embeddable":true,"href":"https:\/\/staging.nbg.eu\/lv\/wp-json\/wp\/v2\/product_brand?post=65339"},{"taxonomy":"product_cat","embeddable":true,"href":"https:\/\/staging.nbg.eu\/lv\/wp-json\/wp\/v2\/product_cat?post=65339"},{"taxonomy":"product_tag","embeddable":true,"href":"https:\/\/staging.nbg.eu\/lv\/wp-json\/wp\/v2\/product_tag?post=65339"}],"curies":[{"name":"wp","href":"https:\/\/api.w.org\/{rel}","templated":true}]}}