{"id":63428,"date":"2024-01-23T19:15:27","date_gmt":"2024-09-16T13:12:42","guid":{"rendered":"https:\/\/staging.nbg.eu\/product\/iosso-cotton-knit-cleaning-patches\/"},"modified":"2024-09-16T13:13:35","modified_gmt":"2024-09-16T13:13:35","slug":"iosso-kokvilnas-aditas-tirisanas-uzlimes","status":"publish","type":"product","link":"https:\/\/staging.nbg.eu\/lv\/product\/iosso-kokvilnas-aditas-tirisanas-uzlimes\/","title":{"rendered":"Iosso kokvilnas aditas tirisanas uzlimes"},"content":{"rendered":"<p>\nIosso kokvilnas ad\u012bti t\u012br\u012b\u0161anas iel\u0101pi: 100% kokvilna, bez pl\u016bksn\u0101m un iztur\u012bgi pret spuro\u0161anos. Ad\u012bt\u0101 auduma strukt\u016bra lab\u0101k not\u012bra net\u012brumus nek\u0101 flanelis vai akrils. Pieejamie izm\u0113ri:<\/p>\n<ul>\n<li>1-1\/2&#8243;: .22 \u0161autene l\u012bdz .270<\/li>\n<li>2-1\/2&#8243;: .338 l\u012bdz .357<\/li>\n<li>3&#8243;: bises<\/li>\n<li>6&#8243;: 37-40mm<\/li>\n<\/ul>\n<p>Ad\u012bts pike audums nodro\u0161ina efekt\u012bvu t\u012br\u012b\u0161anu.<\/p>\n","protected":false},"excerpt":{"rendered":"<p>Bezpl\u016bksnu, ad\u012bti kokvilnas pl\u0101ksn\u012b\u0161i izcilai \u0161aujamiero\u010du t\u012br\u012b\u0161anai.<\/p>\n","protected":false},"featured_media":107564,"template":"","meta":{"_acf_changed":false},"product_brand":[11480],"product_cat":[13835,13808],"product_tag":[],"class_list":{"0":"post-63428","1":"product","2":"type-product","3":"status-publish","4":"has-post-thumbnail","6":"product_brand-iosso","7":"product_cat-birstes","8":"product_cat-ierocu-tirisana","10":"first","11":"instock","12":"taxable","13":"shipping-taxable","14":"purchasable","15":"product-type-variable","16":"wvs-archive-product-wrapper"},"acf":[],"_links":{"self":[{"href":"https:\/\/staging.nbg.eu\/lv\/wp-json\/wp\/v2\/product\/63428","targetHints":{"allow":["GET"]}}],"collection":[{"href":"https:\/\/staging.nbg.eu\/lv\/wp-json\/wp\/v2\/product"}],"about":[{"href":"https:\/\/staging.nbg.eu\/lv\/wp-json\/wp\/v2\/types\/product"}],"wp:featuredmedia":[{"embeddable":true,"href":"https:\/\/staging.nbg.eu\/lv\/wp-json\/wp\/v2\/media\/107564"}],"wp:attachment":[{"href":"https:\/\/staging.nbg.eu\/lv\/wp-json\/wp\/v2\/media?parent=63428"}],"wp:term":[{"taxonomy":"product_brand","embeddable":true,"href":"https:\/\/staging.nbg.eu\/lv\/wp-json\/wp\/v2\/product_brand?post=63428"},{"taxonomy":"product_cat","embeddable":true,"href":"https:\/\/staging.nbg.eu\/lv\/wp-json\/wp\/v2\/product_cat?post=63428"},{"taxonomy":"product_tag","embeddable":true,"href":"https:\/\/staging.nbg.eu\/lv\/wp-json\/wp\/v2\/product_tag?post=63428"}],"curies":[{"name":"wp","href":"https:\/\/api.w.org\/{rel}","templated":true}]}}