{"id":63353,"date":"2024-01-23T19:37:48","date_gmt":"2024-09-16T13:09:40","guid":{"rendered":"https:\/\/staging.nbg.eu\/product\/iosso-firearms-parts-cleaner-degreaser-37l\/"},"modified":"2024-09-16T13:10:31","modified_gmt":"2024-09-16T13:10:31","slug":"iosso-saujamierocu-detalu-tiritajs-attaukotajs-37l","status":"publish","type":"product","link":"https:\/\/staging.nbg.eu\/lv\/product\/iosso-saujamierocu-detalu-tiritajs-attaukotajs-37l\/","title":{"rendered":"Iosso saujamierocu detalu tiritajs (attaukotajs, 3,7L)"},"content":{"rendered":"<p>\nIosso iero\u010du da\u013cu t\u012br\u012bt\u0101js: Attaukot\u0101js iero\u010diem. \u0160is biolo\u0123iski no\u0101rd\u0101mais t\u012br\u012bt\u0101js efekt\u012bvi no\u0146em net\u012brumus, oglekli, sm\u0113rvielas un nogulsnes. Dro\u0161s lieto\u0161anai ultraska\u0146as ma\u0161\u012bn\u0101s, ar zemu gaisto\u0161o organisko savienojumu saturu un izgatavots no augu ekstraktiem. Var izsmidzin\u0101t, iem\u0113rkt vai noslauc\u012bt, lai not\u012br\u012btu ieroci.<\/p>\n","protected":false},"excerpt":{"rendered":"<p>Videi draudz\u012bgs, iedarb\u012bgs attaukot\u0101js r\u016bp\u012bgai iero\u010du deta\u013cu t\u012br\u012b\u0161anai.<\/p>\n","protected":false},"featured_media":102528,"template":"","meta":{"_acf_changed":false},"product_brand":[11480],"product_cat":[13808,13822],"product_tag":[],"class_list":{"0":"post-63353","1":"product","2":"type-product","3":"status-publish","4":"has-post-thumbnail","6":"product_brand-iosso","7":"product_cat-ierocu-tirisana","8":"product_cat-tirisanas-lidzekli","10":"first","11":"instock","12":"taxable","13":"shipping-taxable","14":"purchasable","15":"product-type-simple"},"acf":[],"_links":{"self":[{"href":"https:\/\/staging.nbg.eu\/lv\/wp-json\/wp\/v2\/product\/63353","targetHints":{"allow":["GET"]}}],"collection":[{"href":"https:\/\/staging.nbg.eu\/lv\/wp-json\/wp\/v2\/product"}],"about":[{"href":"https:\/\/staging.nbg.eu\/lv\/wp-json\/wp\/v2\/types\/product"}],"wp:featuredmedia":[{"embeddable":true,"href":"https:\/\/staging.nbg.eu\/lv\/wp-json\/wp\/v2\/media\/102528"}],"wp:attachment":[{"href":"https:\/\/staging.nbg.eu\/lv\/wp-json\/wp\/v2\/media?parent=63353"}],"wp:term":[{"taxonomy":"product_brand","embeddable":true,"href":"https:\/\/staging.nbg.eu\/lv\/wp-json\/wp\/v2\/product_brand?post=63353"},{"taxonomy":"product_cat","embeddable":true,"href":"https:\/\/staging.nbg.eu\/lv\/wp-json\/wp\/v2\/product_cat?post=63353"},{"taxonomy":"product_tag","embeddable":true,"href":"https:\/\/staging.nbg.eu\/lv\/wp-json\/wp\/v2\/product_tag?post=63353"}],"curies":[{"name":"wp","href":"https:\/\/api.w.org\/{rel}","templated":true}]}}