{"id":63300,"date":"2024-01-23T19:46:33","date_gmt":"2024-09-16T13:04:41","guid":{"rendered":"https:\/\/staging.nbg.eu\/product\/iosso-gunbrite\/"},"modified":"2024-09-16T13:05:34","modified_gmt":"2024-09-16T13:05:34","slug":"iosso-gunbrite","status":"publish","type":"product","link":"https:\/\/staging.nbg.eu\/lv\/product\/iosso-gunbrite\/","title":{"rendered":"Iosso GunBrite"},"content":{"rendered":"<p>\nIosso GunBrite: Iero\u010du t\u012br\u012b\u0161anas l\u012bdzeklis<\/p>\n<ul>\n<li>Dro\u0161s vis\u0101m iero\u010du virsm\u0101m<\/li>\n<li>No\u0146em net\u012brumus, r\u016bsu, aptraip\u012bjumus un kr\u0101sas izmai\u0146as<\/li>\n<li>T\u012bra cilindru gredzenus<\/li>\n<li>Atst\u0101j aizsarg\u0101jo\u0161u, nee\u013c\u013cainu p\u0101rkl\u0101jumu<\/li>\n<li>Notur\u012bgs pret pirkstu nospiedumiem un mitrumu<\/li>\n<\/ul>\n<p>Iosso GunBrite pal\u012bdz uztur\u0113t iero\u010dus t\u012brus<\/p>\n","protected":false},"excerpt":{"rendered":"<p>Iosso GunBrite: Dro\u0161i t\u012bra, pul\u0113 un aizsarg\u0101 \u0161aujamiero\u010dus.<\/p>\n","protected":false},"featured_media":102605,"template":"","meta":{"_acf_changed":false},"product_brand":[11480],"product_cat":[13808,13822],"product_tag":[],"class_list":{"0":"post-63300","1":"product","2":"type-product","3":"status-publish","4":"has-post-thumbnail","6":"product_brand-iosso","7":"product_cat-ierocu-tirisana","8":"product_cat-tirisanas-lidzekli","10":"first","11":"instock","12":"taxable","13":"shipping-taxable","14":"purchasable","15":"product-type-variable","16":"wvs-archive-product-wrapper"},"acf":[],"_links":{"self":[{"href":"https:\/\/staging.nbg.eu\/lv\/wp-json\/wp\/v2\/product\/63300","targetHints":{"allow":["GET"]}}],"collection":[{"href":"https:\/\/staging.nbg.eu\/lv\/wp-json\/wp\/v2\/product"}],"about":[{"href":"https:\/\/staging.nbg.eu\/lv\/wp-json\/wp\/v2\/types\/product"}],"wp:featuredmedia":[{"embeddable":true,"href":"https:\/\/staging.nbg.eu\/lv\/wp-json\/wp\/v2\/media\/102605"}],"wp:attachment":[{"href":"https:\/\/staging.nbg.eu\/lv\/wp-json\/wp\/v2\/media?parent=63300"}],"wp:term":[{"taxonomy":"product_brand","embeddable":true,"href":"https:\/\/staging.nbg.eu\/lv\/wp-json\/wp\/v2\/product_brand?post=63300"},{"taxonomy":"product_cat","embeddable":true,"href":"https:\/\/staging.nbg.eu\/lv\/wp-json\/wp\/v2\/product_cat?post=63300"},{"taxonomy":"product_tag","embeddable":true,"href":"https:\/\/staging.nbg.eu\/lv\/wp-json\/wp\/v2\/product_tag?post=63300"}],"curies":[{"name":"wp","href":"https:\/\/api.w.org\/{rel}","templated":true}]}}