{"id":63161,"date":"2024-01-24T09:44:05","date_gmt":"2024-09-16T13:00:43","guid":{"rendered":"https:\/\/staging.nbg.eu\/product\/iosso-triple-action-oil-solution\/"},"modified":"2024-09-16T13:01:37","modified_gmt":"2024-09-16T13:01:37","slug":"iosso-triskartas-darbibas-ellas-skidums","status":"publish","type":"product","link":"https:\/\/staging.nbg.eu\/lv\/product\/iosso-triskartas-darbibas-ellas-skidums\/","title":{"rendered":"Iosso triskartas darbibas ellas skidums"},"content":{"rendered":"<p>\nIosso tr\u012bsk\u0101r\u0161as iedarb\u012bbas e\u013c\u013cas \u0161\u0137\u012bdums: T\u012bra, iee\u013c\u013co un aizsarg\u0101 \u0161aujamiero\u010dus ar biono\u0101rd\u0101mu, augu izcelsmes formulu. Ies\u016bcas, lai atbr\u012bvotu pulveri, oglekli un plastmasas pild\u012bjumu. Da\u013cu iee\u013c\u013co\u0161anas l\u012bdzeklis un korozijas inhibitors. Darbojas ekstrem\u0101l\u0101s temperat\u016br\u0101s l\u012bdz -74F(-65C). Piem\u0113rots stobra t\u012br\u012b\u0161anai un iero\u010du apkopei.<\/p>\n","protected":false},"excerpt":{"rendered":"<p>Videi draudz\u012bga e\u013c\u013ca efekt\u012bvi t\u012bra, iee\u013c\u013co un aizsarg\u0101 \u0161aujamiero\u010dus.<\/p>\n","protected":false},"featured_media":107616,"template":"","meta":{"_acf_changed":false},"product_brand":[11480],"product_cat":[13808,13796,13822],"product_tag":[],"class_list":{"0":"post-63161","1":"product","2":"type-product","3":"status-publish","4":"has-post-thumbnail","6":"product_brand-iosso","7":"product_cat-ierocu-tirisana","8":"product_cat-smervielas","9":"product_cat-tirisanas-lidzekli","11":"first","12":"instock","13":"taxable","14":"shipping-taxable","15":"purchasable","16":"product-type-variable","17":"wvs-archive-product-wrapper"},"acf":[],"_links":{"self":[{"href":"https:\/\/staging.nbg.eu\/lv\/wp-json\/wp\/v2\/product\/63161","targetHints":{"allow":["GET"]}}],"collection":[{"href":"https:\/\/staging.nbg.eu\/lv\/wp-json\/wp\/v2\/product"}],"about":[{"href":"https:\/\/staging.nbg.eu\/lv\/wp-json\/wp\/v2\/types\/product"}],"wp:featuredmedia":[{"embeddable":true,"href":"https:\/\/staging.nbg.eu\/lv\/wp-json\/wp\/v2\/media\/107616"}],"wp:attachment":[{"href":"https:\/\/staging.nbg.eu\/lv\/wp-json\/wp\/v2\/media?parent=63161"}],"wp:term":[{"taxonomy":"product_brand","embeddable":true,"href":"https:\/\/staging.nbg.eu\/lv\/wp-json\/wp\/v2\/product_brand?post=63161"},{"taxonomy":"product_cat","embeddable":true,"href":"https:\/\/staging.nbg.eu\/lv\/wp-json\/wp\/v2\/product_cat?post=63161"},{"taxonomy":"product_tag","embeddable":true,"href":"https:\/\/staging.nbg.eu\/lv\/wp-json\/wp\/v2\/product_tag?post=63161"}],"curies":[{"name":"wp","href":"https:\/\/api.w.org\/{rel}","templated":true}]}}