{"id":63013,"date":"2024-01-25T20:06:46","date_gmt":"2024-09-16T12:23:18","guid":{"rendered":"https:\/\/staging.nbg.eu\/product\/iosso-ar-rifle-gas-tube-cleaning-kit\/"},"modified":"2024-09-16T12:24:07","modified_gmt":"2024-09-16T12:24:07","slug":"iosso-ar-sautenes-gazes-caurules-tirisanas-komplekts","status":"publish","type":"product","link":"https:\/\/staging.nbg.eu\/lv\/product\/iosso-ar-sautenes-gazes-caurules-tirisanas-komplekts\/","title":{"rendered":"Iosso AR sautenes gazes caurules tirisanas komplekts"},"content":{"rendered":"<p>\nIosso AR \u0161autenes g\u0101zes caurules t\u012br\u012b\u0161anas komplekts pied\u0101v\u0101 risin\u0101jumu j\u016bsu AR \u0161autenes uztur\u0113\u0161anai. \u0160is patent\u0113tais komplekts ietver:<\/p>\n<ul>\n<li>Divas specializ\u0113tas g\u0101zes caurules birstes<\/li>\n<li>Caursp\u012bd\u012bgu vadcauruli<\/li>\n<li>Iosso Tr\u012bsk\u0101r\u0161\u0101s iedarb\u012bbas e\u013c\u013cu<\/li>\n<\/ul>\n<p>T\u012briet g\u0101zes cauruli bez izjauk\u0161anas, nodro\u0161inot pareizu aizsl\u0113ga darb\u012bbu un nov\u0113r\u0161ot oglek\u013ca uzkr\u0101\u0161anos. \u0160\u012b t\u012br\u012b\u0161anas sist\u0113ma \u013cauj ietaup\u012bt laiku un p\u016bles.<\/p>\n","protected":false},"excerpt":{"rendered":"<p>Efekt\u012bvs AR g\u0101zes caurules t\u012br\u012bt\u0101js &#8211; nav nepiecie\u0161ama izjauk\u0161ana.<\/p>\n","protected":false},"featured_media":102324,"template":"","meta":{"_acf_changed":false},"product_brand":[11480],"product_cat":[13835,13808],"product_tag":[],"class_list":{"0":"post-63013","1":"product","2":"type-product","3":"status-publish","4":"has-post-thumbnail","6":"product_brand-iosso","7":"product_cat-birstes","8":"product_cat-ierocu-tirisana","10":"first","11":"instock","12":"taxable","13":"shipping-taxable","14":"purchasable","15":"product-type-simple"},"acf":[],"_links":{"self":[{"href":"https:\/\/staging.nbg.eu\/lv\/wp-json\/wp\/v2\/product\/63013","targetHints":{"allow":["GET"]}}],"collection":[{"href":"https:\/\/staging.nbg.eu\/lv\/wp-json\/wp\/v2\/product"}],"about":[{"href":"https:\/\/staging.nbg.eu\/lv\/wp-json\/wp\/v2\/types\/product"}],"wp:featuredmedia":[{"embeddable":true,"href":"https:\/\/staging.nbg.eu\/lv\/wp-json\/wp\/v2\/media\/102324"}],"wp:attachment":[{"href":"https:\/\/staging.nbg.eu\/lv\/wp-json\/wp\/v2\/media?parent=63013"}],"wp:term":[{"taxonomy":"product_brand","embeddable":true,"href":"https:\/\/staging.nbg.eu\/lv\/wp-json\/wp\/v2\/product_brand?post=63013"},{"taxonomy":"product_cat","embeddable":true,"href":"https:\/\/staging.nbg.eu\/lv\/wp-json\/wp\/v2\/product_cat?post=63013"},{"taxonomy":"product_tag","embeddable":true,"href":"https:\/\/staging.nbg.eu\/lv\/wp-json\/wp\/v2\/product_tag?post=63013"}],"curies":[{"name":"wp","href":"https:\/\/api.w.org\/{rel}","templated":true}]}}