{"id":62927,"date":"2024-01-25T20:19:03","date_gmt":"2024-09-16T12:21:18","guid":{"rendered":"https:\/\/staging.nbg.eu\/product\/iosso-chamber-brushes-2-pack\/"},"modified":"2024-09-16T12:22:14","modified_gmt":"2024-09-16T12:22:14","slug":"iosso-kameras-sukas-2-komplekts","status":"publish","type":"product","link":"https:\/\/staging.nbg.eu\/lv\/product\/iosso-kameras-sukas-2-komplekts\/","title":{"rendered":"Iosso kameras sukas 2 komplekts"},"content":{"rendered":"<p style=\"text-align: center\"><strong><span style=\"font-size: 170%\">Iosso kameras birstes (2 iepakojumi)<\/span><\/strong><\/p>\n<p>Pirm\u0101 birste 6.5 Creedmoor kameras t\u012br\u012b\u0161anai. T\u0101s ir izgatavotas ar prec\u012bzu izm\u0113ru prec\u012bzai t\u012br\u012b\u0161anai. Veidotas no zilas \u0161\u0137iedras, kas ir bieza, stingra un labi saglab\u0101 formu, at\u0161\u0137ir\u012bb\u0101 no tradicion\u0101laj\u0101m misi\u0146a un bronzas birst\u0113m. T\u0101s var izmantot vair\u0101kas reizes, pirms nolietojas. Iepakojum\u0101 ir 2 birstes. Ieteicamie t\u012br\u012b\u0161anas l\u012bdzek\u013ci lieto\u0161anai ar \u0161o birsti ir Iosso stobra t\u012br\u012bt\u0101js un Iosso tr\u012bsk\u0101r\u0161as iedarb\u012bbas e\u013c\u013ca. <strong>Zil\u0101s birstes ir Iosso produktu pre\u010du z\u012bme.<\/strong><\/p>\n<table width=\"305\">\n<tbody>\n<tr>\n<td width=\"305\"><strong>AR-15 kameras birste ar tapu, 2 gab.<\/strong><\/td>\n<\/tr>\n<tr>\n<td><strong>Grendel AR-15 6.5 kameras birste, 2 gab.<\/strong><\/td>\n<\/tr>\n<tr>\n<td><strong>Creedmoor 6.5 kameras birste, 2 gab.<\/strong><\/td>\n<\/tr>\n<tr>\n<td><strong>AR.308 \u0161autenes kameras birste ar tapu, 2 gab.<\/strong><\/td>\n<\/tr>\n<\/tbody>\n<\/table>\n","protected":false},"excerpt":{"rendered":"<p><strong>Pirm\u0101 birste 6.5 Creedmoor kameras t\u012br\u012b\u0161anai<\/strong><\/p>\n","protected":false},"featured_media":107685,"template":"","meta":{"_acf_changed":false},"product_brand":[11480],"product_cat":[13835,13808],"product_tag":[],"class_list":{"0":"post-62927","1":"product","2":"type-product","3":"status-publish","4":"has-post-thumbnail","6":"product_brand-iosso","7":"product_cat-birstes","8":"product_cat-ierocu-tirisana","9":"pa_model-6-5-creedmoor-lv","10":"pa_model-6-5-grendel-lv","11":"pa_model-ar-308-lv-2","12":"pa_model-ar-15-lv","14":"first","15":"instock","16":"taxable","17":"shipping-taxable","18":"purchasable","19":"product-type-variable","20":"wvs-archive-product-wrapper"},"acf":[],"_links":{"self":[{"href":"https:\/\/staging.nbg.eu\/lv\/wp-json\/wp\/v2\/product\/62927","targetHints":{"allow":["GET"]}}],"collection":[{"href":"https:\/\/staging.nbg.eu\/lv\/wp-json\/wp\/v2\/product"}],"about":[{"href":"https:\/\/staging.nbg.eu\/lv\/wp-json\/wp\/v2\/types\/product"}],"wp:featuredmedia":[{"embeddable":true,"href":"https:\/\/staging.nbg.eu\/lv\/wp-json\/wp\/v2\/media\/107685"}],"wp:attachment":[{"href":"https:\/\/staging.nbg.eu\/lv\/wp-json\/wp\/v2\/media?parent=62927"}],"wp:term":[{"taxonomy":"product_brand","embeddable":true,"href":"https:\/\/staging.nbg.eu\/lv\/wp-json\/wp\/v2\/product_brand?post=62927"},{"taxonomy":"product_cat","embeddable":true,"href":"https:\/\/staging.nbg.eu\/lv\/wp-json\/wp\/v2\/product_cat?post=62927"},{"taxonomy":"product_tag","embeddable":true,"href":"https:\/\/staging.nbg.eu\/lv\/wp-json\/wp\/v2\/product_tag?post=62927"}],"curies":[{"name":"wp","href":"https:\/\/api.w.org\/{rel}","templated":true}]}}