{"id":62841,"date":"2024-01-25T20:40:36","date_gmt":"2024-09-16T12:17:25","guid":{"rendered":"https:\/\/staging.nbg.eu\/product\/iosso-shotgun-adapter-brass-8-32-to-5-16-27\/"},"modified":"2024-09-16T12:18:17","modified_gmt":"2024-09-16T12:18:17","slug":"iosso-shotgun-adapteris-misins-832-uz-516-27","status":"publish","type":"product","link":"https:\/\/staging.nbg.eu\/lv\/product\/iosso-shotgun-adapteris-misins-832-uz-516-27\/","title":{"rendered":"Iosso Shotgun adapteris misins 8\/32 uz 5\/16-27"},"content":{"rendered":"<p>\nIosso bises adapters: 8\/32 v\u012bri\u0161\u0137ais uz 5\/16-27 sievi\u0161\u0137o. P\u0101rveido stie\u0146us bises birst\u0113m. Izgatavots no misi\u0146a, ra\u017eots ASV.<\/p>\n","protected":false},"excerpt":{"rendered":"<p>Misi\u0146a adapteris: 8\/32 v\u012bri\u0161\u0137\u0101 v\u012btne uz 5\/16-27 sievi\u0161\u0137o v\u012btni. Paredz\u0113ts bises t\u012br\u012b\u0161anas birst\u0113m. Ra\u017eots ASV.<\/p>\n","protected":false},"featured_media":107310,"template":"","meta":{"_acf_changed":false},"product_brand":[11480],"product_cat":[13835,13808],"product_tag":[],"class_list":{"0":"post-62841","1":"product","2":"type-product","3":"status-publish","4":"has-post-thumbnail","6":"product_brand-iosso","7":"product_cat-birstes","8":"product_cat-ierocu-tirisana","10":"first","11":"instock","12":"taxable","13":"shipping-taxable","14":"purchasable","15":"product-type-simple"},"acf":[],"_links":{"self":[{"href":"https:\/\/staging.nbg.eu\/lv\/wp-json\/wp\/v2\/product\/62841","targetHints":{"allow":["GET"]}}],"collection":[{"href":"https:\/\/staging.nbg.eu\/lv\/wp-json\/wp\/v2\/product"}],"about":[{"href":"https:\/\/staging.nbg.eu\/lv\/wp-json\/wp\/v2\/types\/product"}],"wp:featuredmedia":[{"embeddable":true,"href":"https:\/\/staging.nbg.eu\/lv\/wp-json\/wp\/v2\/media\/107310"}],"wp:attachment":[{"href":"https:\/\/staging.nbg.eu\/lv\/wp-json\/wp\/v2\/media?parent=62841"}],"wp:term":[{"taxonomy":"product_brand","embeddable":true,"href":"https:\/\/staging.nbg.eu\/lv\/wp-json\/wp\/v2\/product_brand?post=62841"},{"taxonomy":"product_cat","embeddable":true,"href":"https:\/\/staging.nbg.eu\/lv\/wp-json\/wp\/v2\/product_cat?post=62841"},{"taxonomy":"product_tag","embeddable":true,"href":"https:\/\/staging.nbg.eu\/lv\/wp-json\/wp\/v2\/product_tag?post=62841"}],"curies":[{"name":"wp","href":"https:\/\/api.w.org\/{rel}","templated":true}]}}