{"id":62695,"date":"2024-02-02T19:48:47","date_gmt":"2024-02-02T19:48:47","guid":{"rendered":"https:\/\/staging.nbg.eu\/product\/geissele-chf-chrome-lined-barrel-5-56-14-5\/"},"modified":"2024-09-16T12:01:57","modified_gmt":"2024-09-16T12:01:57","slug":"geissele-chf-hromets-stobrs-556-145","status":"publish","type":"product","link":"https:\/\/staging.nbg.eu\/lv\/product\/geissele-chf-hromets-stobrs-556-145\/","title":{"rendered":"Geissele CHF hromets stobrs, 5.56 &#8211; 14.5&#8243;"},"content":{"rendered":"<div class=\"product-description\">\n<h2>Geissele CHF hrom\u0113ta stobrs &#8211; 5.56<\/h2>\n<p>Geissele CHF hrom\u0113tais stobrs 5.56 NATO kalibram ir izgatavots North Wales, PA. \u0160is stobrs apvieno m\u016bsdienu tehnolo\u0123ijas ar augstu meistar\u012bbu.<\/p>\n<ul>\n<li>Auksti kalts (CHF) iztur\u012bbai un ilgm\u016b\u017e\u012bbai<\/li>\n<li>Hrom\u0113ts korozijas iztur\u012bbai un viegl\u0101kai t\u012br\u012b\u0161anai<\/li>\n<li>Augsta spiediena p\u0101rbaud\u012bts (HPT) un magn\u0113tisko da\u013ci\u0146u p\u0101rbaud\u012bts (MPI) kvalit\u0101tes nodro\u0161in\u0101\u0161anai<\/li>\n<li>Piem\u0113rots dienesta iero\u010diem, sacens\u012bbu iero\u010diem un citiem pielietojumiem<\/li>\n<li>Prec\u012bzi apstr\u0101d\u0101ts, izmantojot augstas kvalit\u0101tes materi\u0101lus konsistencei un precizit\u0101tei<\/li>\n<\/ul>\n<p>Izv\u0113lieties Geissele jebkurai situ\u0101cijai.<\/p>\n<\/div>\n","protected":false},"excerpt":{"rendered":"<p>Prec\u012bzi kalts 5,56 stobrs. HPT\/MPI p\u0101rbaud\u012bts uzticam\u012bbai.<\/p>\n","protected":false},"featured_media":62696,"template":"","meta":{"_acf_changed":false},"product_brand":[11383],"product_cat":[13827,13776,13801],"product_tag":[],"class_list":{"0":"post-62695","1":"product","2":"type-product","3":"status-publish","4":"has-post-thumbnail","6":"product_brand-geissele","7":"product_cat-sautene","8":"product_cat-sautenes-uzlabojumi","9":"product_cat-stobri","11":"first","12":"instock","13":"taxable","14":"shipping-taxable","15":"product-type-simple"},"acf":[],"_links":{"self":[{"href":"https:\/\/staging.nbg.eu\/lv\/wp-json\/wp\/v2\/product\/62695","targetHints":{"allow":["GET"]}}],"collection":[{"href":"https:\/\/staging.nbg.eu\/lv\/wp-json\/wp\/v2\/product"}],"about":[{"href":"https:\/\/staging.nbg.eu\/lv\/wp-json\/wp\/v2\/types\/product"}],"wp:featuredmedia":[{"embeddable":true,"href":"https:\/\/staging.nbg.eu\/lv\/wp-json\/wp\/v2\/media\/62696"}],"wp:attachment":[{"href":"https:\/\/staging.nbg.eu\/lv\/wp-json\/wp\/v2\/media?parent=62695"}],"wp:term":[{"taxonomy":"product_brand","embeddable":true,"href":"https:\/\/staging.nbg.eu\/lv\/wp-json\/wp\/v2\/product_brand?post=62695"},{"taxonomy":"product_cat","embeddable":true,"href":"https:\/\/staging.nbg.eu\/lv\/wp-json\/wp\/v2\/product_cat?post=62695"},{"taxonomy":"product_tag","embeddable":true,"href":"https:\/\/staging.nbg.eu\/lv\/wp-json\/wp\/v2\/product_tag?post=62695"}],"curies":[{"name":"wp","href":"https:\/\/api.w.org\/{rel}","templated":true}]}}