{"id":62449,"date":"2024-02-13T20:10:34","date_gmt":"2024-09-16T11:53:47","guid":{"rendered":"https:\/\/staging.nbg.eu\/product\/geissele-chf-chrome-lined-barrel-5-56-13-9\/"},"modified":"2024-09-16T11:54:45","modified_gmt":"2024-09-16T11:54:45","slug":"geissele-chf-hromets-stobrs-556-139","status":"publish","type":"product","link":"https:\/\/staging.nbg.eu\/lv\/product\/geissele-chf-hromets-stobrs-556-139\/","title":{"rendered":"Geissele CHF hromets stobrs, 5.56 &#8211; 13.9&#8243;"},"content":{"rendered":"<div class=\"product-description\">\n<h2>Geissele CHF hrom\u0113ta stobra iek\u0161\u0113j\u0101 virsma &#8211; 5,56<\/h2>\n<p>Geissele CHF hrom\u0113ta stobra iek\u0161\u0113j\u0101 virsma 5,56 NATO kalibram. Ra\u017eots North Wales, PA, \u0161is stobrs apvieno tehnolo\u0123iju ar amatniec\u012bbu.<\/p>\n<ul>\n<li>Auksti kalts (CHF) iztur\u012bbai un ilgm\u016b\u017e\u012bbai<\/li>\n<li>Hrom\u0113ta iek\u0161\u0113j\u0101 virsma korozijas iztur\u012bbai un viegl\u0101kai t\u012br\u012b\u0161anai<\/li>\n<li>Augsta spiediena p\u0101rbaud\u012bts (HPT) un magn\u0113tisko da\u013ci\u0146u p\u0101rbaud\u012bts (MPI) kvalit\u0101tes nodro\u0161in\u0101\u0161anai<\/li>\n<li>Piem\u0113rots dienesta iero\u010diem, sacens\u012bbu iero\u010diem un citiem<\/li>\n<li>Prec\u012bzi apstr\u0101d\u0101ts, izmantojot kvalitat\u012bvus materi\u0101lus precizit\u0101tei<\/li>\n<\/ul>\n<p>Izv\u0113lieties Geissele veiktsp\u0113jai da\u017e\u0101d\u0101s situ\u0101cij\u0101s.<\/p>\n<\/div>\n","protected":false},"excerpt":{"rendered":"<p>Prec\u012bzi kalts 5,56 mm stobrs. HPT\/MPI p\u0101rbaud\u012bts uzticam\u012bbai.<\/p>\n","protected":false},"featured_media":62450,"template":"","meta":{"_acf_changed":false},"product_brand":[11383],"product_cat":[13827,13776,13801],"product_tag":[],"class_list":{"0":"post-62449","1":"product","2":"type-product","3":"status-publish","4":"has-post-thumbnail","6":"product_brand-geissele","7":"product_cat-sautene","8":"product_cat-sautenes-uzlabojumi","9":"product_cat-stobri","11":"first","12":"instock","13":"taxable","14":"shipping-taxable","15":"product-type-simple"},"acf":[],"_links":{"self":[{"href":"https:\/\/staging.nbg.eu\/lv\/wp-json\/wp\/v2\/product\/62449","targetHints":{"allow":["GET"]}}],"collection":[{"href":"https:\/\/staging.nbg.eu\/lv\/wp-json\/wp\/v2\/product"}],"about":[{"href":"https:\/\/staging.nbg.eu\/lv\/wp-json\/wp\/v2\/types\/product"}],"wp:featuredmedia":[{"embeddable":true,"href":"https:\/\/staging.nbg.eu\/lv\/wp-json\/wp\/v2\/media\/62450"}],"wp:attachment":[{"href":"https:\/\/staging.nbg.eu\/lv\/wp-json\/wp\/v2\/media?parent=62449"}],"wp:term":[{"taxonomy":"product_brand","embeddable":true,"href":"https:\/\/staging.nbg.eu\/lv\/wp-json\/wp\/v2\/product_brand?post=62449"},{"taxonomy":"product_cat","embeddable":true,"href":"https:\/\/staging.nbg.eu\/lv\/wp-json\/wp\/v2\/product_cat?post=62449"},{"taxonomy":"product_tag","embeddable":true,"href":"https:\/\/staging.nbg.eu\/lv\/wp-json\/wp\/v2\/product_tag?post=62449"}],"curies":[{"name":"wp","href":"https:\/\/api.w.org\/{rel}","templated":true}]}}