{"id":62336,"date":"2024-02-14T07:09:17","date_gmt":"2024-09-16T11:47:26","guid":{"rendered":"https:\/\/staging.nbg.eu\/product\/geissele-super-semi-automatic-ssa-trigger\/"},"modified":"2024-09-16T11:48:17","modified_gmt":"2024-09-16T11:48:17","slug":"geissele-super-puscaurlaides-ssa-spruditajs","status":"publish","type":"product","link":"https:\/\/staging.nbg.eu\/lv\/product\/geissele-super-puscaurlaides-ssa-spruditajs\/","title":{"rendered":"Geissele Super puscaurlaides (SSA) spruditajs"},"content":{"rendered":"<h2>Geissele pusautom\u0101tiskais (SSA\u00ae) spr\u016bds<\/h2>\n<p>Geissele SSA\u00ae spr\u016bds ir pusautom\u0101tiska Super Select-Fire spr\u016bda adapt\u0101cija. \u0160is neregul\u0113jamais divu pak\u0101pju spr\u016bds pied\u0101v\u0101:<\/p>\n<ul>\n<li>Precizit\u0101te prec\u012bziem \u0161\u0101vieniem<\/li>\n<li>Piem\u0113rot\u012bba tuvc\u012b\u0146ai<\/li>\n<li>Crane Naval Surface Warfare Center dro\u0161\u012bbas sertifik\u0101cija<\/li>\n<li>Piem\u0113rots ties\u012bbsarg\u0101jo\u0161\u0101m iest\u0101d\u0113m un dinamisk\u0101m vid\u0113m<\/li>\n<\/ul>\n<p>SSA\u00ae dizains nodro\u0161ina vieglu piesk\u0101rienu t\u0101lo \u0161\u0101vienu precizit\u0101tei, vienlaikus saglab\u0101jot nepiecie\u0161amo elast\u012bbu \u0101tr\u0101s \u0161au\u0161anas situ\u0101cij\u0101s. Gan vid\u0113ja att\u0101luma karb\u012bna darb\u012bb\u0101m, gan augstas spriedzes scen\u0101rijos, Geissele SSA\u00ae spr\u016bds nodro\u0161ina konsekventu un uzticamu darb\u012bbu.<\/p>\n<p>\u0160\u012b spr\u016bdu sist\u0113ma ir p\u0101rbaud\u012bta kaujas apst\u0101k\u013cos.<\/p>\n","protected":false},"excerpt":{"rendered":"<p>Augstas precizit\u0101tes divu pak\u0101pju spr\u016bds daudzpus\u012bgai un prec\u012bzai \u0161au\u0161anai.<\/p>\n","protected":false},"featured_media":62252,"template":"","meta":{"_acf_changed":false},"product_brand":[11383],"product_cat":[13764,13827,13776],"product_tag":[],"class_list":{"0":"post-62336","1":"product","2":"type-product","3":"status-publish","4":"has-post-thumbnail","6":"product_brand-geissele","7":"product_cat-gailis","8":"product_cat-sautene","9":"product_cat-sautenes-uzlabojumi","11":"first","12":"instock","13":"taxable","14":"shipping-taxable","15":"product-type-simple"},"acf":[],"_links":{"self":[{"href":"https:\/\/staging.nbg.eu\/lv\/wp-json\/wp\/v2\/product\/62336","targetHints":{"allow":["GET"]}}],"collection":[{"href":"https:\/\/staging.nbg.eu\/lv\/wp-json\/wp\/v2\/product"}],"about":[{"href":"https:\/\/staging.nbg.eu\/lv\/wp-json\/wp\/v2\/types\/product"}],"wp:featuredmedia":[{"embeddable":true,"href":"https:\/\/staging.nbg.eu\/lv\/wp-json\/wp\/v2\/media\/62252"}],"wp:attachment":[{"href":"https:\/\/staging.nbg.eu\/lv\/wp-json\/wp\/v2\/media?parent=62336"}],"wp:term":[{"taxonomy":"product_brand","embeddable":true,"href":"https:\/\/staging.nbg.eu\/lv\/wp-json\/wp\/v2\/product_brand?post=62336"},{"taxonomy":"product_cat","embeddable":true,"href":"https:\/\/staging.nbg.eu\/lv\/wp-json\/wp\/v2\/product_cat?post=62336"},{"taxonomy":"product_tag","embeddable":true,"href":"https:\/\/staging.nbg.eu\/lv\/wp-json\/wp\/v2\/product_tag?post=62336"}],"curies":[{"name":"wp","href":"https:\/\/api.w.org\/{rel}","templated":true}]}}