{"id":62109,"date":"2024-02-14T07:32:28","date_gmt":"2024-09-16T11:41:34","guid":{"rendered":"https:\/\/staging.nbg.eu\/product\/geissele-ssa-x-trigger-with-lightning-bow\/"},"modified":"2024-09-16T11:42:26","modified_gmt":"2024-09-16T11:42:26","slug":"geissele-ssa-x-spruditajs-ar-lightning-bow","status":"publish","type":"product","link":"https:\/\/staging.nbg.eu\/lv\/product\/geissele-ssa-x-spruditajs-ar-lightning-bow\/","title":{"rendered":"Geissele SSA X spruditajs ar Lightning Bow"},"content":{"rendered":"<div class=\"product-description\">\n<h2>Geissele SSA X m\u0113l\u012bte ar Lightning Bow\u00ae tehnolo\u0123iju<\/h2>\n<p>SSA-X ar Lightning Bow\u00ae tehnolo\u0123iju nodro\u0161ina m\u0113l\u012btes kontroli. \u0160\u012b m\u0113l\u012bte apvieno:<\/p>\n<ul>\n<li>Da\u013c\u0113ji izliektu, platu profilu<\/li>\n<li>Standarta izliekto AR m\u0113l\u012b\u0161u un plakano m\u0113l\u012b\u0161u lab\u0101k\u0101s \u012bpa\u0161\u012bbas<\/li>\n<li>Nanoweapon p\u0101rkl\u0101jumu nodiluma un korozijas iztur\u012bbai<\/li>\n<li>Darb\u012bbu ar minim\u0101lu e\u013c\u013co\u0161anu<\/li>\n<\/ul>\n<p>L\u012bdz\u012bgi k\u0101 SSA, \u0161\u012b m\u0113l\u012bte pied\u0101v\u0101:<\/p>\n<ul>\n<li>Precizit\u0101ti t\u0101liem \u0161\u0101vieniem<\/li>\n<li>Piem\u0113rot\u012bbu tuv\u0101s distances kaujai<\/li>\n<\/ul>\n<p>Geissele SSA X m\u0113l\u012bte uzlabo j\u016bsu AR veiktsp\u0113ju.<\/p>\n<\/div>\n","protected":false},"excerpt":{"rendered":"<p>Prec\u012bzi izstr\u0101d\u0101ts AR spr\u016bds ar hibr\u012bdloku augst\u0101kajai kontrolei un iztur\u012bbai.<\/p>\n","protected":false},"featured_media":62110,"template":"","meta":{"_acf_changed":false},"product_brand":[11383],"product_cat":[13764,13827,13776],"product_tag":[],"class_list":{"0":"post-62109","1":"product","2":"type-product","3":"status-publish","4":"has-post-thumbnail","6":"product_brand-geissele","7":"product_cat-gailis","8":"product_cat-sautene","9":"product_cat-sautenes-uzlabojumi","11":"first","12":"instock","13":"taxable","14":"shipping-taxable","15":"product-type-simple"},"acf":[],"_links":{"self":[{"href":"https:\/\/staging.nbg.eu\/lv\/wp-json\/wp\/v2\/product\/62109","targetHints":{"allow":["GET"]}}],"collection":[{"href":"https:\/\/staging.nbg.eu\/lv\/wp-json\/wp\/v2\/product"}],"about":[{"href":"https:\/\/staging.nbg.eu\/lv\/wp-json\/wp\/v2\/types\/product"}],"wp:featuredmedia":[{"embeddable":true,"href":"https:\/\/staging.nbg.eu\/lv\/wp-json\/wp\/v2\/media\/62110"}],"wp:attachment":[{"href":"https:\/\/staging.nbg.eu\/lv\/wp-json\/wp\/v2\/media?parent=62109"}],"wp:term":[{"taxonomy":"product_brand","embeddable":true,"href":"https:\/\/staging.nbg.eu\/lv\/wp-json\/wp\/v2\/product_brand?post=62109"},{"taxonomy":"product_cat","embeddable":true,"href":"https:\/\/staging.nbg.eu\/lv\/wp-json\/wp\/v2\/product_cat?post=62109"},{"taxonomy":"product_tag","embeddable":true,"href":"https:\/\/staging.nbg.eu\/lv\/wp-json\/wp\/v2\/product_tag?post=62109"}],"curies":[{"name":"wp","href":"https:\/\/api.w.org\/{rel}","templated":true}]}}