{"id":62046,"date":"2024-02-14T07:49:55","date_gmt":"2024-09-16T11:38:32","guid":{"rendered":"https:\/\/staging.nbg.eu\/product\/geissele-ssa-e-x-trigger-with-lightning-bow\/"},"modified":"2024-09-16T11:39:25","modified_gmt":"2024-09-16T11:39:25","slug":"geissele-ssa-e-x-spruditajs-ar-lightning-bow","status":"publish","type":"product","link":"https:\/\/staging.nbg.eu\/lv\/product\/geissele-ssa-e-x-spruditajs-ar-lightning-bow\/","title":{"rendered":"Geissele SSA-E X spruditajs ar Lightning Bow"},"content":{"rendered":"<div class=\"product-description\">\n<h2>Geissele SSA-E X spr\u016bds ar Lightning Bow\u00ae<\/h2>\n<p>SSA-E X\u2122 ar Lightning Bow\u00ae ietver:<\/p>\n<ul>\n<li>Da\u013c\u0113ji izliektu, platu profilu<\/li>\n<li>Nanoweapon p\u0101rkl\u0101jumu iztur\u012bbai<\/li>\n<li>Vieglu pirm\u0101 posma kust\u012bbu<\/li>\n<li>Prec\u012bzu otr\u0101 posma palai\u0161anu<\/li>\n<\/ul>\n<p>Piem\u0113rots precizit\u0101tes \u0161au\u0161anas iero\u010diem, SSA-E X\u2122 nodro\u0161ina gan precizit\u0101ti, gan uzticam\u012bbu. T\u0101 unik\u0101l\u0101 konstrukcija apvieno izliektu un plakanu spr\u016bdu priek\u0161roc\u012bbas, nodro\u0161inot labu darb\u012bbu pat ar minim\u0101lu e\u013c\u013co\u0161anu.<\/p>\n<\/div>\n","protected":false},"excerpt":{"rendered":"<p>Prec\u012bzs AR spr\u016bds ar hibr\u012bda loka dizainu lab\u0101kai kontrolei un precizit\u0101tei.<\/p>\n","protected":false},"featured_media":62047,"template":"","meta":{"_acf_changed":false},"product_brand":[11383],"product_cat":[13764,13827,13776],"product_tag":[],"class_list":{"0":"post-62046","1":"product","2":"type-product","3":"status-publish","4":"has-post-thumbnail","6":"product_brand-geissele","7":"product_cat-gailis","8":"product_cat-sautene","9":"product_cat-sautenes-uzlabojumi","11":"first","12":"instock","13":"taxable","14":"shipping-taxable","15":"product-type-simple"},"acf":[],"_links":{"self":[{"href":"https:\/\/staging.nbg.eu\/lv\/wp-json\/wp\/v2\/product\/62046","targetHints":{"allow":["GET"]}}],"collection":[{"href":"https:\/\/staging.nbg.eu\/lv\/wp-json\/wp\/v2\/product"}],"about":[{"href":"https:\/\/staging.nbg.eu\/lv\/wp-json\/wp\/v2\/types\/product"}],"wp:featuredmedia":[{"embeddable":true,"href":"https:\/\/staging.nbg.eu\/lv\/wp-json\/wp\/v2\/media\/62047"}],"wp:attachment":[{"href":"https:\/\/staging.nbg.eu\/lv\/wp-json\/wp\/v2\/media?parent=62046"}],"wp:term":[{"taxonomy":"product_brand","embeddable":true,"href":"https:\/\/staging.nbg.eu\/lv\/wp-json\/wp\/v2\/product_brand?post=62046"},{"taxonomy":"product_cat","embeddable":true,"href":"https:\/\/staging.nbg.eu\/lv\/wp-json\/wp\/v2\/product_cat?post=62046"},{"taxonomy":"product_tag","embeddable":true,"href":"https:\/\/staging.nbg.eu\/lv\/wp-json\/wp\/v2\/product_tag?post=62046"}],"curies":[{"name":"wp","href":"https:\/\/api.w.org\/{rel}","templated":true}]}}