{"id":61858,"date":"2024-02-14T19:46:21","date_gmt":"2024-09-16T11:14:21","guid":{"rendered":"https:\/\/staging.nbg.eu\/product\/geissele-hk-mr-556-trigger\/"},"modified":"2024-09-16T11:15:12","modified_gmt":"2024-09-16T11:15:12","slug":"geissele-hk-mr-556-spruditajs","status":"publish","type":"product","link":"https:\/\/staging.nbg.eu\/lv\/product\/geissele-hk-mr-556-spruditajs\/","title":{"rendered":"Geissele HK MR 556 spruditajs"},"content":{"rendered":"<h2>Geissele HK MR 556 spr\u016bds<\/h2>\n<p>Uzlabojiet savu HK 556 vai pusautom\u0101tisko HK 416 ar Geissele HK MR 556 spr\u016bdu. L\u012bdz\u012bgi m\u016bsu SSA spr\u016bdam, \u0161is uzlabojums pied\u0101v\u0101:<\/p>\n<ul>\n<li>Uzlabotu precizit\u0101ti<\/li>\n<li>Vienm\u0113r\u012bg\u0101ku vilkmi<\/li>\n<li>\u0100tr\u0101kus atk\u0101rtotus \u0161\u0101vienus<\/li>\n<li>Sader\u012bbu ar HK 556 un pusautom\u0101tisko HK 416<\/li>\n<\/ul>\n<p>Uzlabojiet savu \u0161au\u0161anas pieredzi ar Geissele spr\u016bdu.<\/p>\n","protected":false},"excerpt":{"rendered":"<p>Prec\u012bzs HK MR 556\/416 spr\u016bds. SSA l\u012bdz\u012bga veiktsp\u0113ja uzlabotai precizit\u0101tei.<\/p>\n","protected":false},"featured_media":61859,"template":"","meta":{"_acf_changed":false},"product_brand":[11383],"product_cat":[13764,13827,13776],"product_tag":[],"class_list":{"0":"post-61858","1":"product","2":"type-product","3":"status-publish","4":"has-post-thumbnail","6":"product_brand-geissele","7":"product_cat-gailis","8":"product_cat-sautene","9":"product_cat-sautenes-uzlabojumi","11":"first","12":"instock","13":"taxable","14":"shipping-taxable","15":"product-type-simple"},"acf":[],"_links":{"self":[{"href":"https:\/\/staging.nbg.eu\/lv\/wp-json\/wp\/v2\/product\/61858","targetHints":{"allow":["GET"]}}],"collection":[{"href":"https:\/\/staging.nbg.eu\/lv\/wp-json\/wp\/v2\/product"}],"about":[{"href":"https:\/\/staging.nbg.eu\/lv\/wp-json\/wp\/v2\/types\/product"}],"wp:featuredmedia":[{"embeddable":true,"href":"https:\/\/staging.nbg.eu\/lv\/wp-json\/wp\/v2\/media\/61859"}],"wp:attachment":[{"href":"https:\/\/staging.nbg.eu\/lv\/wp-json\/wp\/v2\/media?parent=61858"}],"wp:term":[{"taxonomy":"product_brand","embeddable":true,"href":"https:\/\/staging.nbg.eu\/lv\/wp-json\/wp\/v2\/product_brand?post=61858"},{"taxonomy":"product_cat","embeddable":true,"href":"https:\/\/staging.nbg.eu\/lv\/wp-json\/wp\/v2\/product_cat?post=61858"},{"taxonomy":"product_tag","embeddable":true,"href":"https:\/\/staging.nbg.eu\/lv\/wp-json\/wp\/v2\/product_tag?post=61858"}],"curies":[{"name":"wp","href":"https:\/\/api.w.org\/{rel}","templated":true}]}}