{"id":61796,"date":"2024-02-14T19:52:46","date_gmt":"2024-09-16T11:12:29","guid":{"rendered":"https:\/\/staging.nbg.eu\/product\/geissele-hk-mr-762-trigger\/"},"modified":"2024-09-16T11:13:22","modified_gmt":"2024-09-16T11:13:22","slug":"geissele-hk-mr-762-spruditajs","status":"publish","type":"product","link":"https:\/\/staging.nbg.eu\/lv\/product\/geissele-hk-mr-762-spruditajs\/","title":{"rendered":"Geissele HK MR 762 spruditajs"},"content":{"rendered":"<div class=\"product-description\">\n<h2>Geissele HK MR 762 spr\u016bds<\/h2>\n<p>Paredz\u0113ts HK 762 vai pusautom\u0101tiskajam HK 417. Geissele HK MR 762 spr\u016bds, l\u012bdz\u012bgs m\u016bsu SSA spr\u016bdam, pied\u0101v\u0101:<\/p>\n<ul>\n<li>Vienm\u0113r\u012bgu vilkmi<\/li>\n<li>Uzlabotu precizit\u0101ti<\/li>\n<li>Sader\u012bbu ar HK 762 un HK 417 mode\u013ciem<\/li>\n<li>Iztur\u012bgu konstrukciju<\/li>\n<\/ul>\n<p>Geissele spr\u016bda tehnolo\u0123ija \u0161au\u0161anai.<\/p>\n<\/div>\n","protected":false},"excerpt":{"rendered":"<p>Prec\u012bzs SSA stila spr\u016bds HK 762 un pusautom\u0101tiskaj\u0101m HK 417 \u0161auten\u0113m.<\/p>\n","protected":false},"featured_media":61797,"template":"","meta":{"_acf_changed":false},"product_brand":[11383],"product_cat":[13764,13827,13776],"product_tag":[],"class_list":{"0":"post-61796","1":"product","2":"type-product","3":"status-publish","4":"has-post-thumbnail","6":"product_brand-geissele","7":"product_cat-gailis","8":"product_cat-sautene","9":"product_cat-sautenes-uzlabojumi","11":"first","12":"instock","13":"taxable","14":"shipping-taxable","15":"product-type-simple"},"acf":[],"_links":{"self":[{"href":"https:\/\/staging.nbg.eu\/lv\/wp-json\/wp\/v2\/product\/61796","targetHints":{"allow":["GET"]}}],"collection":[{"href":"https:\/\/staging.nbg.eu\/lv\/wp-json\/wp\/v2\/product"}],"about":[{"href":"https:\/\/staging.nbg.eu\/lv\/wp-json\/wp\/v2\/types\/product"}],"wp:featuredmedia":[{"embeddable":true,"href":"https:\/\/staging.nbg.eu\/lv\/wp-json\/wp\/v2\/media\/61797"}],"wp:attachment":[{"href":"https:\/\/staging.nbg.eu\/lv\/wp-json\/wp\/v2\/media?parent=61796"}],"wp:term":[{"taxonomy":"product_brand","embeddable":true,"href":"https:\/\/staging.nbg.eu\/lv\/wp-json\/wp\/v2\/product_brand?post=61796"},{"taxonomy":"product_cat","embeddable":true,"href":"https:\/\/staging.nbg.eu\/lv\/wp-json\/wp\/v2\/product_cat?post=61796"},{"taxonomy":"product_tag","embeddable":true,"href":"https:\/\/staging.nbg.eu\/lv\/wp-json\/wp\/v2\/product_tag?post=61796"}],"curies":[{"name":"wp","href":"https:\/\/api.w.org\/{rel}","templated":true}]}}