{"id":61540,"date":"2024-02-14T20:12:21","date_gmt":"2024-09-16T10:54:38","guid":{"rendered":"https:\/\/staging.nbg.eu\/product\/geissele-13-5-super-modular-rail-mk16-m-lok\/"},"modified":"2024-09-16T11:03:17","modified_gmt":"2024-09-16T11:03:17","slug":"geissele-135-super-modularis-sliezu-komplekts-mk16-m-lok","status":"publish","type":"product","link":"https:\/\/staging.nbg.eu\/lv\/product\/geissele-135-super-modularis-sliezu-komplekts-mk16-m-lok\/","title":{"rendered":"Geissele 13.5&#8243; Super modularis sliezu komplekts MK16 M-LOK"},"content":{"rendered":"<h2 style=\"text-align: center\"><b>13.5&#8243; Super Modul\u0101r\u0101 Sliede MK16 M-LOK\u00ae<\/b><\/h2>\n<p>Geissele Super Modul\u0101r\u0101 Sliede MK16 tiek uzst\u0101d\u012bta uz j\u016bsu AR-15 aug\u0161\u0113j\u0101 uztv\u0113r\u0113ja, izmantojot atjaunin\u0101to Geissele stobra uzgrie\u017e\u0146a dizainu. MK16 ir viegli uzst\u0101d\u0101ma un apkopjama, un nodro\u0161ina augstu stingr\u012bbu. Pretrot\u0101cijas izci\u013c\u0146i un regul\u0113\u0161anas skr\u016bves nodro\u0161ina, ka j\u016bsu sliede nerot\u0113s. M<b>1913 picatinny sliede aug\u0161pus\u0113 un M-LOK\u2122<\/b> sloti katr\u0101 kvadrant\u0101 nodro\u0161ina maksim\u0101lu piel\u0101go\u0161anu visiem j\u016bsu piederumiem. Geissele SMR MK16 ir prec\u012bzi izgatavota, izmantojot<b> 7000 s\u0113rijas alum\u012bniju<\/b>, un ir p\u0101rkl\u0101ta ar iztur\u012bgu 3. tipa anod\u0113tu p\u0101rkl\u0101jumu.<\/p>\n<p>Super Modul\u0101r\u0101 Sliede 13.5&#8243; (SMR) MK16 M-LOK\u00ae, NSN# 1005-01-672-4794 (13.5&#8243;), <b>ir pie\u0146emta USASOC URG-I programm\u0101 (Uzlabot\u0101 Aug\u0161\u0113j\u0101 Uztv\u0113r\u0113ja Grupa)<\/b>.<\/p>\n<p>&nbsp;<\/p>\n<h2 style=\"text-align: center\"><strong>SPECIFIK\u0100CIJAS<\/strong><\/h2>\n<hr \/>\n<table border=\"1\">\n<tbody>\n<tr>\n<td><strong>AUGSTUMS: <\/strong><\/td>\n<td> 2.39&#8243;<\/td>\n<\/tr>\n<tr>\n<td><strong>KR\u0100SA: <\/strong><\/td>\n<td> Melna, DDC, Pel\u0113ka, ODG<\/td>\n<\/tr>\n<tr>\n<td><strong>MATERI\u0100LS: <\/strong><\/td>\n<td> 7000 s\u0113rijas alum\u012bnijs<\/td>\n<\/tr>\n<tr>\n<td><strong>APDARE: <\/strong><\/td>\n<td> 3. tipa cietais anod\u0113tais p\u0101rkl\u0101jums<\/td>\n<\/tr>\n<tr>\n<td><strong>PIEEJAMIE GARUMI: <\/strong><\/td>\n<td> 9.3&#8243;, 10.5&#8243;, 13.5&#8243;, 15&#8243;<\/td>\n<\/tr>\n<tr>\n<td><strong>IEK\u0160\u0112JAIS DIAMETRS: <\/strong><\/td>\n<td> 1.26&#8243;<\/td>\n<\/tr>\n<tr>\n<td><strong>\u0100R\u0112JAIS DIAMETRS (DAQ*): <\/strong><\/td>\n<td> 1.59&#8243;<\/td>\n<\/tr>\n<tr>\n<td><strong>SMR MK16 9.3&#8243; SVARS: <\/strong><\/td>\n<td> 10.1 unces (11.74 unces ar stobra uzgriezni)<\/td>\n<\/tr>\n<tr>\n<td><strong>SMR MK16 10.5&#8243; SVARS: <\/strong><\/td>\n<td> 11 unces (12.6 unces ar stobra uzgriezni)<\/td>\n<\/tr>\n<tr>\n<td><strong>SMR MK16 13.5&#8243; SVARS: <\/strong><\/td>\n<td> 13.4 unces (14.9 unces ar stobra uzgriezni)<\/td>\n<\/tr>\n<tr>\n<td><strong>SMR MK16 15&#8243; SVARS: <\/strong><\/td>\n<td>\n","protected":false},"excerpt":{"rendered":"<p><strong>Nep\u0101rsp\u0113ta veiktsp\u0113ja vispras\u012bg\u0101kajiem \u0161\u0101v\u0113jiem<\/strong><\/p>\n","protected":false},"featured_media":61541,"template":"","meta":{"_acf_changed":false},"product_brand":[11383],"product_cat":[13827,13776,13775],"product_tag":[],"class_list":{"0":"post-61540","1":"product","2":"type-product","3":"status-publish","4":"has-post-thumbnail","6":"product_brand-geissele","7":"product_cat-sautene","8":"product_cat-sautenes-uzlabojumi","9":"product_cat-sliedes","11":"first","12":"instock","13":"taxable","14":"shipping-taxable","15":"product-type-variable","16":"wvs-archive-product-wrapper"},"acf":[],"_links":{"self":[{"href":"https:\/\/staging.nbg.eu\/lv\/wp-json\/wp\/v2\/product\/61540","targetHints":{"allow":["GET"]}}],"collection":[{"href":"https:\/\/staging.nbg.eu\/lv\/wp-json\/wp\/v2\/product"}],"about":[{"href":"https:\/\/staging.nbg.eu\/lv\/wp-json\/wp\/v2\/types\/product"}],"wp:featuredmedia":[{"embeddable":true,"href":"https:\/\/staging.nbg.eu\/lv\/wp-json\/wp\/v2\/media\/61541"}],"wp:attachment":[{"href":"https:\/\/staging.nbg.eu\/lv\/wp-json\/wp\/v2\/media?parent=61540"}],"wp:term":[{"taxonomy":"product_brand","embeddable":true,"href":"https:\/\/staging.nbg.eu\/lv\/wp-json\/wp\/v2\/product_brand?post=61540"},{"taxonomy":"product_cat","embeddable":true,"href":"https:\/\/staging.nbg.eu\/lv\/wp-json\/wp\/v2\/product_cat?post=61540"},{"taxonomy":"product_tag","embeddable":true,"href":"https:\/\/staging.nbg.eu\/lv\/wp-json\/wp\/v2\/product_tag?post=61540"}],"curies":[{"name":"wp","href":"https:\/\/api.w.org\/{rel}","templated":true}]}}