{"id":61064,"date":"2024-02-14T20:33:29","date_gmt":"2024-09-16T10:40:18","guid":{"rendered":"https:\/\/staging.nbg.eu\/product\/geissele-16-super-modular-rail-mk18-m-lok\/"},"modified":"2024-09-16T10:41:17","modified_gmt":"2024-09-16T10:41:17","slug":"geissele-16-super-modularis-sliezu-komplekts-mk18-m-lok","status":"publish","type":"product","link":"https:\/\/staging.nbg.eu\/lv\/product\/geissele-16-super-modularis-sliezu-komplekts-mk18-m-lok\/","title":{"rendered":"Geissele 16&#8243; Super modularis sliezu komplekts MK18 M-LOK"},"content":{"rendered":"<h2 style=\"text-align: center\"><b>16&#8243; Super modul\u0101r\u0101 sliede MK18 M-LOK\u00ae<\/b><\/h2>\n<p>MK18 ir jaun\u0101k\u0101 Geissele Super modul\u0101ro slie\u017eu l\u012bnij\u0101 un ir \u012bpa\u0161i izstr\u0101d\u0101ta, lai savienotos ar <b>Arca-Swiss \u0101tr\u0101s atlai\u0161anas sist\u0113mu<\/b>. \u0160is jaunais rokturis ir balst\u012bts uz MK16 M-LOK Super modul\u0101ro sliedi, pied\u0101v\u0101jot mazu diametru un kop\u0113jo augstumu. MK18 plakan\u0101 pamatne ir apr\u012bkota ar &#8220;Arca-stila&#8221; 35 mm platu formu ar 45 gr\u0101du izliekumu, kas \u013cauj \u0101tri piestiprin\u0101t Arca-Swiss \u0101tr\u0101s atlai\u0161anas pamatnei. MK18 ir apr\u012bkots ar Geissele <b>patent\u0113to 2,25 collu garo stobra uzgriezni<\/b>, kas saskaras ar uztv\u0113r\u0113ju. 16 collu gar\u0101 MK18 ir 3D prec\u012bzi apstr\u0101d\u0101ta, izmantojot 7000. s\u0113rijas alum\u012bniju.<\/p>\n<p>Izmantojot <b>Magpul M-LOK tehnolo\u0123iju 3 galvenajos kvadrantos<\/b> (kreisaj\u0101, labaj\u0101 un apak\u0161\u0113j\u0101), k\u0101 ar\u012b aug\u0161\u0113jos 45 gr\u0101dos, MK18 pied\u0101v\u0101 piel\u0101go\u0161anas iesp\u0113jas. MK18 Super modul\u0101r\u0101 sliede ir <b>apstr\u0101d\u0101ta ar iztur\u012bgu un ilgsto\u0161u 3. tipa ciet\u0101s anod\u0113\u0161anas p\u0101rkl\u0101jumu<\/b>, pieejama meln\u0101 kr\u0101s\u0101 vai Geissele DDC apdar\u0113.<\/p>\n<p>Geissele Super modul\u0101r\u0101 sliede MK18 ir <b>sader\u012bga ar milit\u0101r\u0101s specifik\u0101cijas AR15 mode\u013ca \u0161auten\u0113m.<\/b><\/p>\n<h2 style=\"text-align: center\"><strong>SPECIFIK\u0100CIJAS<\/strong><\/h2>\n<hr \/>\n<table border=\"1\">\n<tbody>\n<tr>\n<td><strong>AUGSTUMS: <\/strong><\/td>\n<td> 2,08<\/td>\n<\/tr>\n<tr>\n<td><strong>KR\u0100SA: <\/strong><\/td>\n<td> DDC \/ Melns<\/td>\n<\/tr>\n<tr>\n<td><strong>MATERI\u0100LS: <\/strong><\/td>\n<td> 7000. s\u0113rijas alum\u012bnijs<\/td>\n<\/tr>\n<tr>\n<td><strong>APDARE: <\/strong><\/td>\n<td> 3. tipa ciet\u0101s anod\u0113\u0161anas p\u0101rkl\u0101jums<\/td>\n<\/tr>\n<tr>\n<td><strong>GARUMS: <\/strong><\/td>\n<td> 16,5&#8243;<\/td>\n<\/tr>\n<tr>\n<td><strong>IEK\u0160\u0112JAIS DIAMETRS: <\/strong><\/td>\n<td> 1,26&#8243;<\/td>\n<\/tr>\n<tr>\n<td><strong>\u0100R\u0112JAIS DIAMETRS (DAQ*): <\/strong><\/td>\n<td> 1,59&#8243;<\/td>\n<\/tr>\n<tr>\n<td><strong>SMR MK18 SVARS: <\/strong><\/td>\n<td> 17 unces (18,4 unces ar stobra uzgriezni)<\/td>\n<\/tr>\n<\/tbody>\n<\/table>\n<p>&nbsp;<\/p>\n<p><em>*DAQ &#8211; Att\u0101lums starp kvadrantiem<\/em><\/p>\n","protected":false},"excerpt":{"rendered":"<p><strong>Izstr\u0101d\u0101ts saskarsmei ar Arca-Swiss \u0101tr\u0101s atbr\u012bvo\u0161anas sist\u0113mu<\/strong><\/p>\n","protected":false},"featured_media":61065,"template":"","meta":{"_acf_changed":false},"product_brand":[11383],"product_cat":[13827,13776,13775],"product_tag":[],"class_list":{"0":"post-61064","1":"product","2":"type-product","3":"status-publish","4":"has-post-thumbnail","6":"product_brand-geissele","7":"product_cat-sautene","8":"product_cat-sautenes-uzlabojumi","9":"product_cat-sliedes","11":"first","12":"outofstock","13":"taxable","14":"shipping-taxable","15":"product-type-variable","16":"wvs-archive-product-wrapper"},"acf":[],"_links":{"self":[{"href":"https:\/\/staging.nbg.eu\/lv\/wp-json\/wp\/v2\/product\/61064","targetHints":{"allow":["GET"]}}],"collection":[{"href":"https:\/\/staging.nbg.eu\/lv\/wp-json\/wp\/v2\/product"}],"about":[{"href":"https:\/\/staging.nbg.eu\/lv\/wp-json\/wp\/v2\/types\/product"}],"wp:featuredmedia":[{"embeddable":true,"href":"https:\/\/staging.nbg.eu\/lv\/wp-json\/wp\/v2\/media\/61065"}],"wp:attachment":[{"href":"https:\/\/staging.nbg.eu\/lv\/wp-json\/wp\/v2\/media?parent=61064"}],"wp:term":[{"taxonomy":"product_brand","embeddable":true,"href":"https:\/\/staging.nbg.eu\/lv\/wp-json\/wp\/v2\/product_brand?post=61064"},{"taxonomy":"product_cat","embeddable":true,"href":"https:\/\/staging.nbg.eu\/lv\/wp-json\/wp\/v2\/product_cat?post=61064"},{"taxonomy":"product_tag","embeddable":true,"href":"https:\/\/staging.nbg.eu\/lv\/wp-json\/wp\/v2\/product_tag?post=61064"}],"curies":[{"name":"wp","href":"https:\/\/api.w.org\/{rel}","templated":true}]}}