{"id":60832,"date":"2024-02-14T20:38:31","date_gmt":"2024-09-16T10:32:11","guid":{"rendered":"https:\/\/staging.nbg.eu\/product\/alg-defense-emr-v3x-15-handguard-black\/"},"modified":"2024-09-16T10:33:01","modified_gmt":"2024-09-16T10:33:01","slug":"alg-defense-emr-v3x-15-rokturs-melns","status":"publish","type":"product","link":"https:\/\/staging.nbg.eu\/lv\/product\/alg-defense-emr-v3x-15-rokturs-melns\/","title":{"rendered":"ALG Defense EMR V3X 15&#8243; rokturs &#8211; melns"},"content":{"rendered":"<p>ALG Defense EMR V3X 15&#8243; rokturis meln\u0101 kr\u0101s\u0101 pied\u0101v\u0101 M-LOK atbalsta sist\u0113mu. Piederumus var piestiprin\u0101t 2, 4, 6, 8 un 10 stundu poz\u012bcij\u0101s. Tam ir pilna garuma M1913 Picatinny sliede 12 stundu poz\u012bcij\u0101 t\u0113mek\u013cu, l\u0101zeru, lukturu un citu optisko ier\u012b\u010du piestiprin\u0101\u0161anai. Paredz\u0113ts iero\u010da piel\u0101go\u0161anai lietot\u0101ja vajadz\u012bb\u0101m.<\/p>\n","protected":false},"excerpt":{"rendered":"<p>Daudzpus\u012bgs 15 collu M-LOK rokturis ar pilna garuma Picatinny sliedi.<\/p>\n","protected":false},"featured_media":60833,"template":"","meta":{"_acf_changed":false},"product_brand":[11383],"product_cat":[13827,13776,13775],"product_tag":[],"class_list":{"0":"post-60832","1":"product","2":"type-product","3":"status-publish","4":"has-post-thumbnail","6":"product_brand-geissele","7":"product_cat-sautene","8":"product_cat-sautenes-uzlabojumi","9":"product_cat-sliedes","11":"first","12":"instock","13":"taxable","14":"shipping-taxable","15":"product-type-simple"},"acf":[],"_links":{"self":[{"href":"https:\/\/staging.nbg.eu\/lv\/wp-json\/wp\/v2\/product\/60832","targetHints":{"allow":["GET"]}}],"collection":[{"href":"https:\/\/staging.nbg.eu\/lv\/wp-json\/wp\/v2\/product"}],"about":[{"href":"https:\/\/staging.nbg.eu\/lv\/wp-json\/wp\/v2\/types\/product"}],"wp:featuredmedia":[{"embeddable":true,"href":"https:\/\/staging.nbg.eu\/lv\/wp-json\/wp\/v2\/media\/60833"}],"wp:attachment":[{"href":"https:\/\/staging.nbg.eu\/lv\/wp-json\/wp\/v2\/media?parent=60832"}],"wp:term":[{"taxonomy":"product_brand","embeddable":true,"href":"https:\/\/staging.nbg.eu\/lv\/wp-json\/wp\/v2\/product_brand?post=60832"},{"taxonomy":"product_cat","embeddable":true,"href":"https:\/\/staging.nbg.eu\/lv\/wp-json\/wp\/v2\/product_cat?post=60832"},{"taxonomy":"product_tag","embeddable":true,"href":"https:\/\/staging.nbg.eu\/lv\/wp-json\/wp\/v2\/product_tag?post=60832"}],"curies":[{"name":"wp","href":"https:\/\/api.w.org\/{rel}","templated":true}]}}