{"id":60263,"date":"2024-02-15T07:27:09","date_gmt":"2024-09-13T16:10:58","guid":{"rendered":"https:\/\/staging.nbg.eu\/product\/geissele-super-charging-handle-sch-5-56\/"},"modified":"2024-09-13T16:11:52","modified_gmt":"2024-09-13T16:11:52","slug":"geissele-super-uzlades-rokturis-sch-556","status":"publish","type":"product","link":"https:\/\/staging.nbg.eu\/lv\/product\/geissele-super-uzlades-rokturis-sch-556\/","title":{"rendered":"Geissele Super uzlades rokturis (SCH\u00ae) 5.56"},"content":{"rendered":"<div class=\"product-description\">\n<h2>Geissele Uzl\u0101des Rokturis (SCH\u00ae) 5.56<\/h2>\n<p>Izgatavots no 7075-T6 alum\u012bnija, \u0161is abpus\u0113jais uzl\u0101des rokturis ietver:<\/p>\n<ul>\n<li>Divkont\u016bru sviras ar rievotu satv\u0113rienu<\/li>\n<li>Uzlabota g\u0101zes novad\u012b\u0161ana klusin\u0101t\u0101m sist\u0113m\u0101m<\/li>\n<li>3. tipa ciet\u0101 anod\u0113ts p\u0101rkl\u0101jums<\/li>\n<li>Pieejams meln\u0101 un DDC kr\u0101s\u0101<\/li>\n<\/ul>\n<p>Uzlabo AR-15 veiktsp\u0113ju ar ergonomiku un iztur\u012bbu.<\/p>\n<\/div>\n","protected":false},"excerpt":{"rendered":"<p>Abpus\u0113js 7075-T6 alum\u012bnija piel\u0101d\u0113\u0161anas rokturis. G\u0101zi mazino\u0161s dizains.<\/p>\n","protected":false},"featured_media":60264,"template":"","meta":{"_acf_changed":false},"product_brand":[11383],"product_cat":[13827,13776,13782],"product_tag":[],"class_list":{"0":"post-60263","1":"product","2":"type-product","3":"status-publish","4":"has-post-thumbnail","6":"product_brand-geissele","7":"product_cat-sautene","8":"product_cat-sautenes-uzlabojumi","9":"product_cat-uzlades-rokturi","11":"first","12":"instock","13":"taxable","14":"shipping-taxable","15":"product-type-variable","16":"wvs-archive-product-wrapper"},"acf":[],"_links":{"self":[{"href":"https:\/\/staging.nbg.eu\/lv\/wp-json\/wp\/v2\/product\/60263","targetHints":{"allow":["GET"]}}],"collection":[{"href":"https:\/\/staging.nbg.eu\/lv\/wp-json\/wp\/v2\/product"}],"about":[{"href":"https:\/\/staging.nbg.eu\/lv\/wp-json\/wp\/v2\/types\/product"}],"wp:featuredmedia":[{"embeddable":true,"href":"https:\/\/staging.nbg.eu\/lv\/wp-json\/wp\/v2\/media\/60264"}],"wp:attachment":[{"href":"https:\/\/staging.nbg.eu\/lv\/wp-json\/wp\/v2\/media?parent=60263"}],"wp:term":[{"taxonomy":"product_brand","embeddable":true,"href":"https:\/\/staging.nbg.eu\/lv\/wp-json\/wp\/v2\/product_brand?post=60263"},{"taxonomy":"product_cat","embeddable":true,"href":"https:\/\/staging.nbg.eu\/lv\/wp-json\/wp\/v2\/product_cat?post=60263"},{"taxonomy":"product_tag","embeddable":true,"href":"https:\/\/staging.nbg.eu\/lv\/wp-json\/wp\/v2\/product_tag?post=60263"}],"curies":[{"name":"wp","href":"https:\/\/api.w.org\/{rel}","templated":true}]}}