{"id":60037,"date":"2024-02-15T07:54:43","date_gmt":"2024-09-13T16:09:19","guid":{"rendered":"https:\/\/staging.nbg.eu\/product\/geissele-super-charging-handle-sch-7-62\/"},"modified":"2024-09-13T16:10:12","modified_gmt":"2024-09-13T16:10:12","slug":"geissele-super-uzlades-rokturis-sch-762","status":"publish","type":"product","link":"https:\/\/staging.nbg.eu\/lv\/product\/geissele-super-uzlades-rokturis-sch-762\/","title":{"rendered":"Geissele Super uzlades rokturis (SCH\u00ae) 7.62"},"content":{"rendered":"<div class=\"product-description\">\n<h2>Geissele uzl\u0101des rokturis (SCH\u00ae) 7.62<\/h2>\n<p>SCH\u00ae 7.62 ir abpus\u0113js uzl\u0101des rokturis, izgatavots no 7075-T6 alum\u012bnija. Tam ir kontur\u0113ti sviras ar rievotu virsmu, kas nodro\u0161ina \u0113rtu lieto\u0161anu ar cimdiem. Paaugstin\u0101t\u0101 aizmugur\u0113j\u0101 mala samazina g\u0101zu atpl\u016bdi, kas ir piem\u0113rots \u012bs\u0101m stobru un sl\u0101p\u0113t\u0101m sist\u0113m\u0101m. Anod\u0113ts iztur\u012bbai, pieejams meln\u0101 un DDC (tuksne\u0161a net\u012brumu) kr\u0101s\u0101.<\/p>\n<p>Sader\u012bgs ar vairumu SR25, DPMS\/LR308 un AR10 veida iero\u010diem. Pirms uzst\u0101d\u012b\u0161anas p\u0101rbaudiet sader\u012bbu ar j\u016bsu iero\u010da ra\u017eot\u0101ju.<\/p>\n<p><strong>Nav sader\u012bgs ar:<\/strong> HK 762, Colt 901, DPMS GII, Adams Arms .308 Patrol Rifle, Daniel Defense DD5, Sig 716, BPM Long Range Marksman .308, Smith &amp; Wesson MP-10, Bushmaster BAR-10, Rock River Arms LAR-8.<\/p>\n<\/div>\n","protected":false},"excerpt":{"rendered":"<p>Abpus\u0113js 7075-T6 alum\u012bnija uzl\u0101des rokturis 7,62 kalibra \u0161auten\u0113m.<\/p>\n","protected":false},"featured_media":60038,"template":"","meta":{"_acf_changed":false},"product_brand":[11383],"product_cat":[13827,13776,13782],"product_tag":[],"class_list":{"0":"post-60037","1":"product","2":"type-product","3":"status-publish","4":"has-post-thumbnail","6":"product_brand-geissele","7":"product_cat-sautene","8":"product_cat-sautenes-uzlabojumi","9":"product_cat-uzlades-rokturi","11":"first","12":"instock","13":"taxable","14":"shipping-taxable","15":"product-type-variable","16":"wvs-archive-product-wrapper"},"acf":[],"_links":{"self":[{"href":"https:\/\/staging.nbg.eu\/lv\/wp-json\/wp\/v2\/product\/60037","targetHints":{"allow":["GET"]}}],"collection":[{"href":"https:\/\/staging.nbg.eu\/lv\/wp-json\/wp\/v2\/product"}],"about":[{"href":"https:\/\/staging.nbg.eu\/lv\/wp-json\/wp\/v2\/types\/product"}],"wp:featuredmedia":[{"embeddable":true,"href":"https:\/\/staging.nbg.eu\/lv\/wp-json\/wp\/v2\/media\/60038"}],"wp:attachment":[{"href":"https:\/\/staging.nbg.eu\/lv\/wp-json\/wp\/v2\/media?parent=60037"}],"wp:term":[{"taxonomy":"product_brand","embeddable":true,"href":"https:\/\/staging.nbg.eu\/lv\/wp-json\/wp\/v2\/product_brand?post=60037"},{"taxonomy":"product_cat","embeddable":true,"href":"https:\/\/staging.nbg.eu\/lv\/wp-json\/wp\/v2\/product_cat?post=60037"},{"taxonomy":"product_tag","embeddable":true,"href":"https:\/\/staging.nbg.eu\/lv\/wp-json\/wp\/v2\/product_tag?post=60037"}],"curies":[{"name":"wp","href":"https:\/\/api.w.org\/{rel}","templated":true}]}}