{"id":59877,"date":"2024-02-15T10:31:20","date_gmt":"2024-09-13T16:05:38","guid":{"rendered":"https:\/\/staging.nbg.eu\/product\/geissele-super-configurable-safety-selector-black\/"},"modified":"2024-09-13T16:06:27","modified_gmt":"2024-09-13T16:06:27","slug":"geissele-super-konfigurejamais-drosibas-selektors-melns","status":"publish","type":"product","link":"https:\/\/staging.nbg.eu\/lv\/product\/geissele-super-konfigurejamais-drosibas-selektors-melns\/","title":{"rendered":"Geissele Super konfigurejamais drosibas selektors &#8211; Melns"},"content":{"rendered":"<div class=\"product-description\">\n<h2>Geissele konfigur\u0113jamais dro\u0161\u012bbas selektors &#8211; melns<\/h2>\n<p>Ambidekstrs dro\u0161\u012bbas selektors. Ar nomain\u0101m\u0101m svir\u0101m \u0113rt\u0101kai lieto\u0161anai. Ar atsperes meh\u0101nismu, kas nov\u0113r\u0161 deta\u013cu zaud\u0113\u0161anu t\u012br\u012b\u0161anas laik\u0101. Izgatavots no ner\u016bs\u0113jo\u0161\u0101 t\u0113rauda. Paredz\u0113ts \u0161aujamiero\u010da dro\u0161\u012bbas un lietojam\u012bbas uzlabo\u0161anai.<\/p>\n<\/div>\n","protected":false},"excerpt":{"rendered":"<p>Abpus\u0113js, konfigur\u0113jams dro\u0161\u012bbas selektors AR-15 iero\u010diem. Iztur\u012bgs t\u0113rauds.<\/p>\n","protected":false},"featured_media":59878,"template":"","meta":{"_acf_changed":false},"product_brand":[11383],"product_cat":[13827,13776],"product_tag":[],"class_list":{"0":"post-59877","1":"product","2":"type-product","3":"status-publish","4":"has-post-thumbnail","6":"product_brand-geissele","7":"product_cat-sautene","8":"product_cat-sautenes-uzlabojumi","10":"first","11":"instock","12":"taxable","13":"shipping-taxable","14":"product-type-simple"},"acf":[],"_links":{"self":[{"href":"https:\/\/staging.nbg.eu\/lv\/wp-json\/wp\/v2\/product\/59877","targetHints":{"allow":["GET"]}}],"collection":[{"href":"https:\/\/staging.nbg.eu\/lv\/wp-json\/wp\/v2\/product"}],"about":[{"href":"https:\/\/staging.nbg.eu\/lv\/wp-json\/wp\/v2\/types\/product"}],"wp:featuredmedia":[{"embeddable":true,"href":"https:\/\/staging.nbg.eu\/lv\/wp-json\/wp\/v2\/media\/59878"}],"wp:attachment":[{"href":"https:\/\/staging.nbg.eu\/lv\/wp-json\/wp\/v2\/media?parent=59877"}],"wp:term":[{"taxonomy":"product_brand","embeddable":true,"href":"https:\/\/staging.nbg.eu\/lv\/wp-json\/wp\/v2\/product_brand?post=59877"},{"taxonomy":"product_cat","embeddable":true,"href":"https:\/\/staging.nbg.eu\/lv\/wp-json\/wp\/v2\/product_cat?post=59877"},{"taxonomy":"product_tag","embeddable":true,"href":"https:\/\/staging.nbg.eu\/lv\/wp-json\/wp\/v2\/product_tag?post=59877"}],"curies":[{"name":"wp","href":"https:\/\/api.w.org\/{rel}","templated":true}]}}