{"id":59731,"date":"2024-02-15T10:48:43","date_gmt":"2024-09-13T16:02:00","guid":{"rendered":"https:\/\/staging.nbg.eu\/product\/geissele-maritime-bolt-catch\/"},"modified":"2024-09-13T16:02:50","modified_gmt":"2024-09-13T16:02:50","slug":"geissele-maritime-aizturas-fiksators","status":"publish","type":"product","link":"https:\/\/staging.nbg.eu\/lv\/product\/geissele-maritime-aizturas-fiksators\/","title":{"rendered":"Geissele Maritime aizturas fiksators"},"content":{"rendered":"<p>\nGeissele Maritime aiztura aizturis uzlabo AR-15 funkcionalit\u0101ti:<\/p>\n<ul>\n<li>Sader\u012bgs ar milit\u0101r\u0101s specifik\u0101cijas M16\/M4 apak\u0161\u0113jiem uztv\u0113r\u0113jiem<\/li>\n<li>Palielin\u0101ta virsmas plat\u012bba viegl\u0101kai lieto\u0161anai<\/li>\n<li>Pagarin\u0101tas vad\u012bbas ier\u012bces kreili \u0161\u0101v\u0113jiem<\/li>\n<li>Rievots virsmas raksts lab\u0101kai satverei<\/li>\n<li>Piem\u0113rots lieto\u0161anai ar cimdiem vai v\u0101ja apgaismojuma apst\u0101k\u013cos<\/li>\n<\/ul>\n<p>Uzlabojiet savu ieroci ar \u0161o aiztura aizturi.<\/p>\n","protected":false},"excerpt":{"rendered":"<p>Uzlabots aiztura meh\u0101nisms ar liel\u0101ku virsmu viegl\u0101kai lieto\u0161anai.<\/p>\n","protected":false},"featured_media":59732,"template":"","meta":{"_acf_changed":false},"product_brand":[11383],"product_cat":[13827,13776],"product_tag":[],"class_list":{"0":"post-59731","1":"product","2":"type-product","3":"status-publish","4":"has-post-thumbnail","6":"product_brand-geissele","7":"product_cat-sautene","8":"product_cat-sautenes-uzlabojumi","10":"first","11":"instock","12":"taxable","13":"shipping-taxable","14":"product-type-simple"},"acf":[],"_links":{"self":[{"href":"https:\/\/staging.nbg.eu\/lv\/wp-json\/wp\/v2\/product\/59731","targetHints":{"allow":["GET"]}}],"collection":[{"href":"https:\/\/staging.nbg.eu\/lv\/wp-json\/wp\/v2\/product"}],"about":[{"href":"https:\/\/staging.nbg.eu\/lv\/wp-json\/wp\/v2\/types\/product"}],"wp:featuredmedia":[{"embeddable":true,"href":"https:\/\/staging.nbg.eu\/lv\/wp-json\/wp\/v2\/media\/59732"}],"wp:attachment":[{"href":"https:\/\/staging.nbg.eu\/lv\/wp-json\/wp\/v2\/media?parent=59731"}],"wp:term":[{"taxonomy":"product_brand","embeddable":true,"href":"https:\/\/staging.nbg.eu\/lv\/wp-json\/wp\/v2\/product_brand?post=59731"},{"taxonomy":"product_cat","embeddable":true,"href":"https:\/\/staging.nbg.eu\/lv\/wp-json\/wp\/v2\/product_cat?post=59731"},{"taxonomy":"product_tag","embeddable":true,"href":"https:\/\/staging.nbg.eu\/lv\/wp-json\/wp\/v2\/product_tag?post=59731"}],"curies":[{"name":"wp","href":"https:\/\/api.w.org\/{rel}","templated":true}]}}