{"id":59538,"date":"2024-02-15T11:08:39","date_gmt":"2024-09-13T15:58:15","guid":{"rendered":"https:\/\/staging.nbg.eu\/product\/geissele-picatinny-rail-for-m-lok-7-slots\/"},"modified":"2024-09-13T15:59:12","modified_gmt":"2024-09-13T15:59:12","slug":"geissele-picatinny-sliede-prieks-m-lok-7-sloti","status":"publish","type":"product","link":"https:\/\/staging.nbg.eu\/lv\/product\/geissele-picatinny-sliede-prieks-m-lok-7-sloti\/","title":{"rendered":"Geissele Picatinny sliede prieks M-LOK, 7 sloti"},"content":{"rendered":"<div class=\"product-description\">\n<h2>Geissele Picatinny sliede M-LOK sist\u0113mai, 7 sloti<\/h2>\n<p>Geissele Picatinny piederumu sliede AR-15 iero\u010diem. \u0160\u012b 7 slotu sliede ir izgatavota no 7075-T6 alum\u012bnija ar anod\u0113tu p\u0101rkl\u0101jumu. Paredz\u0113ta da\u017e\u0101du piederumu piestiprin\u0101\u0161anai. Izstr\u0101d\u0101ta atbilsto\u0161i prec\u012bz\u0101m specifik\u0101cij\u0101m, nodro\u0161inot stabilu platformu M-LOK rokturim.<\/p>\n<\/div>\n","protected":false},"excerpt":{"rendered":"<p>Prec\u012bza 7 slotu Picatinny sliede M-LOK sist\u0113mai. Dro\u0161s AR-15 piederumu stiprin\u0101jums.<\/p>\n","protected":false},"featured_media":59539,"template":"","meta":{"_acf_changed":false},"product_brand":[11383],"product_cat":[13827,13775],"product_tag":[],"class_list":{"0":"post-59538","1":"product","2":"type-product","3":"status-publish","4":"has-post-thumbnail","6":"product_brand-geissele","7":"product_cat-sautene","8":"product_cat-sliedes","10":"first","11":"instock","12":"taxable","13":"shipping-taxable","14":"product-type-variable","15":"wvs-archive-product-wrapper"},"acf":[],"_links":{"self":[{"href":"https:\/\/staging.nbg.eu\/lv\/wp-json\/wp\/v2\/product\/59538","targetHints":{"allow":["GET"]}}],"collection":[{"href":"https:\/\/staging.nbg.eu\/lv\/wp-json\/wp\/v2\/product"}],"about":[{"href":"https:\/\/staging.nbg.eu\/lv\/wp-json\/wp\/v2\/types\/product"}],"wp:featuredmedia":[{"embeddable":true,"href":"https:\/\/staging.nbg.eu\/lv\/wp-json\/wp\/v2\/media\/59539"}],"wp:attachment":[{"href":"https:\/\/staging.nbg.eu\/lv\/wp-json\/wp\/v2\/media?parent=59538"}],"wp:term":[{"taxonomy":"product_brand","embeddable":true,"href":"https:\/\/staging.nbg.eu\/lv\/wp-json\/wp\/v2\/product_brand?post=59538"},{"taxonomy":"product_cat","embeddable":true,"href":"https:\/\/staging.nbg.eu\/lv\/wp-json\/wp\/v2\/product_cat?post=59538"},{"taxonomy":"product_tag","embeddable":true,"href":"https:\/\/staging.nbg.eu\/lv\/wp-json\/wp\/v2\/product_tag?post=59538"}],"curies":[{"name":"wp","href":"https:\/\/api.w.org\/{rel}","templated":true}]}}