{"id":59143,"date":"2024-02-15T11:15:35","date_gmt":"2024-09-13T15:20:22","guid":{"rendered":"https:\/\/staging.nbg.eu\/product\/geissele-rail-panels-black-ddc\/"},"modified":"2024-09-13T15:21:19","modified_gmt":"2024-09-13T15:21:19","slug":"geissele-sliezu-paneli-melnsddc","status":"publish","type":"product","link":"https:\/\/staging.nbg.eu\/lv\/product\/geissele-sliezu-paneli-melnsddc\/","title":{"rendered":"Geissele sliezu paneli (Melns\/DDC)"},"content":{"rendered":"<div class=\"product-description\">\n<h2>Geissele M-Lok slie\u017eu pane\u013ci (Melni\/DDC)<\/h2>\n<p>Geissele M-Lok slie\u017eu pane\u013ci URGI slied\u0113m. Iez\u012bmes:<\/p>\n<ul>\n<li>Tekstur\u0113ta virsma lab\u0101kai satverei<\/li>\n<li>Izgatavoti no polim\u0113ra<\/li>\n<li>Iztur\u012bgi intens\u012bv\u0101 lieto\u0161an\u0101<\/li>\n<li>Nodro\u0161ina siltuma aizsardz\u012bbu<\/li>\n<li>Pieejami meln\u0101 un DDC kr\u0101s\u0101<\/li>\n<\/ul>\n<p>\u0160ie slie\u017eu pane\u013ci uzlabo karab\u012bnes vad\u0101m\u012bbu un aizsarg\u0101 rokas.<\/p>\n<\/div>\n","protected":false},"excerpt":{"rendered":"<p>Iztur\u012bgi, tekstur\u0113ti M-LOK slie\u017eu pane\u013ci uzlabotam satv\u0113rienam un siltuma aizsardz\u012bbai.<\/p>\n","protected":false},"featured_media":59144,"template":"","meta":{"_acf_changed":false},"product_brand":[11383],"product_cat":[13827,13775],"product_tag":[],"class_list":{"0":"post-59143","1":"product","2":"type-product","3":"status-publish","4":"has-post-thumbnail","6":"product_brand-geissele","7":"product_cat-sautene","8":"product_cat-sliedes","10":"first","11":"instock","12":"taxable","13":"shipping-taxable","14":"product-type-variable","15":"wvs-archive-product-wrapper"},"acf":[],"_links":{"self":[{"href":"https:\/\/staging.nbg.eu\/lv\/wp-json\/wp\/v2\/product\/59143","targetHints":{"allow":["GET"]}}],"collection":[{"href":"https:\/\/staging.nbg.eu\/lv\/wp-json\/wp\/v2\/product"}],"about":[{"href":"https:\/\/staging.nbg.eu\/lv\/wp-json\/wp\/v2\/types\/product"}],"wp:featuredmedia":[{"embeddable":true,"href":"https:\/\/staging.nbg.eu\/lv\/wp-json\/wp\/v2\/media\/59144"}],"wp:attachment":[{"href":"https:\/\/staging.nbg.eu\/lv\/wp-json\/wp\/v2\/media?parent=59143"}],"wp:term":[{"taxonomy":"product_brand","embeddable":true,"href":"https:\/\/staging.nbg.eu\/lv\/wp-json\/wp\/v2\/product_brand?post=59143"},{"taxonomy":"product_cat","embeddable":true,"href":"https:\/\/staging.nbg.eu\/lv\/wp-json\/wp\/v2\/product_cat?post=59143"},{"taxonomy":"product_tag","embeddable":true,"href":"https:\/\/staging.nbg.eu\/lv\/wp-json\/wp\/v2\/product_tag?post=59143"}],"curies":[{"name":"wp","href":"https:\/\/api.w.org\/{rel}","templated":true}]}}