{"id":58850,"date":"2024-02-15T19:41:39","date_gmt":"2024-09-13T15:17:30","guid":{"rendered":"https:\/\/staging.nbg.eu\/product\/geissele-super-gas-block-black\/"},"modified":"2024-09-13T15:18:21","modified_gmt":"2024-09-13T15:18:21","slug":"geissele-super-gazas-bloks-melns","status":"publish","type":"product","link":"https:\/\/staging.nbg.eu\/lv\/product\/geissele-super-gazas-bloks-melns\/","title":{"rendered":"Geissele Super gazas bloks &#8211; Melns"},"content":{"rendered":"<div class=\"product-description\">\n<h2>Geissele Super g\u0101zes bloks &#8211; melns<\/h2>\n<p>Geissele Super g\u0101zes bloks ir zema profila komponents, kas izstr\u0101d\u0101ts, lai ietilptu zem liel\u0101k\u0101s da\u013cas br\u012bvi peldo\u0161o roktura aizsargu. Izgatavots no 17-4 nogulsn\u0113\u0161an\u0101s r\u016bd\u012bta ner\u016bs\u0113jo\u0161\u0101 t\u0113rauda, \u0161is g\u0101zes bloks nodro\u0161ina iztur\u012bbu pret koroziju un ilgm\u016b\u017e\u012bbu.<\/p>\n<ul>\n<li>Iztur t\u016bksto\u0161iem \u0161\u0101vienu<\/li>\n<li>Ietver standarta regul\u0113\u0161anas skr\u016bvi un &#8220;Dro\u0161as uzst\u0101d\u012b\u0161anas&#8221; metodes<\/li>\n<li>Spir\u0101les tapa nofiks\u0113 g\u0101zes bloku, nodro\u0161inot stabilit\u0101ti<\/li>\n<li>Ner\u016bs\u0113jo\u0161\u0101 t\u0113rauda tapa nodro\u0161ina prec\u012bzu sal\u0101gojumu ar Geissele CHF stobru<\/li>\n<\/ul>\n<p>Geissele Super g\u0101zes bloks ir izstr\u0101d\u0101ts, lai darbotos uzticami da\u017e\u0101dos ekspluat\u0101cijas apst\u0101k\u013cos.<\/p>\n<\/div>\n","protected":false},"excerpt":{"rendered":"<p>Zema profila, iztur\u012bgs ner\u016bs\u0113jo\u0161\u0101 t\u0113rauda g\u0101zes bloks AR-15 \u0161autuv\u0113m.<\/p>\n","protected":false},"featured_media":58851,"template":"","meta":{"_acf_changed":false},"product_brand":[11383],"product_cat":[13827,13776],"product_tag":[],"class_list":{"0":"post-58850","1":"product","2":"type-product","3":"status-publish","4":"has-post-thumbnail","6":"product_brand-geissele","7":"product_cat-sautene","8":"product_cat-sautenes-uzlabojumi","10":"first","11":"instock","12":"taxable","13":"shipping-taxable","14":"product-type-simple"},"acf":[],"_links":{"self":[{"href":"https:\/\/staging.nbg.eu\/lv\/wp-json\/wp\/v2\/product\/58850","targetHints":{"allow":["GET"]}}],"collection":[{"href":"https:\/\/staging.nbg.eu\/lv\/wp-json\/wp\/v2\/product"}],"about":[{"href":"https:\/\/staging.nbg.eu\/lv\/wp-json\/wp\/v2\/types\/product"}],"wp:featuredmedia":[{"embeddable":true,"href":"https:\/\/staging.nbg.eu\/lv\/wp-json\/wp\/v2\/media\/58851"}],"wp:attachment":[{"href":"https:\/\/staging.nbg.eu\/lv\/wp-json\/wp\/v2\/media?parent=58850"}],"wp:term":[{"taxonomy":"product_brand","embeddable":true,"href":"https:\/\/staging.nbg.eu\/lv\/wp-json\/wp\/v2\/product_brand?post=58850"},{"taxonomy":"product_cat","embeddable":true,"href":"https:\/\/staging.nbg.eu\/lv\/wp-json\/wp\/v2\/product_cat?post=58850"},{"taxonomy":"product_tag","embeddable":true,"href":"https:\/\/staging.nbg.eu\/lv\/wp-json\/wp\/v2\/product_tag?post=58850"}],"curies":[{"name":"wp","href":"https:\/\/api.w.org\/{rel}","templated":true}]}}